{"id":279734,"date":"2025-03-19T17:27:12","date_gmt":"2025-06-23T05:48:51","guid":{"rendered":"https:\/\/www.huntersfriend.eu\/product\/nemo-fillo-campingkissen\/"},"modified":"2025-07-13T05:34:35","modified_gmt":"2025-07-13T03:34:35","slug":"nemo-fillo-campingkissen","status":"publish","type":"product","link":"https:\/\/www.huntersfriend.eu\/de\/produkt\/nemo-fillo-campingkissen\/","title":{"rendered":"NEMO Fillo Campingkissen"},"content":{"rendered":"<p class=\"\" data-start=\"0\" data-end=\"42\"><strong data-start=\"0\" data-end=\"42\">NEMO Fillo \u2013 innovatives Campingkissen<\/strong><\/p>\n<p class=\"\" data-start=\"44\" data-end=\"326\">Das NEMO Fillo ist ein innovatives Campingkissen, welches eine luftgef\u00fcllte Struktur mit einer weichen Schaumstoffschicht kombiniert und somit exzellenten Komfort f\u00fcr Camping, Wandern und Reisen bietet. Sein Design priorisiert sowohl Benutzerfreundlichkeit als auch Kompaktheit, was es zur perfekten Wahl f\u00fcr unterwegs aktive Abenteurer macht. <\/p>\n<p class=\"\" data-start=\"328\" data-end=\"357\"><strong data-start=\"328\" data-end=\"357\">Technische Spezifikationen:<\/strong><\/p>\n<ul data-start=\"358\" data-end=\"690\">\n<li class=\"\" data-start=\"358\" data-end=\"377\">\n<p class=\"\" data-start=\"360\" data-end=\"377\"><strong data-start=\"360\" data-end=\"371\">Gewicht:<\/strong> 260 g<\/p>\n<\/li>\n<li class=\"\" data-start=\"378\" data-end=\"422\">\n<p class=\"\" data-start=\"380\" data-end=\"422\"><strong data-start=\"380\" data-end=\"406\">Abmessungen (aufgeblasen):<\/strong> 43 x 27 x 10 cm<\/p>\n<\/li>\n<li class=\"\" data-start=\"423\" data-end=\"463\">\n<p class=\"\" data-start=\"425\" data-end=\"463\"><strong data-start=\"425\" data-end=\"441\">Packma\u00df:<\/strong> 15 x 10 cm (Durchmesser)<\/p>\n<\/li>\n<li class=\"\" data-start=\"464\" data-end=\"486\">\n<p class=\"\" data-start=\"466\" data-end=\"486\"><strong data-start=\"466\" data-end=\"480\">Dicke:<\/strong> 10 cm<\/p>\n<\/li>\n<li class=\"\" data-start=\"487\" data-end=\"548\">\n<p class=\"\" data-start=\"489\" data-end=\"548\"><strong data-start=\"489\" data-end=\"508\">Bezugsmaterial:<\/strong> 100% Polyester (Mikronaht-Seide oder Strick)<\/p>\n<\/li>\n<li class=\"\" data-start=\"549\" data-end=\"581\">\n<p class=\"\" data-start=\"551\" data-end=\"581\"><strong data-start=\"551\" data-end=\"563\">F\u00fcllung:<\/strong> Luft und weicher Schaumstoff<\/p>\n<\/li>\n<li class=\"\" data-start=\"582\" data-end=\"620\">\n<p class=\"\" data-start=\"584\" data-end=\"620\"><strong data-start=\"584\" data-end=\"597\">Reinigung:<\/strong> Maschinenwaschbarer Bezug<\/p>\n<\/li>\n<li class=\"\" data-start=\"621\" data-end=\"690\">\n<p class=\"\" data-start=\"623\" data-end=\"690\"><strong data-start=\"623\" data-end=\"639\">Aufbewahrungstasche:<\/strong> Integriert, etwa von der Gr\u00f6\u00dfe einer Grapefruit<\/p>\n<\/li>\n<\/ul>\n<p class=\"\" data-start=\"692\" data-end=\"705\"><strong data-start=\"692\" data-end=\"705\">Eigenschaften:<\/strong><\/p>\n<ul data-start=\"706\" data-end=\"1145\">\n<li class=\"\" data-start=\"706\" data-end=\"828\">\n<p class=\"\" data-start=\"708\" data-end=\"828\"><strong data-start=\"708\" data-end=\"720\">Komfort:<\/strong> Die dicke Schaumstoffschicht und die luftgef\u00fcllte Struktur bieten eine weiche, aber st\u00fctzende Basis, \u00e4hnlich einem Heimkissen.<\/p>\n<\/li>\n<li class=\"\" data-start=\"829\" data-end=\"947\">\n<p class=\"\" data-start=\"831\" data-end=\"947\"><strong data-start=\"831\" data-end=\"847\">Kompaktheit:<\/strong> Das Kissen l\u00e4sst sich dank der integrierten Aufbewahrungstasche klein zusammenpacken, was es einfach macht, es \u00fcberallhin mitzunehmen.<\/p>\n<\/li>\n<li class=\"\" data-start=\"948\" data-end=\"1043\">\n<p class=\"\" data-start=\"950\" data-end=\"1043\"><strong data-start=\"950\" data-end=\"966\">Benutzungsfreundlichkeit:<\/strong> Schnelles Aufblasen und Ablassen durch ein ergonomisches Ventil machen es einfach zu benutzen.<\/p>\n<\/li>\n<li class=\"\" data-start=\"1044\" data-end=\"1145\">\n<p class=\"\" data-start=\"1046\" data-end=\"1145\"><strong data-start=\"1046\" data-end=\"1062\">Vielseitigkeit:<\/strong> Perfekt f\u00fcr Camping, Fl\u00fcge, Roadtrips oder sogar als Lendenwirbelst\u00fctze f\u00fcr den t\u00e4glichen Gebrauch.<\/p>\n<\/li>\n<\/ul>\n<p class=\"\" data-start=\"1147\" data-end=\"1420\">Das NEMO Fillo Kissen ist darauf ausgelegt, Luxus und Komfort in jeder Umgebung zu bieten, ohne zu viel Platz einzunehmen oder signifikantes Gewicht zu Ihrer Ausr\u00fcstung hinzuzuf\u00fcgen. Sein weicher, maschinenwaschbarer Bezug und hochwertige Materialien gew\u00e4hrleisten ein komfortables Erlebnis bei jeder Nutzung. <\/p>\n","protected":false},"excerpt":{"rendered":"<p>NEMO Fillo \u2013 innovatives Campingkissen Das NEMO Fillo ist ein innovatives Campingkissen, welches eine luftgef\u00fcllte Struktur mit einer weichen Schaumstoffschicht kombiniert und somit exzellenten Komfort f\u00fcr Camping, Wandern und Reisen bietet. Sein Design priorisiert sowohl Benutzerfreundlichkeit als auch Kompaktheit, was es zur perfekten Wahl f\u00fcr unterwegs aktive Abenteurer macht. Technische Spezifikationen: Gewicht: 260 g Abmessungen [&#8230;]\n","protected":false},"featured_media":277885,"comment_status":"open","ping_status":"closed","template":"","meta":[],"product_brand":[],"product_cat":[2068],"product_tag":[],"class_list":{"0":"post-279734","1":"product","2":"type-product","3":"status-publish","4":"has-post-thumbnail","6":"product_cat-campingliegen-und-matten","8":"first","9":"instock","10":"taxable","11":"shipping-taxable","12":"purchasable","13":"product-type-simple"},"composite_virtual":false,"composite_layout":"","composite_add_to_cart_form_location":"","composite_editable_in_cart":false,"composite_sold_individually_context":"","composite_shop_price_calc":"","composite_components":[],"composite_scenarios":[],"group_of_quantity":0,"min_quantity":0,"max_quantity":"","exclude_order_quantity_value_rules":"no","exclude_category_quantity_rules":"no","combine_variations":"no","exclude_global_add_ons":[],"addons":[],"_links":{"self":[{"href":"https:\/\/www.huntersfriend.eu\/de\/wp-json\/wp\/v2\/product\/279734","targetHints":{"allow":["GET"]}}],"collection":[{"href":"https:\/\/www.huntersfriend.eu\/de\/wp-json\/wp\/v2\/product"}],"about":[{"href":"https:\/\/www.huntersfriend.eu\/de\/wp-json\/wp\/v2\/types\/product"}],"replies":[{"embeddable":true,"href":"https:\/\/www.huntersfriend.eu\/de\/wp-json\/wp\/v2\/comments?post=279734"}],"wp:featuredmedia":[{"embeddable":true,"href":"https:\/\/www.huntersfriend.eu\/de\/wp-json\/wp\/v2\/media\/277885"}],"wp:attachment":[{"href":"https:\/\/www.huntersfriend.eu\/de\/wp-json\/wp\/v2\/media?parent=279734"}],"wp:term":[{"taxonomy":"product_brand","embeddable":true,"href":"https:\/\/www.huntersfriend.eu\/de\/wp-json\/wp\/v2\/product_brand?post=279734"},{"taxonomy":"product_cat","embeddable":true,"href":"https:\/\/www.huntersfriend.eu\/de\/wp-json\/wp\/v2\/product_cat?post=279734"},{"taxonomy":"product_tag","embeddable":true,"href":"https:\/\/www.huntersfriend.eu\/de\/wp-json\/wp\/v2\/product_tag?post=279734"}],"curies":[{"name":"wp","href":"https:\/\/api.w.org\/{rel}","templated":true}]}}