{"id":279733,"date":"2025-03-19T17:27:12","date_gmt":"2025-06-23T05:48:47","guid":{"rendered":"https:\/\/www.huntersfriend.eu\/product\/nemo-vortex-pumpsack\/"},"modified":"2025-06-23T07:48:47","modified_gmt":"2025-06-23T05:48:47","slug":"nemo-vortex-pumpsack","status":"publish","type":"product","link":"https:\/\/www.huntersfriend.eu\/de\/produkt\/nemo-vortex-pumpsack\/","title":{"rendered":"NEMO Vortex Pumpsack"},"content":{"rendered":"<p class=\"\" data-start=\"0\" data-end=\"218\">Der <strong data-start=\"4\" data-end=\"30\">NEMO Vortex\u2122 Pumpsack<\/strong> wurde entwickelt, um das Aufblasen von Isomatten einfacher und schneller zu gestalten und gleichzeitig die Feuchtigkeitsbelastung der Matte zu reduzieren. Mit seiner gro\u00dfen Kapazit\u00e4t k\u00f6nnen Sie eine standardm\u00e4\u00dfige Isomatte in nur 2-3 Pumpvorg\u00e4ngen f\u00fcllen. <\/p>\n<p class=\"\" data-start=\"220\" data-end=\"249\"><strong data-start=\"220\" data-end=\"249\">Technische Spezifikationen:<\/strong><\/p>\n<ul data-start=\"250\" data-end=\"399\">\n<li class=\"\" data-start=\"250\" data-end=\"268\">\n<p class=\"\" data-start=\"252\" data-end=\"268\"><strong data-start=\"252\" data-end=\"263\">Gewicht:<\/strong> 60 g<\/p>\n<\/li>\n<li class=\"\" data-start=\"269\" data-end=\"297\">\n<p class=\"\" data-start=\"271\" data-end=\"297\"><strong data-start=\"271\" data-end=\"286\">Abmessungen:<\/strong> 45 x 76 cm<\/p>\n<\/li>\n<li class=\"\" data-start=\"298\" data-end=\"334\">\n<p class=\"\" data-start=\"300\" data-end=\"334\"><strong data-start=\"300\" data-end=\"316\">Packma\u00df:<\/strong> 19 x 4,5 x 1,5 cm<\/p>\n<\/li>\n<li class=\"\" data-start=\"335\" data-end=\"374\">\n<p class=\"\" data-start=\"337\" data-end=\"374\"><strong data-start=\"337\" data-end=\"350\">Material:<\/strong> 20D PU-beschichtetes Polyester<\/p>\n<\/li>\n<li class=\"\" data-start=\"375\" data-end=\"399\">\n<p class=\"\" data-start=\"377\" data-end=\"399\"><strong data-start=\"377\" data-end=\"387\">Farbe:<\/strong> Zitronengr\u00fcn<\/p>\n<\/li>\n<\/ul>\n<p class=\"\" data-start=\"401\" data-end=\"414\"><strong data-start=\"401\" data-end=\"414\">Eigenschaften:<\/strong><\/p>\n<ul data-start=\"415\" data-end=\"992\">\n<li class=\"\" data-start=\"415\" data-end=\"526\">\n<p class=\"\" data-start=\"417\" data-end=\"526\"><strong data-start=\"417\" data-end=\"436\">Gro\u00dfe Kapazit\u00e4t:<\/strong> F\u00fcllt sich m\u00fchelos mit einem leichten Atemzug und beschleunigt den Aufblasprozess Ihrer Isomatte.<\/p>\n<\/li>\n<li class=\"\" data-start=\"527\" data-end=\"647\">\n<p class=\"\" data-start=\"529\" data-end=\"647\"><strong data-start=\"529\" data-end=\"565\">Verst\u00e4rkte selbstschlie\u00dfende \u00d6ffnung:<\/strong> Rollt sich ein und verschlie\u00dft die Luft im Inneren, was eine schnelle \u00dcbertragung auf die Isomatte erm\u00f6glicht.<\/p>\n<\/li>\n<li class=\"\" data-start=\"648\" data-end=\"750\">\n<p class=\"\" data-start=\"650\" data-end=\"750\"><strong data-start=\"650\" data-end=\"668\">Kompatibilit\u00e4t:<\/strong> Verbindet sich nahtlos mit dem Laylow\u2122 Multi-Ventil f\u00fcr pr\u00e4zises und schnelles Aufblasen.<\/p>\n<\/li>\n<li class=\"\" data-start=\"751\" data-end=\"842\">\n<p class=\"\" data-start=\"753\" data-end=\"842\"><strong data-start=\"753\" data-end=\"774\">Langlebiges Material:<\/strong> Der 20D-Stoff ist mit verschwei\u00dften N\u00e4hten f\u00fcr zus\u00e4tzliche Haltbarkeit laminiert.<\/p>\n<\/li>\n<li class=\"\" data-start=\"843\" data-end=\"939\">\n<p class=\"\" data-start=\"845\" data-end=\"939\"><strong data-start=\"845\" data-end=\"865\">Kompakte Aufbewahrung:<\/strong> L\u00e4sst sich auf die Gr\u00f6\u00dfe eines Sharpie\u00ae-Markers zusammenrollen, was den Transport erleichtert.<\/p>\n<\/li>\n<li class=\"\" data-start=\"940\" data-end=\"992\">\n<p class=\"\" data-start=\"942\" data-end=\"992\"><strong data-start=\"942\" data-end=\"955\">Garantie:<\/strong> Abgedeckt durch NEMOs lebenslange Garantie.<\/p>\n<\/li>\n<\/ul>\n<p class=\"\" data-start=\"994\" data-end=\"1221\">Der <strong data-start=\"998\" data-end=\"1024\">NEMO Vortex\u2122 Pumpsack<\/strong> ist ein ideales Zubeh\u00f6r f\u00fcr Wanderer und Camper, die Geschwindigkeit, Effizienz und Langlebigkeit ihrer Ausr\u00fcstung sch\u00e4tzen. Er macht das Aufblasen von Isomatten m\u00fchelos und hygienisch und verbessert so Ihr Outdoor-Erlebnis. <\/p>\n","protected":false},"excerpt":{"rendered":"<p>Der NEMO Vortex\u2122 Pumpsack wurde entwickelt, um das Aufblasen von Isomatten einfacher und schneller zu gestalten und gleichzeitig die Feuchtigkeitsbelastung der Matte zu reduzieren. Mit seiner gro\u00dfen Kapazit\u00e4t k\u00f6nnen Sie eine standardm\u00e4\u00dfige Isomatte in nur 2-3 Pumpvorg\u00e4ngen f\u00fcllen. Technische Spezifikationen: Gewicht: 60 g Abmessungen: 45 x 76 cm Packma\u00df: 19 x 4,5 x 1,5 cm [&#8230;]\n","protected":false},"featured_media":277700,"comment_status":"open","ping_status":"closed","template":"","meta":[],"product_brand":[],"product_cat":[2068,2050],"product_tag":[],"class_list":{"0":"post-279733","1":"product","2":"type-product","3":"status-publish","4":"has-post-thumbnail","6":"product_cat-campingliegen-und-matten","7":"product_cat-campingzubehor","9":"first","10":"instock","11":"taxable","12":"shipping-taxable","13":"purchasable","14":"product-type-simple"},"composite_virtual":false,"composite_layout":"","composite_add_to_cart_form_location":"","composite_editable_in_cart":false,"composite_sold_individually_context":"","composite_shop_price_calc":"","composite_components":[],"composite_scenarios":[],"group_of_quantity":0,"min_quantity":0,"max_quantity":"","exclude_order_quantity_value_rules":"no","exclude_category_quantity_rules":"no","combine_variations":"no","exclude_global_add_ons":[],"addons":[],"_links":{"self":[{"href":"https:\/\/www.huntersfriend.eu\/de\/wp-json\/wp\/v2\/product\/279733","targetHints":{"allow":["GET"]}}],"collection":[{"href":"https:\/\/www.huntersfriend.eu\/de\/wp-json\/wp\/v2\/product"}],"about":[{"href":"https:\/\/www.huntersfriend.eu\/de\/wp-json\/wp\/v2\/types\/product"}],"replies":[{"embeddable":true,"href":"https:\/\/www.huntersfriend.eu\/de\/wp-json\/wp\/v2\/comments?post=279733"}],"wp:featuredmedia":[{"embeddable":true,"href":"https:\/\/www.huntersfriend.eu\/de\/wp-json\/wp\/v2\/media\/277700"}],"wp:attachment":[{"href":"https:\/\/www.huntersfriend.eu\/de\/wp-json\/wp\/v2\/media?parent=279733"}],"wp:term":[{"taxonomy":"product_brand","embeddable":true,"href":"https:\/\/www.huntersfriend.eu\/de\/wp-json\/wp\/v2\/product_brand?post=279733"},{"taxonomy":"product_cat","embeddable":true,"href":"https:\/\/www.huntersfriend.eu\/de\/wp-json\/wp\/v2\/product_cat?post=279733"},{"taxonomy":"product_tag","embeddable":true,"href":"https:\/\/www.huntersfriend.eu\/de\/wp-json\/wp\/v2\/product_tag?post=279733"}],"curies":[{"name":"wp","href":"https:\/\/api.w.org\/{rel}","templated":true}]}}