{"id":279732,"date":"2025-03-19T17:27:13","date_gmt":"2025-06-23T05:48:43","guid":{"rendered":"https:\/\/www.huntersfriend.eu\/product\/nemo-forte-mens-35-regular-endless-promise\/"},"modified":"2025-06-23T07:48:43","modified_gmt":"2025-06-23T05:48:43","slug":"nemo-forte-mens-35-regular-endless-promise","status":"publish","type":"product","link":"https:\/\/www.huntersfriend.eu\/de\/produkt\/nemo-forte-mens-35-regular-endless-promise\/","title":{"rendered":"NEMO forte mens 35 regular endless Promise"},"content":{"rendered":"<p class=\"\" data-start=\"0\" data-end=\"411\">Der <strong data-start=\"4\" data-end=\"51\">NEMO Forte Men&#8217;s 35 Regular Endless Promise<\/strong> ist ein leichter und komfortabler Drei-Jahreszeiten-Schlafsack, der speziell f\u00fcr M\u00e4nner konzipiert wurde, die auf der Seite schlafen. Seine Spoon\u2122-Form bietet zus\u00e4tzlichen Raum f\u00fcr Schultern und H\u00fcften und erm\u00f6glicht eine entspanntere Schlafposition. Dieses Endless Promise-Modell besteht zu 100% aus recycelten Materialien und ist so konzipiert, dass es langlebig ist und gleichzeitig die Umweltauswirkungen minimiert.  <\/p>\n<p class=\"\" data-start=\"413\" data-end=\"442\"><strong data-start=\"413\" data-end=\"442\">Technische Spezifikationen:<\/strong><\/p>\n<ul data-start=\"443\" data-end=\"1199\">\n<li class=\"\" data-start=\"443\" data-end=\"487\">\n<p class=\"\" data-start=\"445\" data-end=\"487\"><strong data-start=\"445\" data-end=\"468\">Temperaturbereich:<\/strong> Komfort 35\u00b0F (2\u00b0C)<\/p>\n<\/li>\n<li class=\"\" data-start=\"488\" data-end=\"587\">\n<p class=\"\" data-start=\"490\" data-end=\"587\"><strong data-start=\"490\" data-end=\"505\">Isolierung:<\/strong> PrimaLoft\u00ae RISE Synthetikisolierung, leicht und effektiv bei feuchten Bedingungen<\/p>\n<\/li>\n<li class=\"\" data-start=\"588\" data-end=\"663\">\n<p class=\"\" data-start=\"590\" data-end=\"663\"><strong data-start=\"590\" data-end=\"609\">Au\u00dfenmaterial:<\/strong> 100% recyceltes Ripstop-Nylon, langlebig und umweltfreundlich<\/p>\n<\/li>\n<li class=\"\" data-start=\"664\" data-end=\"724\">\n<p class=\"\" data-start=\"666\" data-end=\"724\"><strong data-start=\"666\" data-end=\"685\">Innenmaterial:<\/strong> Weicher und atmungsaktiver recycelter Polyester<\/p>\n<\/li>\n<li class=\"\" data-start=\"725\" data-end=\"759\">\n<p class=\"\" data-start=\"727\" data-end=\"759\"><strong data-start=\"727\" data-end=\"738\">Gewicht:<\/strong> Etwa 1,1 kg<\/p>\n<\/li>\n<li class=\"\" data-start=\"760\" data-end=\"806\">\n<p class=\"\" data-start=\"762\" data-end=\"806\"><strong data-start=\"762\" data-end=\"777\">Abmessungen:<\/strong> Geeignet f\u00fcr Benutzer bis zu 183 cm K\u00f6rpergr\u00f6\u00dfe<\/p>\n<\/li>\n<li class=\"\" data-start=\"807\" data-end=\"850\">\n<p class=\"\" data-start=\"809\" data-end=\"850\"><strong data-start=\"809\" data-end=\"825\">Packma\u00df:<\/strong> Kompakt und leicht zu verpacken<\/p>\n<\/li>\n<li class=\"\" data-start=\"851\" data-end=\"946\">\n<p class=\"\" data-start=\"853\" data-end=\"946\"><strong data-start=\"853\" data-end=\"864\">Rei\u00dfverschluss:<\/strong> Zweiweg-Rei\u00dfverschluss mit Thermo Gills\u2122-Bel\u00fcftungskan\u00e4len zur Temperaturregulierung<\/p>\n<\/li>\n<li class=\"\" data-start=\"947\" data-end=\"1042\">\n<p class=\"\" data-start=\"949\" data-end=\"1042\"><strong data-start=\"949\" data-end=\"961\">Komfort:<\/strong> Integrierte Kopfkissenfach und breitere Konstruktion f\u00fcr ein nat\u00fcrlicheres Schlaferlebnis<\/p>\n<\/li>\n<li class=\"\" data-start=\"1043\" data-end=\"1199\">\n<p class=\"\" data-start=\"1045\" data-end=\"1199\"><strong data-start=\"1045\" data-end=\"1078\">Umweltverantwortung:<\/strong> Endless Promise-zertifiziertes Kreislaufwirtschaftsprodukt, entwickelt f\u00fcr Langlebigkeit und Recyclingf\u00e4higkeit am Ende seines Lebenszyklus<\/p>\n<\/li>\n<\/ul>\n<p class=\"\" data-start=\"1201\" data-end=\"1344\">Der <strong data-start=\"1205\" data-end=\"1252\">NEMO Forte Men&#8217;s 35 Regular Endless Promise<\/strong> ist die perfekte Wahl f\u00fcr Wanderer, die Wert auf leichtes Gep\u00e4ck, Komfort und Nachhaltigkeit legen.<\/p>\n","protected":false},"excerpt":{"rendered":"<p>Der NEMO Forte Men&#8217;s 35 Regular Endless Promise ist ein leichter und komfortabler Drei-Jahreszeiten-Schlafsack, der speziell f\u00fcr M\u00e4nner konzipiert wurde, die auf der Seite schlafen. Seine Spoon\u2122-Form bietet zus\u00e4tzlichen Raum f\u00fcr Schultern und H\u00fcften und erm\u00f6glicht eine entspanntere Schlafposition. Dieses Endless Promise-Modell besteht zu 100% aus recycelten Materialien und ist so konzipiert, dass es langlebig [&#8230;]\n","protected":false},"featured_media":277738,"comment_status":"open","ping_status":"closed","template":"","meta":[],"product_brand":[],"product_cat":[2049],"product_tag":[],"class_list":{"0":"post-279732","1":"product","2":"type-product","3":"status-publish","4":"has-post-thumbnail","6":"product_cat-schlafsacke","8":"first","9":"instock","10":"taxable","11":"shipping-taxable","12":"purchasable","13":"product-type-simple"},"composite_virtual":false,"composite_layout":"","composite_add_to_cart_form_location":"","composite_editable_in_cart":false,"composite_sold_individually_context":"","composite_shop_price_calc":"","composite_components":[],"composite_scenarios":[],"group_of_quantity":0,"min_quantity":0,"max_quantity":"","exclude_order_quantity_value_rules":"no","exclude_category_quantity_rules":"no","combine_variations":"no","exclude_global_add_ons":[],"addons":[],"_links":{"self":[{"href":"https:\/\/www.huntersfriend.eu\/de\/wp-json\/wp\/v2\/product\/279732","targetHints":{"allow":["GET"]}}],"collection":[{"href":"https:\/\/www.huntersfriend.eu\/de\/wp-json\/wp\/v2\/product"}],"about":[{"href":"https:\/\/www.huntersfriend.eu\/de\/wp-json\/wp\/v2\/types\/product"}],"replies":[{"embeddable":true,"href":"https:\/\/www.huntersfriend.eu\/de\/wp-json\/wp\/v2\/comments?post=279732"}],"wp:featuredmedia":[{"embeddable":true,"href":"https:\/\/www.huntersfriend.eu\/de\/wp-json\/wp\/v2\/media\/277738"}],"wp:attachment":[{"href":"https:\/\/www.huntersfriend.eu\/de\/wp-json\/wp\/v2\/media?parent=279732"}],"wp:term":[{"taxonomy":"product_brand","embeddable":true,"href":"https:\/\/www.huntersfriend.eu\/de\/wp-json\/wp\/v2\/product_brand?post=279732"},{"taxonomy":"product_cat","embeddable":true,"href":"https:\/\/www.huntersfriend.eu\/de\/wp-json\/wp\/v2\/product_cat?post=279732"},{"taxonomy":"product_tag","embeddable":true,"href":"https:\/\/www.huntersfriend.eu\/de\/wp-json\/wp\/v2\/product_tag?post=279732"}],"curies":[{"name":"wp","href":"https:\/\/api.w.org\/{rel}","templated":true}]}}