{"id":279716,"date":"2018-11-19T14:19:00","date_gmt":"2025-06-19T06:48:10","guid":{"rendered":"https:\/\/www.huntersfriend.eu\/product\/truglo-carbon-xs-extreme-visier\/"},"modified":"2025-06-19T08:48:10","modified_gmt":"2025-06-19T06:48:10","slug":"truglo-carbon-xs-extreme-visier","status":"publish","type":"product","link":"https:\/\/www.huntersfriend.eu\/de\/produkt\/truglo-carbon-xs-extreme-visier\/","title":{"rendered":"TruGlo Carbon XS Extreme Visier"},"content":{"rendered":"<p>CARBON XS Xtreme ist die n\u00e4chste Generation eines Bogensichtger\u00e4ts aus Karbonverbundwerkstoff f\u00fcr jeden ambitionierten Bogenj\u00e4ger. Es verf\u00fcgt \u00fcber mehr von Sch\u00fctzen vorgeschlagene Funktionen als je zuvor, einschlie\u00dflich einer l\u00e4ngeren Montageschiene, erweiterter Seiten- und H\u00f6henverstellungen, einer gr\u00f6\u00dferen Blende und <b>PRO\u2022BRITE\u2122 Pin-Technologie<\/b> f\u00fcr noch hellere Pins. Mit einer Vielzahl von Funktionen ist CARBON XS\u2122 Xtreme das \u201ebevorzugte\u201c Visier f\u00fcr jeden Bogenj\u00e4ger, unabh\u00e4ngig vom Fertigkeitsniveau.  <\/p>\n<ul>\n<li>Ultraleichte Karbonverbundkonstruktion<\/li>\n<p>\u2013 wiegt weniger als 119 Gramm<\/p>\n<li>Einzigartiges PRO\u2022BRITE\u2122 Pin-Design f\u00fcr erh\u00f6hte Haltbarkeit und Helligkeit<\/li>\n<li>TRU\u2022FLO\u2122 Faserdesign<\/li>\n<li>Extralange Fasern f\u00fcr maximale Helligkeit<\/li>\n<li>Reversible Halterung f\u00fcr gr\u00f6\u00dfere vertikale Einstellm\u00f6glichkeiten<\/li>\n<li>Anpassbar f\u00fcr Links- und Rechtsh\u00e4nder<\/li>\n<li>Im Dunkeln leuchtender Sch\u00fctzenring, der mit dem \u00e4u\u00dferen Blendenring zur verbesserten Peep-Ausrichtung abgestimmt ist<\/li>\n<li>TRU\u2022TOUCH\u2122 Soft-Feel Technische Beschichtung<\/li>\n<\/ul>\n","protected":false},"excerpt":{"rendered":"<p>5-Pin 0,029, Tarnfarbe<\/p>\n","protected":false},"featured_media":210436,"comment_status":"open","ping_status":"closed","template":"","meta":[],"product_brand":[],"product_cat":[1119],"product_tag":[],"class_list":{"0":"post-279716","1":"product","2":"type-product","3":"status-publish","4":"has-post-thumbnail","6":"product_cat-jagd-visiere","8":"first","9":"instock","10":"taxable","11":"shipping-taxable","12":"purchasable","13":"product-type-simple"},"composite_virtual":false,"composite_layout":"","composite_add_to_cart_form_location":"","composite_editable_in_cart":false,"composite_sold_individually_context":"","composite_shop_price_calc":"","composite_components":[],"composite_scenarios":[],"group_of_quantity":0,"min_quantity":0,"max_quantity":"","exclude_order_quantity_value_rules":"no","exclude_category_quantity_rules":"no","combine_variations":"no","exclude_global_add_ons":[],"addons":[],"_links":{"self":[{"href":"https:\/\/www.huntersfriend.eu\/de\/wp-json\/wp\/v2\/product\/279716","targetHints":{"allow":["GET"]}}],"collection":[{"href":"https:\/\/www.huntersfriend.eu\/de\/wp-json\/wp\/v2\/product"}],"about":[{"href":"https:\/\/www.huntersfriend.eu\/de\/wp-json\/wp\/v2\/types\/product"}],"replies":[{"embeddable":true,"href":"https:\/\/www.huntersfriend.eu\/de\/wp-json\/wp\/v2\/comments?post=279716"}],"wp:featuredmedia":[{"embeddable":true,"href":"https:\/\/www.huntersfriend.eu\/de\/wp-json\/wp\/v2\/media\/210436"}],"wp:attachment":[{"href":"https:\/\/www.huntersfriend.eu\/de\/wp-json\/wp\/v2\/media?parent=279716"}],"wp:term":[{"taxonomy":"product_brand","embeddable":true,"href":"https:\/\/www.huntersfriend.eu\/de\/wp-json\/wp\/v2\/product_brand?post=279716"},{"taxonomy":"product_cat","embeddable":true,"href":"https:\/\/www.huntersfriend.eu\/de\/wp-json\/wp\/v2\/product_cat?post=279716"},{"taxonomy":"product_tag","embeddable":true,"href":"https:\/\/www.huntersfriend.eu\/de\/wp-json\/wp\/v2\/product_tag?post=279716"}],"curies":[{"name":"wp","href":"https:\/\/api.w.org\/{rel}","templated":true}]}}