{"id":279715,"date":"2025-03-20T10:22:13","date_gmt":"2025-06-19T06:38:18","guid":{"rendered":"https:\/\/www.huntersfriend.eu\/product\/shootnc-305-cm-weiss-schwarz-x-zielscheibe\/"},"modified":"2025-09-17T13:10:55","modified_gmt":"2025-09-17T11:10:55","slug":"shootnc-305-cm-weiss-schwarz-x-zielscheibe","status":"publish","type":"product","link":"https:\/\/www.huntersfriend.eu\/de\/produkt\/shootnc-305-cm-weiss-schwarz-x-zielscheibe\/","title":{"rendered":"Shoot\u2022n\u2022c\u00ae 30,5 cm Wei\u00df\/Schwarz x Zielscheibe"},"content":{"rendered":"<p class=\"O0\">Erleben Sie das gleiche Shoot\u2022N\u2022C\u00ae-Erlebnis in Wei\u00df und Schwarz. Der Kontrast von Wei\u00df auf Schwarz ergibt eine hervorragende Zielscheibe f\u00fcr den Innenbereich. Der schwarze \u201eLichthof\u201c ist aus vielen Entfernungen leicht erkennbar. Sowohl im Innen- als auch im Au\u00dfenbereich erleichtern die Farben Wei\u00df auf Schwarz das Erkennen Ihres Fadenkreuzes und offener Visierungen erheblich. Die zus\u00e4tzlichen Markierungen auf den 30,5 cm gro\u00dfen Zielscheiben bieten hervorragende Referenzpunkte f\u00fcr das Fadenkreuz. Zudem enth\u00e4lt jede Zielscheibe zus\u00e4tzliche Reparaturaufkleber, um die Lebensdauer Ihrer Zielscheibe durch Reparatur von Einschussl\u00f6chern zu verl\u00e4ngern oder als zus\u00e4tzliche Zielpunkte zu dienen. Ideal f\u00fcr alle Schusswaffen und Kaliber.      <\/p>\n<ul>\n<li>Einschussl\u00f6cher werden durch einen schwarzen Ring sichtbar gemacht<\/li>\n<li>Selbstklebende R\u00fcckseite erm\u00f6glicht einfaches Anbringen der Zielscheiben<\/li>\n<li>Hervorragend geeignet f\u00fcr den Innen- oder Au\u00dfenbereich sowie bei schwachen Lichtverh\u00e4ltnissen<\/li>\n<li>Inklusive Reparaturaufkleber zur Verl\u00e4ngerung der Lebensdauer der Zielscheibe<\/li>\n<\/ul>\n","protected":false},"excerpt":{"rendered":"<p>Erleben Sie das gleiche Shoot\u2022N\u2022C\u00ae-Erlebnis in Wei\u00df und Schwarz. Der Kontrast von Wei\u00df auf Schwarz ergibt eine hervorragende Zielscheibe f\u00fcr den Innenbereich. Der schwarze \u201eLichthof\u201c ist aus vielen Entfernungen leicht erkennbar. Sowohl im Innen- als auch im Au\u00dfenbereich erleichtern die Farben Wei\u00df auf Schwarz das Erkennen Ihres Fadenkreuzes und offener Visierungen erheblich. Die zus\u00e4tzlichen Markierungen [&#8230;]\n","protected":false},"featured_media":278242,"comment_status":"open","ping_status":"closed","template":"","meta":[],"product_brand":[],"product_cat":[1425],"product_tag":[],"class_list":{"0":"post-279715","1":"product","2":"type-product","3":"status-publish","4":"has-post-thumbnail","6":"product_cat-ziele","8":"first","9":"instock","10":"taxable","11":"shipping-taxable","12":"purchasable","13":"product-type-simple"},"composite_virtual":false,"composite_layout":"","composite_add_to_cart_form_location":"","composite_editable_in_cart":false,"composite_sold_individually_context":"","composite_shop_price_calc":"","composite_components":[],"composite_scenarios":[],"group_of_quantity":0,"min_quantity":0,"max_quantity":"","exclude_order_quantity_value_rules":"no","exclude_category_quantity_rules":"no","combine_variations":"no","exclude_global_add_ons":[],"addons":[],"_links":{"self":[{"href":"https:\/\/www.huntersfriend.eu\/de\/wp-json\/wp\/v2\/product\/279715","targetHints":{"allow":["GET"]}}],"collection":[{"href":"https:\/\/www.huntersfriend.eu\/de\/wp-json\/wp\/v2\/product"}],"about":[{"href":"https:\/\/www.huntersfriend.eu\/de\/wp-json\/wp\/v2\/types\/product"}],"replies":[{"embeddable":true,"href":"https:\/\/www.huntersfriend.eu\/de\/wp-json\/wp\/v2\/comments?post=279715"}],"wp:featuredmedia":[{"embeddable":true,"href":"https:\/\/www.huntersfriend.eu\/de\/wp-json\/wp\/v2\/media\/278242"}],"wp:attachment":[{"href":"https:\/\/www.huntersfriend.eu\/de\/wp-json\/wp\/v2\/media?parent=279715"}],"wp:term":[{"taxonomy":"product_brand","embeddable":true,"href":"https:\/\/www.huntersfriend.eu\/de\/wp-json\/wp\/v2\/product_brand?post=279715"},{"taxonomy":"product_cat","embeddable":true,"href":"https:\/\/www.huntersfriend.eu\/de\/wp-json\/wp\/v2\/product_cat?post=279715"},{"taxonomy":"product_tag","embeddable":true,"href":"https:\/\/www.huntersfriend.eu\/de\/wp-json\/wp\/v2\/product_tag?post=279715"}],"curies":[{"name":"wp","href":"https:\/\/api.w.org\/{rel}","templated":true}]}}