{"id":279714,"date":"2025-03-20T10:16:42","date_gmt":"2025-06-19T06:38:17","guid":{"rendered":"https:\/\/www.huntersfriend.eu\/product\/boss-buck-5g-hopper-automatischer-nistfutterautomat\/"},"modified":"2025-10-13T14:13:26","modified_gmt":"2025-10-13T12:13:26","slug":"boss-buck-5g-hopper-automatischer-nistfutterautomat","status":"publish","type":"product","link":"https:\/\/www.huntersfriend.eu\/de\/produkt\/boss-buck-5g-hopper-automatischer-nistfutterautomat\/","title":{"rendered":"Boss Buck 5G Hopper automatischer Nistfutterautomat"},"content":{"rendered":"<p class=\"\" data-start=\"0\" data-end=\"75\"><strong data-start=\"0\" data-end=\"75\">Boss Buck 5G Hopper Futterautomat \u2013 Praktische L\u00f6sung f\u00fcr Kleinwildfutterautomaten<\/strong><\/p>\n<p class=\"\" data-start=\"77\" data-end=\"331\">Der <strong data-start=\"81\" data-end=\"111\">Boss Buck 5G Hopper Futterautomat<\/strong> ist eine zweckm\u00e4\u00dfige L\u00f6sung f\u00fcr Kleinwildf\u00fctterer, die Zeit, Aufwand und Kosten einsparen m\u00f6chten. Das Produkt besteht aus einem zusammenklappbaren, mit einem Deckel versehenen Getreidebeh\u00e4lter und einer vielseitigen Verteilungseinheit. Es ist \u00e4u\u00dferst leicht zu transportieren und zu lagern.  <\/p>\n<p class=\"\" data-start=\"333\" data-end=\"547\">Der <strong data-start=\"337\" data-end=\"367\">Boss Buck 5G Hopper Futterautomat<\/strong> verf\u00fcgt \u00fcber ein Fassungsverm\u00f6gen von 18,9 Litern, und die Verteilungseinheit ist einstellbar. Sie k\u00f6nnen das Ger\u00e4t so einstellen, dass es 1 bis 16 Mal t\u00e4glich f\u00fcr jeweils 1 bis 30 Sekunden Futter verteilt. <\/p>\n<p class=\"\" data-start=\"549\" data-end=\"866\">Der Futterautomat wird mit vier AA-Alkalibatterien betrieben (nicht im Lieferumfang enthalten) und kann auch an eine externe 6V-Stromquelle angeschlossen werden. Als Reservestromversorgung eignet sich eine 6V\/4,5Ah-Batterie. <\/p>\n<p class=\"\" data-start=\"868\" data-end=\"881\"><strong data-start=\"868\" data-end=\"881\">Zusammenfassend:<\/strong><\/p>\n<ul data-start=\"882\" data-end=\"1121\" data-is-last-node=\"\" data-is-only-node=\"\">\n<li class=\"\" data-start=\"882\" data-end=\"926\">\n<p class=\"\" data-start=\"884\" data-end=\"926\">Zusammenklappbarer Futterautomat mit Verteilungseinheit.<\/p>\n<\/li>\n<li class=\"\" data-start=\"927\" data-end=\"953\">\n<p class=\"\" data-start=\"929\" data-end=\"953\">Fassungsverm\u00f6gen von 18,9 Litern.<\/p>\n<\/li>\n<li class=\"\" data-start=\"954\" data-end=\"995\">\n<p class=\"\" data-start=\"956\" data-end=\"995\">Programmierbar f\u00fcr 1-16 F\u00fctterungen pro Tag.<\/p>\n<\/li>\n<li class=\"\" data-start=\"996\" data-end=\"1057\">\n<p class=\"\" data-start=\"998\" data-end=\"1057\">Einstellbar zur Futterverteilung f\u00fcr 1-30 Sekunden pro F\u00fctterung.<\/p>\n<\/li>\n<li class=\"\" data-start=\"1058\" data-end=\"1103\">\n<p class=\"\" data-start=\"1060\" data-end=\"1103\">Packungsma\u00dfe: 32,5 cm x 32,1 cm x 21,69 cm.<\/p>\n<\/li>\n<li class=\"\" data-start=\"1104\" data-end=\"1121\">\n<p class=\"\" data-start=\"1106\" data-end=\"1121\">Gewicht: 2,7 kg.<\/p>\n<\/li>\n<\/ul>\n","protected":false},"excerpt":{"rendered":"<p>Boss Buck 5G Hopper Futterautomat \u2013 Praktische L\u00f6sung f\u00fcr Kleinwildfutterautomaten Der Boss Buck 5G Hopper Futterautomat ist eine zweckm\u00e4\u00dfige L\u00f6sung f\u00fcr Kleinwildf\u00fctterer, die Zeit, Aufwand und Kosten einsparen m\u00f6chten. Das Produkt besteht aus einem zusammenklappbaren, mit einem Deckel versehenen Getreidebeh\u00e4lter und einer vielseitigen Verteilungseinheit. Es ist \u00e4u\u00dferst leicht zu transportieren und zu lagern. Der Boss [&#8230;]\n","protected":false},"featured_media":277973,"comment_status":"open","ping_status":"closed","template":"","meta":[],"product_brand":[],"product_cat":[1398,1397],"product_tag":[],"class_list":{"0":"post-279714","1":"product","2":"type-product","3":"status-publish","4":"has-post-thumbnail","6":"product_cat-futterautomaten","7":"product_cat-futterautomaten-zubehor","8":"product_shipping_class-medium-de","10":"first","11":"outofstock","12":"taxable","13":"shipping-taxable","14":"purchasable","15":"product-type-simple"},"composite_virtual":false,"composite_layout":"","composite_add_to_cart_form_location":"","composite_editable_in_cart":false,"composite_sold_individually_context":"","composite_shop_price_calc":"","composite_components":[],"composite_scenarios":[],"group_of_quantity":0,"min_quantity":0,"max_quantity":"","exclude_order_quantity_value_rules":"no","exclude_category_quantity_rules":"no","combine_variations":"no","exclude_global_add_ons":[],"addons":[],"_links":{"self":[{"href":"https:\/\/www.huntersfriend.eu\/de\/wp-json\/wp\/v2\/product\/279714","targetHints":{"allow":["GET"]}}],"collection":[{"href":"https:\/\/www.huntersfriend.eu\/de\/wp-json\/wp\/v2\/product"}],"about":[{"href":"https:\/\/www.huntersfriend.eu\/de\/wp-json\/wp\/v2\/types\/product"}],"replies":[{"embeddable":true,"href":"https:\/\/www.huntersfriend.eu\/de\/wp-json\/wp\/v2\/comments?post=279714"}],"wp:featuredmedia":[{"embeddable":true,"href":"https:\/\/www.huntersfriend.eu\/de\/wp-json\/wp\/v2\/media\/277973"}],"wp:attachment":[{"href":"https:\/\/www.huntersfriend.eu\/de\/wp-json\/wp\/v2\/media?parent=279714"}],"wp:term":[{"taxonomy":"product_brand","embeddable":true,"href":"https:\/\/www.huntersfriend.eu\/de\/wp-json\/wp\/v2\/product_brand?post=279714"},{"taxonomy":"product_cat","embeddable":true,"href":"https:\/\/www.huntersfriend.eu\/de\/wp-json\/wp\/v2\/product_cat?post=279714"},{"taxonomy":"product_tag","embeddable":true,"href":"https:\/\/www.huntersfriend.eu\/de\/wp-json\/wp\/v2\/product_tag?post=279714"}],"curies":[{"name":"wp","href":"https:\/\/api.w.org\/{rel}","templated":true}]}}