{"id":279713,"date":"2025-03-20T10:16:42","date_gmt":"2025-06-19T06:38:16","guid":{"rendered":"https:\/\/www.huntersfriend.eu\/product\/boss-buck-econ-feeder-kit-motor-spreizer\/"},"modified":"2025-09-25T12:34:50","modified_gmt":"2025-09-25T10:34:50","slug":"boss-buck-econ-feeder-kit-motor-spreizer","status":"publish","type":"product","link":"https:\/\/www.huntersfriend.eu\/de\/produkt\/boss-buck-econ-feeder-kit-motor-spreizer\/","title":{"rendered":"Boss Buck Econ Feeder Kit Motor &amp; Spreizer"},"content":{"rendered":"<p class=\"\" data-start=\"0\" data-end=\"66\"><strong data-start=\"0\" data-end=\"66\">Boss Buck Econ Feeder Spreizer \u2013 ideal f\u00fcr kleine F\u00fctterungsbereiche<\/strong><\/p>\n<p class=\"\" data-start=\"68\" data-end=\"315\">Der <strong data-start=\"72\" data-end=\"106\">Boss Buck Econ Feeder Spreizer<\/strong> ist f\u00fcr kleine F\u00fctterungsbereiche konzipiert, wie beispielsweise f\u00fcr Wildgefl\u00fcgel oder kleine S\u00e4ugetiere wie Kaninchen. Dieser Spreizer spart Zeit, Aufwand und Kosten, indem er die richtige Menge Futter zum richtigen Zeitpunkt f\u00fcr die Tiere ausbringt. <\/p>\n<p class=\"\" data-start=\"317\" data-end=\"556\">Der <strong data-start=\"321\" data-end=\"355\">Boss Buck Econ Feeder Spreizer<\/strong> l\u00e4sst sich mittels des mitgelieferten Montagematerials an jedem Beh\u00e4lter mit Deckel befestigen. Es muss ein Loch in den Beh\u00e4lter gebohrt werden, um den Getreidetrichter des Ger\u00e4ts aufzunehmen, wodurch das Futter zum Spreizer flie\u00dfen kann. <\/p>\n<p class=\"\" data-start=\"558\" data-end=\"749\">Der <strong data-start=\"562\" data-end=\"596\">Boss Buck Econ Feeder Spreizer<\/strong> kann so programmiert werden, dass er 1-4 Mal t\u00e4glich f\u00fcr jeweils 1-30 Sekunden Futter verteilt. Das Futter wird in einem 360-Grad-Bereich um den Spreizer herum ausgebracht. <\/p>\n<p class=\"\" data-start=\"751\" data-end=\"1066\">Der Futterautomat wird mit vier AA-Alkalibatterien betrieben (nicht im Lieferumfang enthalten) und kann auch an eine externe 6V-Stromquelle angeschlossen werden (separat erh\u00e4ltlich). Die Verbindung erfolgt mittels eines Wildgame 6V-Kabels, und es besteht zudem die M\u00f6glichkeit, ihn an ein Wildgame 6V Edrenaline Solarpanel anzuschlie\u00dfen. Eine 6V\/4,5Ah-Batterie kann als Backup-Stromquelle verwendet werden.  <\/p>\n<p class=\"\" data-start=\"1068\" data-end=\"1081\"><strong data-start=\"1068\" data-end=\"1081\">Zusammenfassend:<\/strong><\/p>\n<ul data-start=\"1082\" data-end=\"1259\" data-is-last-node=\"\" data-is-only-node=\"\">\n<li class=\"\" data-start=\"1082\" data-end=\"1129\">\n<p class=\"\" data-start=\"1084\" data-end=\"1129\">Programmierbare Futterverteilung 1-4 Mal t\u00e4glich.<\/p>\n<\/li>\n<li class=\"\" data-start=\"1130\" data-end=\"1177\">\n<p class=\"\" data-start=\"1132\" data-end=\"1177\">Einstellbare Verteilungszeit von 1-30 Sekunden.<\/p>\n<\/li>\n<li class=\"\" data-start=\"1178\" data-end=\"1223\">\n<p class=\"\" data-start=\"1180\" data-end=\"1223\">360-Grad-Futterausbreitung um den Spreizer herum.<\/p>\n<\/li>\n<li class=\"\" data-start=\"1224\" data-end=\"1238\">\n<p class=\"\" data-start=\"1226\" data-end=\"1238\">Schwarze Farbgebung.<\/p>\n<\/li>\n<li class=\"\" data-start=\"1239\" data-end=\"1259\">\n<p class=\"\" data-start=\"1241\" data-end=\"1259\">Gewicht: 590 Gramm.<\/p>\n<\/li>\n<\/ul>\n","protected":false},"excerpt":{"rendered":"<p>Boss Buck Econ Feeder Spreizer \u2013 ideal f\u00fcr kleine F\u00fctterungsbereiche Der Boss Buck Econ Feeder Spreizer ist f\u00fcr kleine F\u00fctterungsbereiche konzipiert, wie beispielsweise f\u00fcr Wildgefl\u00fcgel oder kleine S\u00e4ugetiere wie Kaninchen. Dieser Spreizer spart Zeit, Aufwand und Kosten, indem er die richtige Menge Futter zum richtigen Zeitpunkt f\u00fcr die Tiere ausbringt. Der Boss Buck Econ Feeder [&#8230;]\n","protected":false},"featured_media":277979,"comment_status":"open","ping_status":"closed","template":"","meta":[],"product_brand":[],"product_cat":[1398,1397],"product_tag":[],"class_list":{"0":"post-279713","1":"product","2":"type-product","3":"status-publish","4":"has-post-thumbnail","6":"product_cat-futterautomaten","7":"product_cat-futterautomaten-zubehor","9":"first","10":"outofstock","11":"taxable","12":"shipping-taxable","13":"purchasable","14":"product-type-simple"},"composite_virtual":false,"composite_layout":"","composite_add_to_cart_form_location":"","composite_editable_in_cart":false,"composite_sold_individually_context":"","composite_shop_price_calc":"","composite_components":[],"composite_scenarios":[],"group_of_quantity":0,"min_quantity":0,"max_quantity":"","exclude_order_quantity_value_rules":"no","exclude_category_quantity_rules":"no","combine_variations":"no","exclude_global_add_ons":[],"addons":[],"_links":{"self":[{"href":"https:\/\/www.huntersfriend.eu\/de\/wp-json\/wp\/v2\/product\/279713","targetHints":{"allow":["GET"]}}],"collection":[{"href":"https:\/\/www.huntersfriend.eu\/de\/wp-json\/wp\/v2\/product"}],"about":[{"href":"https:\/\/www.huntersfriend.eu\/de\/wp-json\/wp\/v2\/types\/product"}],"replies":[{"embeddable":true,"href":"https:\/\/www.huntersfriend.eu\/de\/wp-json\/wp\/v2\/comments?post=279713"}],"wp:featuredmedia":[{"embeddable":true,"href":"https:\/\/www.huntersfriend.eu\/de\/wp-json\/wp\/v2\/media\/277979"}],"wp:attachment":[{"href":"https:\/\/www.huntersfriend.eu\/de\/wp-json\/wp\/v2\/media?parent=279713"}],"wp:term":[{"taxonomy":"product_brand","embeddable":true,"href":"https:\/\/www.huntersfriend.eu\/de\/wp-json\/wp\/v2\/product_brand?post=279713"},{"taxonomy":"product_cat","embeddable":true,"href":"https:\/\/www.huntersfriend.eu\/de\/wp-json\/wp\/v2\/product_cat?post=279713"},{"taxonomy":"product_tag","embeddable":true,"href":"https:\/\/www.huntersfriend.eu\/de\/wp-json\/wp\/v2\/product_tag?post=279713"}],"curies":[{"name":"wp","href":"https:\/\/api.w.org\/{rel}","templated":true}]}}