{"id":279712,"date":"2025-03-20T10:22:13","date_gmt":"2025-06-19T06:38:07","guid":{"rendered":"https:\/\/www.huntersfriend.eu\/product\/birchwood-casey-echo-schiessauflage\/"},"modified":"2025-08-01T05:28:21","modified_gmt":"2025-08-01T03:28:21","slug":"birchwood-casey-echo-schiessauflage","status":"publish","type":"product","link":"https:\/\/www.huntersfriend.eu\/de\/produkt\/birchwood-casey-echo-schiessauflage\/","title":{"rendered":"Birchwood Casey Echo Schie\u00dfauflage"},"content":{"rendered":"<p class=\"O0\">Die Echo\u2122 Schie\u00dfauflage von Birchwood Casey, langlebig und verstellbar, wurde mit einem robusten Stahlrahmen konstruiert, der Gewehre mit L\u00e4ufen ab einer L\u00e4nge von 19,05 cm aufnehmen kann. Dar\u00fcber hinaus gew\u00e4hrleisten die rutschfeste Gummischaftauflage und die verstellbaren Nivellierf\u00fc\u00dfe eine stabile Aufstellung f\u00fcr konsistente Sch\u00fcsse, auf die man sich stets verlassen kann. Die vordere Auflage bietet 7,62 cm H\u00f6henverstellung, w\u00e4hrend die hintere Auflage 5,08 cm Verstellm\u00f6glichkeit bietet.  <\/p>\n<ul>\n<li>Stahlrahmenkonstruktion<\/li>\n<li>Rutschfeste Gummischaftauflage<\/li>\n<li>Vordere Auflage:<\/li>\n<li>7,62 cm H\u00f6henverstellung<\/li>\n<li>Hintere Auflage:<\/li>\n<li>5,08 cm H\u00f6henverstellung<\/li>\n<li>Verstellbare Nivellierf\u00fc\u00dfe<\/li>\n<li>Geeignet f\u00fcr Gewehre mit L\u00e4ufen ab 19,05 cm L\u00e4nge<\/li>\n<\/ul>\n","protected":false},"excerpt":{"rendered":"<p>Die Echo\u2122 Schie\u00dfauflage von Birchwood Casey, langlebig und verstellbar, wurde mit einem robusten Stahlrahmen konstruiert, der Gewehre mit L\u00e4ufen ab einer L\u00e4nge von 19,05 cm aufnehmen kann. Dar\u00fcber hinaus gew\u00e4hrleisten die rutschfeste Gummischaftauflage und die verstellbaren Nivellierf\u00fc\u00dfe eine stabile Aufstellung f\u00fcr konsistente Sch\u00fcsse, auf die man sich stets verlassen kann. Die vordere Auflage bietet 7,62 [&#8230;]\n","protected":false},"featured_media":278248,"comment_status":"open","ping_status":"closed","template":"","meta":[],"product_brand":[],"product_cat":[1417],"product_tag":[],"class_list":{"0":"post-279712","1":"product","2":"type-product","3":"status-publish","4":"has-post-thumbnail","6":"product_cat-schiesauflagen","7":"product_shipping_class-medium-de","9":"first","10":"outofstock","11":"taxable","12":"shipping-taxable","13":"purchasable","14":"product-type-simple"},"composite_virtual":false,"composite_layout":"","composite_add_to_cart_form_location":"","composite_editable_in_cart":false,"composite_sold_individually_context":"","composite_shop_price_calc":"","composite_components":[],"composite_scenarios":[],"group_of_quantity":0,"min_quantity":0,"max_quantity":"","exclude_order_quantity_value_rules":"no","exclude_category_quantity_rules":"no","combine_variations":"no","exclude_global_add_ons":[],"addons":[],"_links":{"self":[{"href":"https:\/\/www.huntersfriend.eu\/de\/wp-json\/wp\/v2\/product\/279712","targetHints":{"allow":["GET"]}}],"collection":[{"href":"https:\/\/www.huntersfriend.eu\/de\/wp-json\/wp\/v2\/product"}],"about":[{"href":"https:\/\/www.huntersfriend.eu\/de\/wp-json\/wp\/v2\/types\/product"}],"replies":[{"embeddable":true,"href":"https:\/\/www.huntersfriend.eu\/de\/wp-json\/wp\/v2\/comments?post=279712"}],"wp:featuredmedia":[{"embeddable":true,"href":"https:\/\/www.huntersfriend.eu\/de\/wp-json\/wp\/v2\/media\/278248"}],"wp:attachment":[{"href":"https:\/\/www.huntersfriend.eu\/de\/wp-json\/wp\/v2\/media?parent=279712"}],"wp:term":[{"taxonomy":"product_brand","embeddable":true,"href":"https:\/\/www.huntersfriend.eu\/de\/wp-json\/wp\/v2\/product_brand?post=279712"},{"taxonomy":"product_cat","embeddable":true,"href":"https:\/\/www.huntersfriend.eu\/de\/wp-json\/wp\/v2\/product_cat?post=279712"},{"taxonomy":"product_tag","embeddable":true,"href":"https:\/\/www.huntersfriend.eu\/de\/wp-json\/wp\/v2\/product_tag?post=279712"}],"curies":[{"name":"wp","href":"https:\/\/api.w.org\/{rel}","templated":true}]}}