{"id":279660,"date":"2025-04-02T09:23:10","date_gmt":"2025-06-18T10:04:18","guid":{"rendered":"https:\/\/www.huntersfriend.eu\/product\/nemo-astro-isolierte-schlafmatte\/"},"modified":"2025-06-18T12:04:18","modified_gmt":"2025-06-18T10:04:18","slug":"nemo-astro-isolierte-schlafmatte","status":"publish","type":"product","link":"https:\/\/www.huntersfriend.eu\/de\/produkt\/nemo-astro-isolierte-schlafmatte\/","title":{"rendered":"NEMO Astro isolierte Schlafmatte"},"content":{"rendered":"<p class=\"\" data-start=\"0\" data-end=\"71\"><strong data-start=\"0\" data-end=\"71\">NEMO Astro\u2122 isoliert \u2013 Komfort und W\u00e4rme f\u00fcr Drei-Jahreszeiten-Camping<\/strong><\/p>\n<p class=\"\" data-start=\"73\" data-end=\"320\">Die NEMO Astro\u2122 Isolierte ist eine aufblasbare Schlafmatte, die leichtes Design, hervorragende Isolierung und Benutzerkomfort vereint. Ihr Entwurf ber\u00fccksichtigt die Bed\u00fcrfnisse von Campern und bietet eine zuverl\u00e4ssige Plattform f\u00fcr Fr\u00fchlings-, Sommer- und Herbstausfl\u00fcge. <\/p>\n<p class=\"\" data-start=\"322\" data-end=\"361\"><strong data-start=\"322\" data-end=\"361\">Technische Spezifikationen (Regul\u00e4r):<\/strong><\/p>\n<ul data-start=\"362\" data-end=\"601\">\n<li class=\"\" data-start=\"362\" data-end=\"391\">\n<p class=\"\" data-start=\"364\" data-end=\"391\"><strong data-start=\"364\" data-end=\"379\">Abmessungen:<\/strong> 183 x 51 cm<\/p>\n<\/li>\n<li class=\"\" data-start=\"392\" data-end=\"413\">\n<p class=\"\" data-start=\"394\" data-end=\"413\"><strong data-start=\"394\" data-end=\"408\">Dicke:<\/strong> 9 cm<\/p>\n<\/li>\n<li class=\"\" data-start=\"414\" data-end=\"433\">\n<p class=\"\" data-start=\"416\" data-end=\"433\"><strong data-start=\"416\" data-end=\"427\">Gewicht:<\/strong> 690 g<\/p>\n<\/li>\n<li class=\"\" data-start=\"434\" data-end=\"463\">\n<p class=\"\" data-start=\"436\" data-end=\"463\"><strong data-start=\"436\" data-end=\"452\">Packma\u00df:<\/strong> 22 x 11 cm<\/p>\n<\/li>\n<li class=\"\" data-start=\"464\" data-end=\"482\">\n<p class=\"\" data-start=\"466\" data-end=\"482\"><strong data-start=\"466\" data-end=\"478\">R-Wert:<\/strong> 2,6<\/p>\n<\/li>\n<li class=\"\" data-start=\"483\" data-end=\"542\">\n<p class=\"\" data-start=\"485\" data-end=\"542\"><strong data-start=\"485\" data-end=\"498\">Material:<\/strong> 75D recyceltes Polyester, Bluesign\u00ae zertifiziert<\/p>\n<\/li>\n<li class=\"\" data-start=\"543\" data-end=\"601\">\n<p class=\"\" data-start=\"545\" data-end=\"601\"><strong data-start=\"545\" data-end=\"560\">Isolierung:<\/strong> PrimaLoft\u00ae 100% PCR synthetische Isolierung<\/p>\n<\/li>\n<\/ul>\n<p class=\"\" data-start=\"603\" data-end=\"644\"><strong data-start=\"603\" data-end=\"644\">Technische Spezifikationen (Lang Breit):<\/strong><\/p>\n<ul data-start=\"645\" data-end=\"929\">\n<li class=\"\" data-start=\"645\" data-end=\"674\">\n<p class=\"\" data-start=\"647\" data-end=\"674\"><strong data-start=\"647\" data-end=\"662\">Abmessungen:<\/strong> 193 x 64 cm<\/p>\n<\/li>\n<li class=\"\" data-start=\"675\" data-end=\"696\">\n<p class=\"\" data-start=\"677\" data-end=\"696\"><strong data-start=\"677\" data-end=\"691\">Dicke:<\/strong> 9 cm<\/p>\n<\/li>\n<li class=\"\" data-start=\"697\" data-end=\"716\">\n<p class=\"\" data-start=\"699\" data-end=\"716\"><strong data-start=\"699\" data-end=\"710\">Gewicht:<\/strong> 850 g<\/p>\n<\/li>\n<li class=\"\" data-start=\"717\" data-end=\"746\">\n<p class=\"\" data-start=\"719\" data-end=\"746\"><strong data-start=\"719\" data-end=\"735\">Packma\u00df:<\/strong> 22 x 12 cm<\/p>\n<\/li>\n<li class=\"\" data-start=\"747\" data-end=\"809\">\n<p class=\"\" data-start=\"749\" data-end=\"809\"><strong data-start=\"749\" data-end=\"761\">R-Wert:<\/strong> 2,6 (geeignet f\u00fcr Fr\u00fchlings-, Sommer- und Herbsteinsatz)<\/p>\n<\/li>\n<li class=\"\" data-start=\"810\" data-end=\"870\">\n<p class=\"\" data-start=\"812\" data-end=\"870\"><strong data-start=\"812\" data-end=\"825\">Material:<\/strong> 75D recyceltes Polyester (Bluesign\u00ae zertifiziert)<\/p>\n<\/li>\n<li class=\"\" data-start=\"871\" data-end=\"929\">\n<p class=\"\" data-start=\"873\" data-end=\"929\"><strong data-start=\"873\" data-end=\"888\">Isolierung:<\/strong> PrimaLoft\u00ae 100% PCR synthetische Isolierung<\/p>\n<\/li>\n<\/ul>\n<p class=\"\" data-start=\"931\" data-end=\"944\"><strong data-start=\"931\" data-end=\"944\">Merkmale:<\/strong><\/p>\n<ul data-start=\"945\" data-end=\"1629\">\n<li class=\"\" data-start=\"945\" data-end=\"1069\">\n<p class=\"\" data-start=\"947\" data-end=\"1069\"><strong data-start=\"947\" data-end=\"980\">Querschnitts-Luftkan\u00e4le:<\/strong> Bieten eine flache und st\u00fctzende Basis, verhindern Kantenerh\u00f6hung und verbessern den Schlafkomfort.<\/p>\n<\/li>\n<li class=\"\" data-start=\"1070\" data-end=\"1221\">\n<p class=\"\" data-start=\"1072\" data-end=\"1221\"><strong data-start=\"1072\" data-end=\"1107\">Pillow Baffle\u2122 \u2013 Kopfkissenfach:<\/strong> Das erh\u00f6hte Ende verhindert das Verrutschen des Kopfkissens und hebt den Kopf leicht an, was die Stabilit\u00e4t und den Komfort erh\u00f6ht.<\/p>\n<\/li>\n<li class=\"\" data-start=\"1222\" data-end=\"1375\">\n<p class=\"\" data-start=\"1224\" data-end=\"1375\"><strong data-start=\"1224\" data-end=\"1242\">Laylow\u2122 Ventil:<\/strong> Ein flaches, multifunktionales und mikro-einstellbares Ventil erm\u00f6glicht eine pr\u00e4zise Regulierung des Luftdrucks sowie schnelles Aufblasen und Entl\u00fcften.<\/p>\n<\/li>\n<li class=\"\" data-start=\"1376\" data-end=\"1497\">\n<p class=\"\" data-start=\"1378\" data-end=\"1497\"><strong data-start=\"1378\" data-end=\"1400\">Vortex\u2122 Pumpsack:<\/strong> Der mitgelieferte Pumpsack erm\u00f6glicht schnelles und einfaches Aufblasen und reduziert das Eindringen von Feuchtigkeit in die Matte.<\/p>\n<\/li>\n<li class=\"\" data-start=\"1498\" data-end=\"1629\">\n<p class=\"\" data-start=\"1500\" data-end=\"1629\"><strong data-start=\"1500\" data-end=\"1521\">Haltbares Material:<\/strong> Das 75D recycelte Polyester ist leise, komfortabel und bietet starken Schutz vor Durchstichen und Rissen.<\/p>\n<\/li>\n<\/ul>\n<p class=\"\" data-start=\"1631\" data-end=\"1852\">Die NEMO Astro\u2122 Isolierte Schlafmatte ist darauf ausgelegt, Komfort und W\u00e4rme f\u00fcr den Drei-Jahreszeiten-Einsatz zu bieten. Ihre leichte und kompakte Struktur macht sie zu einer exzellenten Wahl f\u00fcr Camper, die sowohl Komfort als auch Praktikabilit\u00e4t sch\u00e4tzen. <\/p>\n","protected":false},"excerpt":{"rendered":"<p>NEMO Astro\u2122 isoliert \u2013 Komfort und W\u00e4rme f\u00fcr Drei-Jahreszeiten-Camping Die NEMO Astro\u2122 Isolierte ist eine aufblasbare Schlafmatte, die leichtes Design, hervorragende Isolierung und Benutzerkomfort vereint. Ihr Entwurf ber\u00fccksichtigt die Bed\u00fcrfnisse von Campern und bietet eine zuverl\u00e4ssige Plattform f\u00fcr Fr\u00fchlings-, Sommer- und Herbstausfl\u00fcge. Technische Spezifikationen (Regul\u00e4r): Abmessungen: 183 x 51 cm Dicke: 9 cm Gewicht: 690 [&#8230;]\n","protected":false},"featured_media":277823,"comment_status":"open","ping_status":"closed","template":"","meta":[],"product_brand":[],"product_cat":[2068],"product_tag":[],"class_list":{"0":"post-279660","1":"product","2":"type-product","3":"status-publish","4":"has-post-thumbnail","6":"product_cat-campingliegen-und-matten","8":"first","9":"instock","10":"taxable","11":"shipping-taxable","12":"purchasable","13":"product-type-variable"},"composite_virtual":false,"composite_layout":"","composite_add_to_cart_form_location":"","composite_editable_in_cart":false,"composite_sold_individually_context":"","composite_shop_price_calc":"","composite_components":[],"composite_scenarios":[],"group_of_quantity":0,"min_quantity":0,"max_quantity":"","exclude_order_quantity_value_rules":"no","exclude_category_quantity_rules":"no","combine_variations":"no","exclude_global_add_ons":[],"addons":[],"_links":{"self":[{"href":"https:\/\/www.huntersfriend.eu\/de\/wp-json\/wp\/v2\/product\/279660","targetHints":{"allow":["GET"]}}],"collection":[{"href":"https:\/\/www.huntersfriend.eu\/de\/wp-json\/wp\/v2\/product"}],"about":[{"href":"https:\/\/www.huntersfriend.eu\/de\/wp-json\/wp\/v2\/types\/product"}],"replies":[{"embeddable":true,"href":"https:\/\/www.huntersfriend.eu\/de\/wp-json\/wp\/v2\/comments?post=279660"}],"wp:featuredmedia":[{"embeddable":true,"href":"https:\/\/www.huntersfriend.eu\/de\/wp-json\/wp\/v2\/media\/277823"}],"wp:attachment":[{"href":"https:\/\/www.huntersfriend.eu\/de\/wp-json\/wp\/v2\/media?parent=279660"}],"wp:term":[{"taxonomy":"product_brand","embeddable":true,"href":"https:\/\/www.huntersfriend.eu\/de\/wp-json\/wp\/v2\/product_brand?post=279660"},{"taxonomy":"product_cat","embeddable":true,"href":"https:\/\/www.huntersfriend.eu\/de\/wp-json\/wp\/v2\/product_cat?post=279660"},{"taxonomy":"product_tag","embeddable":true,"href":"https:\/\/www.huntersfriend.eu\/de\/wp-json\/wp\/v2\/product_tag?post=279660"}],"curies":[{"name":"wp","href":"https:\/\/api.w.org\/{rel}","templated":true}]}}