{"id":279655,"date":"2025-04-02T09:10:16","date_gmt":"2025-06-18T10:04:08","guid":{"rendered":"https:\/\/www.huntersfriend.eu\/product\/nemo-tensor-isomatte-fuer-extreme-bedingungen\/"},"modified":"2025-08-14T06:59:13","modified_gmt":"2025-08-14T04:59:13","slug":"nemo-tensor-isomatte-fuer-extreme-bedingungen","status":"publish","type":"product","link":"https:\/\/www.huntersfriend.eu\/de\/produkt\/nemo-tensor-isomatte-fuer-extreme-bedingungen\/","title":{"rendered":"NEMO Tensor Isomatte f\u00fcr extreme Bedingungen"},"content":{"rendered":"<p data-start=\"65\" data-end=\"153\"><strong data-start=\"65\" data-end=\"153\">NEMO Tensor\u2122 All-Season \u2013 Ultraleichte und isolierende Isomatte f\u00fcr den ganzj\u00e4hrigen Einsatz \u2013 helle Farbe<\/strong><\/p>\n<p data-start=\"155\" data-end=\"405\">Die NEMO Tensor\u2122 All-Season wurde entwickelt, um au\u00dfergew\u00f6hnlichen Komfort und W\u00e4rme bei allen Wetterbedingungen zu bieten. Ihr leichtes und strapazierf\u00e4higes Design kombiniert fortschrittliche Materialien und Technologien, um einen erholsamen Schlaf auf Wanderungen und Campingausfl\u00fcgen zu gew\u00e4hrleisten. <\/p>\n<p data-start=\"407\" data-end=\"453\"><strong data-start=\"407\" data-end=\"451\">Technische Daten (Regular Wide):<\/strong><\/p>\n<ul data-start=\"454\" data-end=\"683\">\n<li data-start=\"454\" data-end=\"481\">\n<p data-start=\"456\" data-end=\"481\">Abmessungen: 183 x 64 cm<\/p>\n<\/li>\n<li data-start=\"482\" data-end=\"501\">\n<p data-start=\"484\" data-end=\"501\">Dicke: 9 cm<\/p>\n<\/li>\n<li data-start=\"502\" data-end=\"519\">\n<p data-start=\"504\" data-end=\"519\">Gewicht: 580 g<\/p>\n<\/li>\n<li data-start=\"520\" data-end=\"547\">\n<p data-start=\"522\" data-end=\"547\">Packma\u00df: 11 x 27 cm<\/p>\n<\/li>\n<li data-start=\"548\" data-end=\"594\">\n<p data-start=\"550\" data-end=\"594\">R-Wert: 5,4 (geeignet f\u00fcr den ganzj\u00e4hrigen Einsatz)<\/p>\n<\/li>\n<li data-start=\"595\" data-end=\"653\">\n<p data-start=\"597\" data-end=\"653\">Material: 20D recyceltes Nylon (Oberseite), 40D Nylon (Unterseite)<\/p>\n<\/li>\n<li data-start=\"654\" data-end=\"683\">\n<p data-start=\"656\" data-end=\"683\">Farbe: Blade\/spicy Orange<\/p>\n<\/li>\n<\/ul>\n<p data-start=\"685\" data-end=\"728\"><strong data-start=\"685\" data-end=\"726\">Technische Spezifikationen (Lang Breit):<\/strong><\/p>\n<ul data-start=\"729\" data-end=\"958\">\n<li data-start=\"729\" data-end=\"756\">\n<p data-start=\"731\" data-end=\"756\">Abmessungen: 193 x 64 cm<\/p>\n<\/li>\n<li data-start=\"757\" data-end=\"776\">\n<p data-start=\"759\" data-end=\"776\">Dicke: 9 cm<\/p>\n<\/li>\n<li data-start=\"777\" data-end=\"794\">\n<p data-start=\"779\" data-end=\"794\">Gewicht: 705 g<\/p>\n<\/li>\n<li data-start=\"795\" data-end=\"822\">\n<p data-start=\"797\" data-end=\"822\">Packma\u00df: 11 x 28 cm<\/p>\n<\/li>\n<li data-start=\"823\" data-end=\"869\">\n<p data-start=\"825\" data-end=\"869\">R-Wert: 5,4 (geeignet f\u00fcr den ganzj\u00e4hrigen Einsatz)<\/p>\n<\/li>\n<li data-start=\"870\" data-end=\"928\">\n<p data-start=\"872\" data-end=\"928\">Material: 20D recyceltes Nylon (Oberseite), 40D Nylon (Unterseite)<\/p>\n<\/li>\n<li data-start=\"929\" data-end=\"958\">\n<p data-start=\"931\" data-end=\"958\">Farbe: Blade\/spicy Orange<\/p>\n<\/li>\n<\/ul>\n<p data-start=\"960\" data-end=\"975\"><strong data-start=\"960\" data-end=\"973\">Eigenschaften:<\/strong><\/p>\n<ul data-start=\"976\" data-end=\"1822\">\n<li data-start=\"976\" data-end=\"1116\">\n<p data-start=\"978\" data-end=\"1116\"><strong data-start=\"978\" data-end=\"1009\">Thermal Mirror\u2122 Technologie:<\/strong> Die doppellagige, metallisierte Folie reflektiert die K\u00f6rperw\u00e4rme und bietet so eine hervorragende Isolierung ohne zus\u00e4tzliches Gewicht.<\/p>\n<\/li>\n<li data-start=\"1117\" data-end=\"1262\">\n<p data-start=\"1119\" data-end=\"1262\"><strong data-start=\"1119\" data-end=\"1148\">Spaceframe\u2122 Konstruktion:<\/strong> Die zugarmen und strukturierten St\u00fctzstrukturen gew\u00e4hrleisten eine stabile und gleichm\u00e4\u00dfige Schlaffl\u00e4che ohne \u201efederndes\u201c Gef\u00fchl.<\/p>\n<\/li>\n<li data-start=\"1263\" data-end=\"1403\">\n<p data-start=\"1265\" data-end=\"1403\"><strong data-start=\"1265\" data-end=\"1279\">Ger\u00e4uscharme Nutzung:<\/strong> Die innovative Isolationsstruktur reduziert das knisternde Ger\u00e4usch, das bei herk\u00f6mmlichen aufblasbaren Matten \u00fcblich ist, und sorgt so f\u00fcr einen ruhigen Schlaf.<\/p>\n<\/li>\n<li data-start=\"1404\" data-end=\"1546\">\n<p data-start=\"1406\" data-end=\"1546\"><strong data-start=\"1406\" data-end=\"1428\">Strapazierf\u00e4hige Materialien:<\/strong> Oberseite aus 20D recyceltem Nylon und Unterseite aus 40D Nylon, die einen starken Schutz gegen Durchstiche und Risse bieten.<\/p>\n<\/li>\n<li data-start=\"1547\" data-end=\"1691\">\n<p data-start=\"1549\" data-end=\"1691\"><strong data-start=\"1549\" data-end=\"1567\">Laylow\u2122 Ventil:<\/strong> Das flache, mikro-verstellbare Ventil erm\u00f6glicht eine pr\u00e4zise Steuerung des Luftdrucks sowie ein schnelles Aufblasen und Entleeren.<\/p>\n<\/li>\n<li data-start=\"1692\" data-end=\"1822\">\n<p data-start=\"1694\" data-end=\"1822\"><strong data-start=\"1694\" data-end=\"1716\">Vortex\u2122 Pumpsack:<\/strong> Der mitgelieferte Pumpsack erm\u00f6glicht ein schnelles und m\u00fcheloses Aufblasen und reduziert gleichzeitig das Eindringen von Feuchtigkeit in die Matte.<\/p>\n<\/li>\n<\/ul>\n<p data-start=\"1824\" data-end=\"2038\">Die NEMO Tensor\u2122 All-Season Isomatte vereint geringes Gewicht, Komfort und hervorragende Isolierung und ist somit eine ideale Wahl f\u00fcr Rucksacktouristen und Wanderer, die eine zuverl\u00e4ssige Schlaffl\u00e4che f\u00fcr ganzj\u00e4hrige Abenteuer suchen.<\/p>\n<p data-start=\"0\" data-end=\"90\">\n<p class=\"\" data-start=\"0\" data-end=\"90\"><strong data-start=\"0\" data-end=\"90\">NEMO Tensor\u2122 Extreme Conditions \u2013 Hochleistungs-Isomatte f\u00fcr extreme Bedingungen \u2013 dunkle Farbe<\/strong><\/p>\n<p class=\"\" data-start=\"92\" data-end=\"370\">Die NEMO Tensor\u2122 Extreme Conditions ist eine ultraleichte und hochgradig isolierende Isomatte, die konzipiert wurde, um maximale W\u00e4rme und Komfort in den anspruchsvollsten Umgebungen zu bieten. Ihre innovative Konstruktion und erstklassigen Materialien machen sie zu einer exzellenten Wahl f\u00fcr ganzj\u00e4hriges Camping und Wandern. <\/p>\n<p class=\"\" data-start=\"372\" data-end=\"417\"><strong data-start=\"372\" data-end=\"401\">Technische Spezifikationen:<\/strong> <strong data-start=\"402\" data-end=\"417\">Abmessungen:<\/strong><\/p>\n<ul data-start=\"418\" data-end=\"470\">\n<li class=\"\" data-start=\"418\" data-end=\"445\">\n<p class=\"\" data-start=\"420\" data-end=\"445\">Regular Wide: 183 x 64 cm<\/p>\n<\/li>\n<li class=\"\" data-start=\"446\" data-end=\"470\">\n<p class=\"\" data-start=\"448\" data-end=\"470\">Long Wide: 193 x 64 cm<\/p>\n<\/li>\n<\/ul>\n<p class=\"\" data-start=\"472\" data-end=\"493\"><strong data-start=\"472\" data-end=\"486\">Dicke:<\/strong> 8,9 cm<\/p>\n<p class=\"\" data-start=\"495\" data-end=\"506\"><strong data-start=\"495\" data-end=\"506\">Gewicht:<\/strong><\/p>\n<ul data-start=\"507\" data-end=\"547\">\n<li class=\"\" data-start=\"507\" data-end=\"528\">\n<p class=\"\" data-start=\"509\" data-end=\"528\">Regular Wide: 625 g<\/p>\n<\/li>\n<li class=\"\" data-start=\"529\" data-end=\"547\">\n<p class=\"\" data-start=\"531\" data-end=\"547\">Long Wide: 662 g<\/p>\n<\/li>\n<\/ul>\n<p class=\"\" data-start=\"549\" data-end=\"565\"><strong data-start=\"549\" data-end=\"565\">Packma\u00df:<\/strong><\/p>\n<ul data-start=\"566\" data-end=\"616\">\n<li class=\"\" data-start=\"566\" data-end=\"592\">\n<p class=\"\" data-start=\"568\" data-end=\"592\">Regular Wide: 27 x 11 cm<\/p>\n<\/li>\n<li class=\"\" data-start=\"593\" data-end=\"616\">\n<p class=\"\" data-start=\"595\" data-end=\"616\">Long Wide: 27 x 12 cm<\/p>\n<\/li>\n<\/ul>\n<p class=\"\" data-start=\"618\" data-end=\"673\"><strong data-start=\"618\" data-end=\"630\">R-Wert:<\/strong> 8,5 (geeignet f\u00fcr extreme K\u00e4ltebedingungen)<\/p>\n<p class=\"\" data-start=\"675\" data-end=\"769\"><strong data-start=\"675\" data-end=\"688\">Material:<\/strong> 20D Bluesign\u00ae-zertifiziertes recyceltes Nylon (Oberseite), 40D Nylon (Unterseite)<\/p>\n<p class=\"\" data-start=\"771\" data-end=\"831\"><strong data-start=\"771\" data-end=\"786\">Isolierung:<\/strong> Vier Schichten Thermal Mirror\u2122 Aluminiumfolie<\/p>\n<p class=\"\" data-start=\"833\" data-end=\"846\"><strong data-start=\"833\" data-end=\"846\">Eigenschaften:<\/strong><\/p>\n<ul data-start=\"847\" data-end=\"1718\">\n<li class=\"\" data-start=\"847\" data-end=\"1035\">\n<p class=\"\" data-start=\"849\" data-end=\"1035\"><strong data-start=\"849\" data-end=\"872\">Apex\u2122 Konstruktion:<\/strong> Die innovative Stegstruktur erm\u00f6glicht die gleichm\u00e4\u00dfige Platzierung von vier Schichten Thermal Mirror\u2122 Isolierung, wodurch die W\u00e4rmer\u00fcckhaltung maximiert wird, ohne zus\u00e4tzliches Gewicht hinzuzuf\u00fcgen.<\/p>\n<\/li>\n<li class=\"\" data-start=\"1036\" data-end=\"1143\">\n<p class=\"\" data-start=\"1038\" data-end=\"1143\"><strong data-start=\"1038\" data-end=\"1065\">\u00c4u\u00dferst hoher R-Wert:<\/strong> Der R-Wert von 8,5 gew\u00e4hrleistet eine exzellente Isolierung selbst unter extremen K\u00e4ltebedingungen.<\/p>\n<\/li>\n<li class=\"\" data-start=\"1144\" data-end=\"1276\">\n<p class=\"\" data-start=\"1146\" data-end=\"1276\"><strong data-start=\"1146\" data-end=\"1172\">Leise und komfortabel:<\/strong> Das Design reduziert st\u00f6rendes Rascheln und bietet ein ruhiges Schlaferlebnis ohne unn\u00f6tige Ger\u00e4usche.<\/p>\n<\/li>\n<li class=\"\" data-start=\"1277\" data-end=\"1396\">\n<p class=\"\" data-start=\"1279\" data-end=\"1396\"><strong data-start=\"1279\" data-end=\"1307\">Robustes Bodenmaterial:<\/strong> Das 40D Nylon an der Unterseite erh\u00f6ht die Durchstichfestigkeit und Haltbarkeit auf anspruchsvollen Oberfl\u00e4chen.<\/p>\n<\/li>\n<li class=\"\" data-start=\"1397\" data-end=\"1588\">\n<p class=\"\" data-start=\"1399\" data-end=\"1588\"><strong data-start=\"1399\" data-end=\"1417\">Laylow\u2122 Ventil:<\/strong> Das mikro-justierbare Ventil erm\u00f6glicht eine pr\u00e4zise Regulierung des Luftdrucks sowie schnelles Aufblasen und Ablassen, und funktioniert zuverl\u00e4ssig selbst bei extrem kalten Temperaturen.<\/p>\n<\/li>\n<li class=\"\" data-start=\"1589\" data-end=\"1718\">\n<p class=\"\" data-start=\"1591\" data-end=\"1718\"><strong data-start=\"1591\" data-end=\"1613\">Vortex\u2122 Pump Sack:<\/strong> Der mitgelieferte Pump Sack erm\u00f6glicht schnelles und m\u00fcheloses Aufblasen und verhindert das Eindringen von Feuchtigkeit in die Matte.<\/p>\n<\/li>\n<\/ul>\n<p class=\"\" data-start=\"1720\" data-end=\"1995\">Die NEMO Tensor\u2122 Extreme Conditions Isomatte ist darauf ausgelegt, extreme W\u00e4rme, Komfort und Haltbarkeit f\u00fcr die anspruchsvollsten Abenteurer zu liefern. Ihre leichte Konstruktion und hohe Isolierung machen sie zu einer exzellenten Wahl f\u00fcr den ganzj\u00e4hrigen Einsatz, insbesondere unter kalten Bedingungen. <\/p>\n","protected":false},"excerpt":{"rendered":"<p>NEMO Tensor\u2122 All-Season \u2013 Ultraleichte und isolierende Isomatte f\u00fcr den ganzj\u00e4hrigen Einsatz \u2013 helle Farbe Die NEMO Tensor\u2122 All-Season wurde entwickelt, um au\u00dfergew\u00f6hnlichen Komfort und W\u00e4rme bei allen Wetterbedingungen zu bieten. Ihr leichtes und strapazierf\u00e4higes Design kombiniert fortschrittliche Materialien und Technologien, um einen erholsamen Schlaf auf Wanderungen und Campingausfl\u00fcgen zu gew\u00e4hrleisten. Technische Daten (Regular Wide): [&#8230;]\n","protected":false},"featured_media":277806,"comment_status":"open","ping_status":"closed","template":"","meta":[],"product_brand":[],"product_cat":[2068],"product_tag":[],"class_list":{"0":"post-279655","1":"product","2":"type-product","3":"status-publish","4":"has-post-thumbnail","6":"product_cat-campingliegen-und-matten","8":"first","9":"instock","10":"taxable","11":"shipping-taxable","12":"purchasable","13":"product-type-variable"},"composite_virtual":false,"composite_layout":"","composite_add_to_cart_form_location":"","composite_editable_in_cart":false,"composite_sold_individually_context":"","composite_shop_price_calc":"","composite_components":[],"composite_scenarios":[],"group_of_quantity":0,"min_quantity":0,"max_quantity":"","exclude_order_quantity_value_rules":"no","exclude_category_quantity_rules":"no","combine_variations":"no","exclude_global_add_ons":[],"addons":[],"_links":{"self":[{"href":"https:\/\/www.huntersfriend.eu\/de\/wp-json\/wp\/v2\/product\/279655","targetHints":{"allow":["GET"]}}],"collection":[{"href":"https:\/\/www.huntersfriend.eu\/de\/wp-json\/wp\/v2\/product"}],"about":[{"href":"https:\/\/www.huntersfriend.eu\/de\/wp-json\/wp\/v2\/types\/product"}],"replies":[{"embeddable":true,"href":"https:\/\/www.huntersfriend.eu\/de\/wp-json\/wp\/v2\/comments?post=279655"}],"wp:featuredmedia":[{"embeddable":true,"href":"https:\/\/www.huntersfriend.eu\/de\/wp-json\/wp\/v2\/media\/277806"}],"wp:attachment":[{"href":"https:\/\/www.huntersfriend.eu\/de\/wp-json\/wp\/v2\/media?parent=279655"}],"wp:term":[{"taxonomy":"product_brand","embeddable":true,"href":"https:\/\/www.huntersfriend.eu\/de\/wp-json\/wp\/v2\/product_brand?post=279655"},{"taxonomy":"product_cat","embeddable":true,"href":"https:\/\/www.huntersfriend.eu\/de\/wp-json\/wp\/v2\/product_cat?post=279655"},{"taxonomy":"product_tag","embeddable":true,"href":"https:\/\/www.huntersfriend.eu\/de\/wp-json\/wp\/v2\/product_tag?post=279655"}],"curies":[{"name":"wp","href":"https:\/\/api.w.org\/{rel}","templated":true}]}}