{"id":279651,"date":"2025-03-31T14:14:04","date_gmt":"2025-06-18T10:04:07","guid":{"rendered":"https:\/\/www.huntersfriend.eu\/product\/zeiss-klappdeckel-objektivabdeckungen\/"},"modified":"2025-11-25T17:08:16","modified_gmt":"2025-11-25T15:08:16","slug":"zeiss-klappdeckel-objektivabdeckungen","status":"publish","type":"product","link":"https:\/\/www.huntersfriend.eu\/de\/produkt\/zeiss-klappdeckel-objektivabdeckungen\/","title":{"rendered":"ZEISS Klappdeckel Objektivabdeckungen"},"content":{"rendered":"<div class=\"headline section grid-container grid-container-padded\">\n<header class=\"grid-x grid-padding-x spacing-element small-spacing-none\">\n<div class=\"cell small-12\">\n<h2 class=\"h2\">ZEISS aufklappbare und flach faltbare Objektivabdeckungen<\/h2>\n<\/div>\n<\/header>\n<\/div>\n<div class=\"section text grid-container grid-container-padded\">\n<div class=\"text-wrap grid-x grid-padding-x spacing-element small-spacing-none\">\n<div class=\"cell small-12 text-rte \">\n<p>ZEISS Zielfernrohre bieten J\u00e4gern und Sch\u00fctzen hervorragende optische Qualit\u00e4t. Erstklassige Optik stellt eine kluge Investition dar. Maximieren Sie den Nutzen Ihrer Investition durch die Verwendung der v\u00f6llig neuen &#8218;Aufklappbaren und flach faltbaren Pro-Objektivabdeckungen&#8216; von ZEISS f\u00fcr Ihr Zielfernrohr.  <\/p>\n<\/div>\n<\/div>\n<\/div>\n<div class=\"section text grid-container grid-container-padded\">\n<div class=\"text-wrap grid-x grid-padding-x spacing-element small-spacing-none\">\n<div class=\"cell small-12 text-rte \">\n<p>Bei Verwendung dieser Objektivabdeckungen finden Regen, Schnee, Schmutz, Staub und Schlamm keinen Platz auf Ihren ZEISS-Linsen. Profitieren Sie von der Verwendung von Edelstahlhardware, robuster Nylonkonstruktion, exzellenter OEM-Passform und einer sicheren Installation, die selbst bei extremen Temperaturschwankungen von Hitze zu K\u00e4lte zuverl\u00e4ssig h\u00e4lt. Intelligentere Merkmale wie die \u201eL\u201c-Schl\u00fcssel- und Ersatzbatterie-Aufbewahrungssysteme sowie doppelte Klemmvorrichtungen vermitteln Ihnen ein h\u00f6heres Ma\u00df an Sicherheit.  <\/p>\n<p><strong>Schlie\u00dflich erm\u00f6glicht das aufklappbare und flach faltbare Design, dass Sie stets f\u00fcr den n\u00e4chsten Schuss bereit sind. F\u00fcr mehr Erfolg im Feld bestehen Sie auf den ZEISS \u201eAufklappbaren und flach faltbaren Pro-Objektivabdeckungen\u201c. <\/strong><\/p>\n<p>Eine hochwertige und \u00e4u\u00dferst strapazierf\u00e4hige vordere Objektivabdeckung wird auf das Filtergewinde geschraubt und bietet vollst\u00e4ndigen Schutz unter allen Wetterbedingungen. Die Abdeckung kann in jeder Position angebracht werden und ist sowohl f\u00fcr Rechts- als auch f\u00fcr Linksh\u00e4nder geeignet. Das Sichtfeld wird nicht beeintr\u00e4chtigt, und die Abdeckung ist w\u00e4hrend der Jagd sehr einfach zu bedienen. Erh\u00e4ltlich f\u00fcr Objektivdurchmesser von 24 mm, 50 mm und 56 mm.   <\/p>\n<\/div>\n<\/div>\n<\/div>\n","protected":false},"excerpt":{"rendered":"<p>ZEISS aufklappbare und flach faltbare Objektivabdeckungen ZEISS Zielfernrohre bieten J\u00e4gern und Sch\u00fctzen hervorragende optische Qualit\u00e4t. Erstklassige Optik stellt eine kluge Investition dar. Maximieren Sie den Nutzen Ihrer Investition durch die Verwendung der v\u00f6llig neuen &#8218;Aufklappbaren und flach faltbaren Pro-Objektivabdeckungen&#8216; von ZEISS f\u00fcr Ihr Zielfernrohr. Bei Verwendung dieser Objektivabdeckungen finden Regen, Schnee, Schmutz, Staub und Schlamm [&#8230;]\n","protected":false},"featured_media":278474,"comment_status":"open","ping_status":"closed","template":"","meta":[],"product_brand":[],"product_cat":[1412],"product_tag":[],"class_list":{"0":"post-279651","1":"product","2":"type-product","3":"status-publish","4":"has-post-thumbnail","6":"product_cat-fernglaszubehor","8":"first","9":"instock","10":"taxable","11":"shipping-taxable","12":"purchasable","13":"product-type-variable"},"composite_virtual":false,"composite_layout":"","composite_add_to_cart_form_location":"","composite_editable_in_cart":false,"composite_sold_individually_context":"","composite_shop_price_calc":"","composite_components":[],"composite_scenarios":[],"group_of_quantity":0,"min_quantity":0,"max_quantity":"","exclude_order_quantity_value_rules":"no","exclude_category_quantity_rules":"no","combine_variations":"no","exclude_global_add_ons":[],"addons":[],"_links":{"self":[{"href":"https:\/\/www.huntersfriend.eu\/de\/wp-json\/wp\/v2\/product\/279651","targetHints":{"allow":["GET"]}}],"collection":[{"href":"https:\/\/www.huntersfriend.eu\/de\/wp-json\/wp\/v2\/product"}],"about":[{"href":"https:\/\/www.huntersfriend.eu\/de\/wp-json\/wp\/v2\/types\/product"}],"replies":[{"embeddable":true,"href":"https:\/\/www.huntersfriend.eu\/de\/wp-json\/wp\/v2\/comments?post=279651"}],"wp:featuredmedia":[{"embeddable":true,"href":"https:\/\/www.huntersfriend.eu\/de\/wp-json\/wp\/v2\/media\/278474"}],"wp:attachment":[{"href":"https:\/\/www.huntersfriend.eu\/de\/wp-json\/wp\/v2\/media?parent=279651"}],"wp:term":[{"taxonomy":"product_brand","embeddable":true,"href":"https:\/\/www.huntersfriend.eu\/de\/wp-json\/wp\/v2\/product_brand?post=279651"},{"taxonomy":"product_cat","embeddable":true,"href":"https:\/\/www.huntersfriend.eu\/de\/wp-json\/wp\/v2\/product_cat?post=279651"},{"taxonomy":"product_tag","embeddable":true,"href":"https:\/\/www.huntersfriend.eu\/de\/wp-json\/wp\/v2\/product_tag?post=279651"}],"curies":[{"name":"wp","href":"https:\/\/api.w.org\/{rel}","templated":true}]}}