{"id":279645,"date":"2025-04-04T09:36:50","date_gmt":"2025-06-18T10:03:45","guid":{"rendered":"https:\/\/www.huntersfriend.eu\/product\/pard-leopard-256-waermebildmonokular\/"},"modified":"2025-06-18T12:03:45","modified_gmt":"2025-06-18T10:03:45","slug":"pard-leopard-256-waermebildmonokular","status":"publish","type":"product","link":"https:\/\/www.huntersfriend.eu\/de\/produkt\/pard-leopard-256-waermebildmonokular\/","title":{"rendered":"Pard Leopard 256 W\u00e4rmebildmonokular"},"content":{"rendered":"<section>Das <strong>Leopard W\u00e4rmebildgebungs<\/strong>-Monokular, ausgestattet mit einem wiederaufladbaren 18650-Akku, zeichnet sich durch ein leichtes und kompaktes Design mit einer Aufl\u00f6sung von 480 x 360 Pixeln und einer Pixelgr\u00f6\u00dfe von 12\u00b5m sowie einer un\u00fcbertroffenen Empfindlichkeit von NETD\u226425mk aus. Es bietet die perfekte <strong>W\u00e4rmebildgebungs<\/strong>-Monokularl\u00f6sung f\u00fcr Outdoor-Abenteuer und professionelle Anwendungen. INTELLIGENTE BILDSCHIRMAUFZEICHNUNG &#8211; Leopard 256 \u00fcbertrifft herk\u00f6mmliche Video- und Bildaufnahmen, indem es<br \/>\nStartbildschirm-Symbole neben Fotos und Videos aufzeichnet<br \/>\nund somit eine reichhaltigere Informationserfassung erm\u00f6glicht.<\/p>\n<p class=\"title font-ee\">HEISSZIELVERFOLGUNG &#8211; Die Hei\u00dfzielverfolgung erm\u00f6glicht eine schnelle Erkennung und Verfolgung von Beute, sodass diese niemals aus dem Blickfeld ger\u00e4t.<\/p>\n<p class=\"title font-ee\">BEREITSCHAFTSMODUS &#8211; Ein einmaliges Dr\u00fccken der Einschalttaste erweckt das Ger\u00e4t rasch aus dem Ruhezustand, reduziert den Stromverbrauch und erh\u00f6ht die Jagdeffizienz.<\/p>\n<p class=\"title font-ee\">3 SZENENMODI &#8211; Drei Szenenmodi (Stadt\/Regen\/Wald) bieten hervorragende Anpassungsf\u00e4higkeit in verschiedenen Umgebungen.<\/p>\n<p class=\"title font-ee\">IP67-ZERTIFIZIERUNG &#8211; Gew\u00e4hrleistet zuverl\u00e4ssige Leistung selbst unter extremen Wetterbedingungen.<\/p>\n<p class=\"title font-ee\">WIFI &#8211; Integriertes WLAN erm\u00f6glicht die Verbindung mit einem Smartphone als externen Sucher zum Teilen oder Betrachten.<\/p>\n<p class=\"title font-ee\">FIRMWARE-AKTUALISIERUNG &#8211; Durch Kopieren der neuesten Software auf die integrierte Speicherkarte k\u00f6nnen Benutzer die Firmware m\u00fchelos aktualisieren.<\/p>\n<h6>Sensor<\/h6>\n<div class=\"info\">\n<p>Typ Ungek\u00fchltes VOx (Vanadiumoxid)<br \/>\nAufl\u00f6sung (Pixel) 256*192<br \/>\nPixelgr\u00f6\u00dfe (\u00b5m) 12*12<br \/>\nNETD \u226425mK (0,025\u00b0C)<br \/>\nBildwiederholrate (Hz) 50<br \/>\nErkennungsdistanz (m) 500\/800<\/p>\n<\/div>\n<\/section>\n<section>\n<h6>Optik<\/h6>\n<div class=\"info\">\n<p>Objektivlinse (mm) 11\/16<br \/>\nOptische Vergr\u00f6\u00dferung (x) 2\/2,9<br \/>\nDigitaler Zoom (x) 2\/4\/6\/8<br \/>\nSichtfeld (Horizontal) 15,9\u00b0\/11\u00b0<br \/>\nSichtfeld (Vertikal) 12\u00b0\/8,2\u00b0<br \/>\nSichtfeld (Diagonal) 19,8\u00b0\/13,7\u00b0<br \/>\nAugenpunkt (mm) 20<br \/>\nDioptrienausgleich (D) \u00b15<\/p>\n<\/div>\n<\/section>\n<section>\n<h6>Anzeige<\/h6>\n<div class=\"info\">\n<p>Typ OLED<br \/>\nAufl\u00f6sung (Pixel) 1024*768<br \/>\nSzenenmodus Stadt\/Regen\/Wald<br \/>\nBildmodus WT-HOT\/BK-HOT\/RD-HOT\/IN-HOT\/SKY<\/p>\n<\/div>\n<\/section>\n<section>\n<h6>Foto \/ Video<\/h6>\n<div class=\"info\">\n<p>Fotoaufl\u00f6sung (Pixel) 1024*768<br \/>\nFotoformat .JPG<br \/>\nVideoaufl\u00f6sung (Pixel) 1024*768<br \/>\nVideoformat .MP4<br \/>\nSpeicher Integrierter EMMC (32 GB)<br \/>\nBildverarbeitungs-Engine Pard IREA<\/p>\n<\/div>\n<\/section>\n<section>\n<h6>Hauptfunktionen<\/h6>\n<div class=\"info\">\n<p>PIP Ja<br \/>\nGyroskop Ja<br \/>\nEndlosaufnahme Ja<br \/>\nHei\u00dfzielverfolgung Ja<br \/>\nE-Kompass Ja<br \/>\nVerschluss Mechanischer Verschluss<br \/>\nMikrofon Ja<br \/>\nFirmware-Aktualisierung Ja<\/p>\n<\/div>\n<\/section>\n<section>\n<h6>Anschl\u00fcsse<\/h6>\n<div class=\"info\">\n<p>USB Typ-C Ja<br \/>\nWLAN Ja<br \/>\nUnterst\u00fctzte Apps PardVision2<\/p>\n<\/div>\n<\/section>\n<section>\n<h6>Stromversorgung<\/h6>\n<div class=\"info\">\n<p>Akkutyp Lithium-Ionen 18650*1<br \/>\nAusgangsspannung (V) 3,7<br \/>\nBetriebszeit (h) \u22646<br \/>\nExterne Stromversorgung (V) Typ-C<\/p>\n<\/div>\n<\/section>\n<section>\n<h6>Umgebungseigenschaften<\/h6>\n<div class=\"info\">\n<p>Schutzart IP67<br \/>\nBetriebstemperatur (\u00b0C\/\u00b0F) -30 ~ +55 \/ -22 ~ +131<\/p>\n<\/div>\n<\/section>\n<section>\n<h6>Abmessungen<\/h6>\n<div class=\"info\">\n<p>Produktabmessungen (mit LRF, L * B * H, mm) 172*36*48<br \/>\nNettogewicht\/St\u00fcck (mit Akku, g) 300<\/p>\n<\/div>\n<\/section>\n","protected":false},"excerpt":{"rendered":"<p>W\u00e4hlen Sie zwischen 11 mm oder 16 mm Objektivlinse<\/p>\n","protected":false},"featured_media":278016,"comment_status":"open","ping_status":"closed","template":"","meta":[],"product_brand":[],"product_cat":[1376],"product_tag":[],"class_list":{"0":"post-279645","1":"product","2":"type-product","3":"status-publish","4":"has-post-thumbnail","6":"product_cat-warmebildtechnik","8":"first","9":"instock","10":"taxable","11":"shipping-taxable","12":"purchasable","13":"product-type-variable"},"composite_virtual":false,"composite_layout":"","composite_add_to_cart_form_location":"","composite_editable_in_cart":false,"composite_sold_individually_context":"","composite_shop_price_calc":"","composite_components":[],"composite_scenarios":[],"group_of_quantity":0,"min_quantity":0,"max_quantity":"","exclude_order_quantity_value_rules":"no","exclude_category_quantity_rules":"no","combine_variations":"no","exclude_global_add_ons":[],"addons":[],"_links":{"self":[{"href":"https:\/\/www.huntersfriend.eu\/de\/wp-json\/wp\/v2\/product\/279645","targetHints":{"allow":["GET"]}}],"collection":[{"href":"https:\/\/www.huntersfriend.eu\/de\/wp-json\/wp\/v2\/product"}],"about":[{"href":"https:\/\/www.huntersfriend.eu\/de\/wp-json\/wp\/v2\/types\/product"}],"replies":[{"embeddable":true,"href":"https:\/\/www.huntersfriend.eu\/de\/wp-json\/wp\/v2\/comments?post=279645"}],"wp:featuredmedia":[{"embeddable":true,"href":"https:\/\/www.huntersfriend.eu\/de\/wp-json\/wp\/v2\/media\/278016"}],"wp:attachment":[{"href":"https:\/\/www.huntersfriend.eu\/de\/wp-json\/wp\/v2\/media?parent=279645"}],"wp:term":[{"taxonomy":"product_brand","embeddable":true,"href":"https:\/\/www.huntersfriend.eu\/de\/wp-json\/wp\/v2\/product_brand?post=279645"},{"taxonomy":"product_cat","embeddable":true,"href":"https:\/\/www.huntersfriend.eu\/de\/wp-json\/wp\/v2\/product_cat?post=279645"},{"taxonomy":"product_tag","embeddable":true,"href":"https:\/\/www.huntersfriend.eu\/de\/wp-json\/wp\/v2\/product_tag?post=279645"}],"curies":[{"name":"wp","href":"https:\/\/api.w.org\/{rel}","templated":true}]}}