{"id":279644,"date":"2025-04-01T13:35:51","date_gmt":"2025-04-01T11:35:51","guid":{"rendered":"https:\/\/www.huntersfriend.eu\/product\/endgueltiger-ansatz-lebensechte-schellente-lockvogel\/"},"modified":"2025-08-01T05:28:22","modified_gmt":"2025-08-01T03:28:22","slug":"endgueltiger-ansatz-lebensechte-schellente-lockvogel","status":"publish","type":"product","link":"https:\/\/www.huntersfriend.eu\/de\/produkt\/endgueltiger-ansatz-lebensechte-schellente-lockvogel\/","title":{"rendered":"Endg\u00fcltiger Ansatz lebensechte Schellente-Lockvogel"},"content":{"rendered":"<div class=\" product-block product-block--description \">\n<div class=\"product-description rte\" data-product-description=\"\">\n<p>Entdecken Sie die Final Approach Live Foam Filled Common Goldeneye Floating Decoys, meisterhaft geschnitzt vom zweimaligen Weltmeister im Schnitzen, Wayne Simkin. Diese Lockv\u00f6gel zeichnen sich durch ein leicht \u00fcbergro\u00dfes, schaumgef\u00fclltes Design aus, das perfekt f\u00fcr die Jagd auf Tauchenten geeignet ist. Gefertigt aus strapazierf\u00e4higem Kunststoff mit unglaublich detaillierter Bemalung, imitieren sie das Original mit verbl\u00fcffendem Realismus. Das einteilige Design und der gewichtete Kiel gew\u00e4hrleisten Stabilit\u00e4t auch bei rauem Wasser. Diese Lockv\u00f6gel, die f\u00fcr alle Arten von J\u00e4gern geeignet sind, bieten eine un\u00fcbertroffene Leistung und Haltbarkeit. Heben Sie Ihr Jagderlebnis mit den feinsten Lockv\u00f6geln auf dem Markt auf eine neue Ebene!     <\/p>\n<h2>Funktionen<\/h2>\n<ul>\n<li>\u201eLEBENSECHTE\u201c Federdetails, geschaffen vom zweimaligen Weltmeister im Schnitzen, Wayne Simkin<\/li>\n<li>\u00dcbergro\u00df<\/li>\n<li>Schaumgef\u00fcllt<\/li>\n<li>Robuster Kunststoff<\/li>\n<li>Lebensechte Farbdetails<\/li>\n<li>Einteiliges Design<\/li>\n<li>6er-Pack \u2013 ausschlie\u00dflich Erpel<\/li>\n<\/ul>\n<p><em>Final Approach lebensechte schaumgef\u00fcllte Schellenten-schwimmende Entenlockv\u00f6gel &#8211; 6er-Pack<\/em><\/p>\n<\/div>\n<\/div>\n<div class=\" product-block product-block--sku \">\n<div class=\" product-sku \"><strong>Achtung: Online-Bestellungen sind auf einen Karton pro Bestellung begrenzt. F\u00fcr gr\u00f6\u00dfere Mengen kontaktieren Sie bitte direkt den Kundenservice, um Informationen \u00fcber Lieferkosten zu erhalten. <\/strong><\/div>\n<\/div>\n","protected":false},"excerpt":{"rendered":"<p>Entdecken Sie die Final Approach Live Foam Filled Common Goldeneye Floating Decoys, meisterhaft geschnitzt vom zweimaligen Weltmeister im Schnitzen, Wayne Simkin. Diese Lockv\u00f6gel zeichnen sich durch ein leicht \u00fcbergro\u00dfes, schaumgef\u00fclltes Design aus, das perfekt f\u00fcr die Jagd auf Tauchenten geeignet ist. Gefertigt aus strapazierf\u00e4higem Kunststoff mit unglaublich detaillierter Bemalung, imitieren sie das Original mit verbl\u00fcffendem [&#8230;]\n","protected":false},"featured_media":278149,"comment_status":"open","ping_status":"closed","template":"","meta":[],"product_brand":[],"product_cat":[1368],"product_tag":[],"class_list":{"0":"post-279644","1":"product","2":"type-product","3":"status-publish","4":"has-post-thumbnail","6":"product_cat-enten-lockvogel","7":"product_shipping_class-big-de","9":"first","10":"instock","11":"sale","12":"taxable","13":"shipping-taxable","14":"purchasable","15":"product-type-simple"},"composite_virtual":false,"composite_layout":"","composite_add_to_cart_form_location":"","composite_editable_in_cart":false,"composite_sold_individually_context":"","composite_shop_price_calc":"","composite_components":[],"composite_scenarios":[],"group_of_quantity":0,"min_quantity":0,"max_quantity":"","exclude_order_quantity_value_rules":"no","exclude_category_quantity_rules":"no","combine_variations":"no","exclude_global_add_ons":[],"addons":[],"_links":{"self":[{"href":"https:\/\/www.huntersfriend.eu\/de\/wp-json\/wp\/v2\/product\/279644","targetHints":{"allow":["GET"]}}],"collection":[{"href":"https:\/\/www.huntersfriend.eu\/de\/wp-json\/wp\/v2\/product"}],"about":[{"href":"https:\/\/www.huntersfriend.eu\/de\/wp-json\/wp\/v2\/types\/product"}],"replies":[{"embeddable":true,"href":"https:\/\/www.huntersfriend.eu\/de\/wp-json\/wp\/v2\/comments?post=279644"}],"wp:featuredmedia":[{"embeddable":true,"href":"https:\/\/www.huntersfriend.eu\/de\/wp-json\/wp\/v2\/media\/278149"}],"wp:attachment":[{"href":"https:\/\/www.huntersfriend.eu\/de\/wp-json\/wp\/v2\/media?parent=279644"}],"wp:term":[{"taxonomy":"product_brand","embeddable":true,"href":"https:\/\/www.huntersfriend.eu\/de\/wp-json\/wp\/v2\/product_brand?post=279644"},{"taxonomy":"product_cat","embeddable":true,"href":"https:\/\/www.huntersfriend.eu\/de\/wp-json\/wp\/v2\/product_cat?post=279644"},{"taxonomy":"product_tag","embeddable":true,"href":"https:\/\/www.huntersfriend.eu\/de\/wp-json\/wp\/v2\/product_tag?post=279644"}],"curies":[{"name":"wp","href":"https:\/\/api.w.org\/{rel}","templated":true}]}}