{"id":279643,"date":"2025-03-20T12:52:00","date_gmt":"2025-06-18T10:03:43","guid":{"rendered":"https:\/\/www.huntersfriend.eu\/product\/hs-gambrel-600\/"},"modified":"2025-11-03T20:12:25","modified_gmt":"2025-11-03T18:12:25","slug":"hs-gambrel-600","status":"publish","type":"product","link":"https:\/\/www.huntersfriend.eu\/de\/produkt\/hs-gambrel-600\/","title":{"rendered":"HS gambrel 600"},"content":{"rendered":"<p>Dieser vollst\u00e4ndig aus Stahlstangen gefertigte Gambrel verf\u00fcgt \u00fcber eine Tragf\u00e4higkeit von 600 Pfund (272 kg) und zeichnet sich durch eine 20 Zoll breite Spreizbarre aus, die sowohl leicht als auch benutzerfreundlich ist. Dieses Jagdzubeh\u00f6r eignet sich hervorragend f\u00fcr Wild in der Gr\u00f6\u00dfenordnung von Reh- und Antilopenwild. <\/p>\n","protected":false},"excerpt":{"rendered":"<p>Dieser vollst\u00e4ndig aus Stahlstangen gefertigte Gambrel verf\u00fcgt \u00fcber eine Tragf\u00e4higkeit von 600 Pfund (272 kg) und zeichnet sich durch eine 20 Zoll breite Spreizbarre aus, die sowohl leicht als auch benutzerfreundlich ist. Dieses Jagdzubeh\u00f6r eignet sich hervorragend f\u00fcr Wild in der Gr\u00f6\u00dfenordnung von Reh- und Antilopenwild.<\/p>\n","protected":false},"featured_media":278005,"comment_status":"open","ping_status":"closed","template":"","meta":[],"product_brand":[],"product_cat":[1405,1356],"product_tag":[],"class_list":{"0":"post-279643","1":"product","2":"type-product","3":"status-publish","4":"has-post-thumbnail","6":"product_cat-wildtrager-taschen-und-hebevorrichtungen","7":"product_cat-wildverwertung","9":"first","10":"instock","11":"taxable","12":"shipping-taxable","13":"purchasable","14":"product-type-simple"},"composite_virtual":false,"composite_layout":"","composite_add_to_cart_form_location":"","composite_editable_in_cart":false,"composite_sold_individually_context":"","composite_shop_price_calc":"","composite_components":[],"composite_scenarios":[],"group_of_quantity":0,"min_quantity":0,"max_quantity":"","exclude_order_quantity_value_rules":"no","exclude_category_quantity_rules":"no","combine_variations":"no","exclude_global_add_ons":[],"addons":[],"_links":{"self":[{"href":"https:\/\/www.huntersfriend.eu\/de\/wp-json\/wp\/v2\/product\/279643","targetHints":{"allow":["GET"]}}],"collection":[{"href":"https:\/\/www.huntersfriend.eu\/de\/wp-json\/wp\/v2\/product"}],"about":[{"href":"https:\/\/www.huntersfriend.eu\/de\/wp-json\/wp\/v2\/types\/product"}],"replies":[{"embeddable":true,"href":"https:\/\/www.huntersfriend.eu\/de\/wp-json\/wp\/v2\/comments?post=279643"}],"wp:featuredmedia":[{"embeddable":true,"href":"https:\/\/www.huntersfriend.eu\/de\/wp-json\/wp\/v2\/media\/278005"}],"wp:attachment":[{"href":"https:\/\/www.huntersfriend.eu\/de\/wp-json\/wp\/v2\/media?parent=279643"}],"wp:term":[{"taxonomy":"product_brand","embeddable":true,"href":"https:\/\/www.huntersfriend.eu\/de\/wp-json\/wp\/v2\/product_brand?post=279643"},{"taxonomy":"product_cat","embeddable":true,"href":"https:\/\/www.huntersfriend.eu\/de\/wp-json\/wp\/v2\/product_cat?post=279643"},{"taxonomy":"product_tag","embeddable":true,"href":"https:\/\/www.huntersfriend.eu\/de\/wp-json\/wp\/v2\/product_tag?post=279643"}],"curies":[{"name":"wp","href":"https:\/\/api.w.org\/{rel}","templated":true}]}}