{"id":279642,"date":"2025-04-02T15:04:16","date_gmt":"2025-06-18T10:03:33","guid":{"rendered":"https:\/\/www.huntersfriend.eu\/product\/lucky-xhdi-spinner\/"},"modified":"2025-06-18T12:03:33","modified_gmt":"2025-06-18T10:03:33","slug":"lucky-xhdi-spinner","status":"publish","type":"product","link":"https:\/\/www.huntersfriend.eu\/de\/produkt\/lucky-xhdi-spinner\/","title":{"rendered":"Lucky XHDi Spinner"},"content":{"rendered":"<p>Der Lucky Duck\u00ae XHDi l\u00f6st ein langj\u00e4hriges Problem f\u00fcr Wasserwildj\u00e4ger: Die Fl\u00fcgel stoppen mit der wei\u00dfen Seite nach unten. Keine gl\u00e4nzenden wei\u00dfen Fl\u00fcgel mehr, die anfliegende V\u00f6gel verscheuchen. Sowohl f\u00fcr Enten- als auch f\u00fcr G\u00e4nsej\u00e4ger bietet die ferngesteuerte Fl\u00fcgel-Stopp-Technologie die M\u00f6glichkeit, Ihre Lockvogelaufstellung so nat\u00fcrlich wie m\u00f6glich zu halten, wenn Sie Spinner f\u00fcr Enten ben\u00f6tigen, aber auch die F\u00e4higkeit, sie auszuschalten, wenn G\u00e4nse in der N\u00e4he sind.  <\/p>\n<p>Der XHDi ist ein vollst\u00e4ndig wasserdichter Stockenten-Spinner, der mit einem 7,4-Volt-Lithium-Ionen-Akku betrieben wird und unser neues 3-Kanal-HD-Fernsteuerungskit 2.0 verwendet. Der XHDi geht jedoch \u00fcber neue interne Technologie hinaus; er verf\u00fcgt \u00fcber eine neue realistische EVA-Schnitzerei und ein ebensolches Farbschema. Der XHDi integriert auch eine neue, realistischere Fl\u00fcgelform mit beflockt schwarzen Fl\u00fcgeln f\u00fcr reduzierten Glanz und erh\u00f6hten Kontrast, w\u00e4hrend er weiterhin dasselbe magnetische Fl\u00fcgelverbindungssystem wie Ihr Lucky Junior, HD und HDi verwendet, sodass Sie die Fl\u00fcgel nach Ihren Vorlieben mischen und anpassen k\u00f6nnen. Einige Ausr\u00fcstungsgegenst\u00e4nde sind vergesslich, aber was auch immer Sie tun, vergessen Sie nicht die Lucky&#8217;s.   <\/p>\n","protected":false},"excerpt":{"rendered":"<p>Der Lucky Duck\u00ae XHDi l\u00f6st ein langj\u00e4hriges Problem f\u00fcr Wasserwildj\u00e4ger: Die Fl\u00fcgel stoppen mit der wei\u00dfen Seite nach unten. Keine gl\u00e4nzenden wei\u00dfen Fl\u00fcgel mehr, die anfliegende V\u00f6gel verscheuchen. Sowohl f\u00fcr Enten- als auch f\u00fcr G\u00e4nsej\u00e4ger bietet die ferngesteuerte Fl\u00fcgel-Stopp-Technologie die M\u00f6glichkeit, Ihre Lockvogelaufstellung so nat\u00fcrlich wie m\u00f6glich zu halten, wenn Sie Spinner f\u00fcr Enten ben\u00f6tigen, [&#8230;]\n","protected":false},"featured_media":278076,"comment_status":"open","ping_status":"closed","template":"","meta":[],"product_brand":[],"product_cat":[1395],"product_tag":[],"class_list":{"0":"post-279642","1":"product","2":"type-product","3":"status-publish","4":"has-post-thumbnail","6":"product_cat-lockvogel-mit-bewegung","8":"first","9":"instock","10":"taxable","11":"shipping-taxable","12":"purchasable","13":"product-type-simple"},"composite_virtual":false,"composite_layout":"","composite_add_to_cart_form_location":"","composite_editable_in_cart":false,"composite_sold_individually_context":"","composite_shop_price_calc":"","composite_components":[],"composite_scenarios":[],"group_of_quantity":0,"min_quantity":0,"max_quantity":"","exclude_order_quantity_value_rules":"no","exclude_category_quantity_rules":"no","combine_variations":"no","exclude_global_add_ons":[],"addons":[],"_links":{"self":[{"href":"https:\/\/www.huntersfriend.eu\/de\/wp-json\/wp\/v2\/product\/279642","targetHints":{"allow":["GET"]}}],"collection":[{"href":"https:\/\/www.huntersfriend.eu\/de\/wp-json\/wp\/v2\/product"}],"about":[{"href":"https:\/\/www.huntersfriend.eu\/de\/wp-json\/wp\/v2\/types\/product"}],"replies":[{"embeddable":true,"href":"https:\/\/www.huntersfriend.eu\/de\/wp-json\/wp\/v2\/comments?post=279642"}],"wp:featuredmedia":[{"embeddable":true,"href":"https:\/\/www.huntersfriend.eu\/de\/wp-json\/wp\/v2\/media\/278076"}],"wp:attachment":[{"href":"https:\/\/www.huntersfriend.eu\/de\/wp-json\/wp\/v2\/media?parent=279642"}],"wp:term":[{"taxonomy":"product_brand","embeddable":true,"href":"https:\/\/www.huntersfriend.eu\/de\/wp-json\/wp\/v2\/product_brand?post=279642"},{"taxonomy":"product_cat","embeddable":true,"href":"https:\/\/www.huntersfriend.eu\/de\/wp-json\/wp\/v2\/product_cat?post=279642"},{"taxonomy":"product_tag","embeddable":true,"href":"https:\/\/www.huntersfriend.eu\/de\/wp-json\/wp\/v2\/product_tag?post=279642"}],"curies":[{"name":"wp","href":"https:\/\/api.w.org\/{rel}","templated":true}]}}