{"id":279638,"date":"2025-04-02T13:27:31","date_gmt":"2025-06-18T10:03:32","guid":{"rendered":"https:\/\/www.huntersfriend.eu\/product\/ammopal-12-gauge-schrotpatronen-spender\/"},"modified":"2025-08-26T13:25:08","modified_gmt":"2025-08-26T11:25:08","slug":"ammopal-12-gauge-schrotpatronen-spender","status":"publish","type":"product","link":"https:\/\/www.huntersfriend.eu\/de\/produkt\/ammopal-12-gauge-schrotpatronen-spender\/","title":{"rendered":"AMMOPAL \u2013 12-Gauge-Schrotpatronen-Spender"},"content":{"rendered":"<ul>\n<li>Patentangemeldete Haltefinger sichern Ihre Patronen zuverl\u00e4ssig (sogar kopf\u00fcber) und geben bei Bedarf eine Patrone frei.<\/li>\n<li>Hergestellt aus hochschlagfestem Geon-PVC: UV-best\u00e4ndig, \u00f6lbest\u00e4ndig und flammhemmend, um nahezu allen Belastungen standzuhalten.<\/li>\n<li>Ambidextr\u00f6ses Design erm\u00f6glicht sowohl rechts- als auch linksh\u00e4ndige Bedienung.<\/li>\n<li>Gro\u00dfz\u00fcgiger Daumenbereich gestattet die Bedienung mit Handschuhen.<\/li>\n<li>Langlebige Feder aus demselben Material, das in USGI-Gewehrmagazinen verwendet wird.<\/li>\n<li>Abnehmbare Bodenplatte mit Ablaufschlitz erm\u00f6glicht einfachen Zugang zu Feder und Zubringer f\u00fcr Reinigung und Wartung.<\/li>\n<li>Exklusives, verstellbares Befestigungssystem mit zwei S\u00e4tzen dualer Befestigungsclips (1 lang, 1 kurz), die zusammen oder unabh\u00e4ngig voneinander verwendet werden k\u00f6nnen. Die Clips sind abnehmbar und in \u00fcber einem Dutzend Konfigurationen einstellbar, um nahezu \u00fcberall montiert werden zu k\u00f6nnen. <\/li>\n<li>Erh\u00e4ltlich in FDE und Schwarz<\/li>\n<\/ul>\n","protected":false},"excerpt":{"rendered":"<p>Patentangemeldete Haltefinger sichern Ihre Patronen zuverl\u00e4ssig (sogar kopf\u00fcber) und geben bei Bedarf eine Patrone frei. Hergestellt aus hochschlagfestem Geon-PVC: UV-best\u00e4ndig, \u00f6lbest\u00e4ndig und flammhemmend, um nahezu allen Belastungen standzuhalten. Ambidextr\u00f6ses Design erm\u00f6glicht sowohl rechts- als auch linksh\u00e4ndige Bedienung. Gro\u00dfz\u00fcgiger Daumenbereich gestattet die Bedienung mit Handschuhen. Langlebige Feder aus demselben Material, das in USGI-Gewehrmagazinen verwendet wird. Abnehmbare [&#8230;]\n","protected":false},"featured_media":277966,"comment_status":"open","ping_status":"closed","template":"","meta":[],"product_brand":[],"product_cat":[1422,1416,1359],"product_tag":[],"class_list":{"0":"post-279638","1":"product","2":"type-product","3":"status-publish","4":"has-post-thumbnail","6":"product_cat-munitions-und-versorgungsboxen","7":"product_cat-schieszubehor","8":"product_cat-slings-accessories-de","10":"first","11":"instock","12":"taxable","13":"shipping-taxable","14":"purchasable","15":"product-type-variable"},"composite_virtual":false,"composite_layout":"","composite_add_to_cart_form_location":"","composite_editable_in_cart":false,"composite_sold_individually_context":"","composite_shop_price_calc":"","composite_components":[],"composite_scenarios":[],"group_of_quantity":0,"min_quantity":0,"max_quantity":"","exclude_order_quantity_value_rules":"no","exclude_category_quantity_rules":"no","combine_variations":"no","exclude_global_add_ons":[],"addons":[],"_links":{"self":[{"href":"https:\/\/www.huntersfriend.eu\/de\/wp-json\/wp\/v2\/product\/279638","targetHints":{"allow":["GET"]}}],"collection":[{"href":"https:\/\/www.huntersfriend.eu\/de\/wp-json\/wp\/v2\/product"}],"about":[{"href":"https:\/\/www.huntersfriend.eu\/de\/wp-json\/wp\/v2\/types\/product"}],"replies":[{"embeddable":true,"href":"https:\/\/www.huntersfriend.eu\/de\/wp-json\/wp\/v2\/comments?post=279638"}],"wp:featuredmedia":[{"embeddable":true,"href":"https:\/\/www.huntersfriend.eu\/de\/wp-json\/wp\/v2\/media\/277966"}],"wp:attachment":[{"href":"https:\/\/www.huntersfriend.eu\/de\/wp-json\/wp\/v2\/media?parent=279638"}],"wp:term":[{"taxonomy":"product_brand","embeddable":true,"href":"https:\/\/www.huntersfriend.eu\/de\/wp-json\/wp\/v2\/product_brand?post=279638"},{"taxonomy":"product_cat","embeddable":true,"href":"https:\/\/www.huntersfriend.eu\/de\/wp-json\/wp\/v2\/product_cat?post=279638"},{"taxonomy":"product_tag","embeddable":true,"href":"https:\/\/www.huntersfriend.eu\/de\/wp-json\/wp\/v2\/product_tag?post=279638"}],"curies":[{"name":"wp","href":"https:\/\/api.w.org\/{rel}","templated":true}]}}