{"id":279637,"date":"2025-04-01T16:06:12","date_gmt":"2025-04-01T14:06:12","guid":{"rendered":"https:\/\/www.huntersfriend.eu\/product\/pard-mt3-schnellmontage\/"},"modified":"2026-03-18T22:24:50","modified_gmt":"2026-03-18T20:24:50","slug":"pard-mt3-schnellmontage","status":"publish","type":"product","link":"https:\/\/www.huntersfriend.eu\/de\/produkt\/pard-mt3-schnellmontage\/","title":{"rendered":"Pard MT3 Schnellmontage"},"content":{"rendered":"<p>MT3 ist eine Pard <strong>universelle Schnellwechselmontage<\/strong>, die f\u00fcr verschiedene digitale Nachtsichtger\u00e4te geeignet ist, einschlie\u00dflich, aber nicht beschr\u00e4nkt auf PARDs NV008S, NV008SP und W\u00e4rmebildprodukte wie SA32. Sie bietet Stabilit\u00e4t, Haltbarkeit und Vorteile wie schnelle Installation, Demontage und einfache Bedienung. <\/p>\n","protected":false},"excerpt":{"rendered":"<p>MT3 ist eine Pard universelle Schnellwechselmontage, die f\u00fcr verschiedene digitale Nachtsichtger\u00e4te geeignet ist, einschlie\u00dflich, aber nicht beschr\u00e4nkt auf PARDs NV008S, NV008SP und W\u00e4rmebildprodukte wie SA32. Sie bietet Stabilit\u00e4t, Haltbarkeit und Vorteile wie schnelle Installation, Demontage und einfache Bedienung.<\/p>\n","protected":false},"featured_media":278047,"comment_status":"open","ping_status":"closed","template":"","meta":[],"product_brand":[],"product_cat":[1145],"product_tag":[],"class_list":{"0":"post-279637","1":"product","2":"type-product","3":"status-publish","4":"has-post-thumbnail","6":"product_cat-sonstiges","8":"first","9":"outofstock","10":"taxable","11":"shipping-taxable","12":"purchasable","13":"product-type-simple"},"composite_virtual":false,"composite_layout":"","composite_add_to_cart_form_location":"","composite_editable_in_cart":false,"composite_sold_individually_context":"","composite_shop_price_calc":"","composite_components":[],"composite_scenarios":[],"group_of_quantity":0,"min_quantity":0,"max_quantity":"","exclude_order_quantity_value_rules":"no","exclude_category_quantity_rules":"no","combine_variations":"no","exclude_global_add_ons":[],"addons":[],"_links":{"self":[{"href":"https:\/\/www.huntersfriend.eu\/de\/wp-json\/wp\/v2\/product\/279637","targetHints":{"allow":["GET"]}}],"collection":[{"href":"https:\/\/www.huntersfriend.eu\/de\/wp-json\/wp\/v2\/product"}],"about":[{"href":"https:\/\/www.huntersfriend.eu\/de\/wp-json\/wp\/v2\/types\/product"}],"replies":[{"embeddable":true,"href":"https:\/\/www.huntersfriend.eu\/de\/wp-json\/wp\/v2\/comments?post=279637"}],"wp:featuredmedia":[{"embeddable":true,"href":"https:\/\/www.huntersfriend.eu\/de\/wp-json\/wp\/v2\/media\/278047"}],"wp:attachment":[{"href":"https:\/\/www.huntersfriend.eu\/de\/wp-json\/wp\/v2\/media?parent=279637"}],"wp:term":[{"taxonomy":"product_brand","embeddable":true,"href":"https:\/\/www.huntersfriend.eu\/de\/wp-json\/wp\/v2\/product_brand?post=279637"},{"taxonomy":"product_cat","embeddable":true,"href":"https:\/\/www.huntersfriend.eu\/de\/wp-json\/wp\/v2\/product_cat?post=279637"},{"taxonomy":"product_tag","embeddable":true,"href":"https:\/\/www.huntersfriend.eu\/de\/wp-json\/wp\/v2\/product_tag?post=279637"}],"curies":[{"name":"wp","href":"https:\/\/api.w.org\/{rel}","templated":true}]}}