{"id":279634,"date":"2025-03-31T14:22:50","date_gmt":"2025-06-18T10:03:30","guid":{"rendered":"https:\/\/www.huntersfriend.eu\/product\/zeiss-sonnenblende\/"},"modified":"2025-08-12T05:10:26","modified_gmt":"2025-08-12T03:10:26","slug":"zeiss-sonnenblende","status":"publish","type":"product","link":"https:\/\/www.huntersfriend.eu\/de\/produkt\/zeiss-sonnenblende\/","title":{"rendered":"Zeiss Sonnenblende"},"content":{"rendered":"<p>Bei starkem Licht sch\u00fctzt dieses Zubeh\u00f6r f\u00fcr ZEISS V8 &amp; HT &amp; Conquest V6 &amp; V4 vor blendenden Sonnenstrahlen. Blendung und Reflexionen bei hellem Sonnenlicht werden erheblich reduziert, wodurch das Zielen wesentlich erleichtert wird. Die Sonnenblende ist leicht, einfach zu montieren und zu entfernen. Sie wird durch Aufschrauben auf das Objektiv des Zielfernrohrs angebracht.   <\/p>\n<p>50 mm und 56 mm<\/p>\n","protected":false},"excerpt":{"rendered":"<p>50 und 56 mm<\/p>\n","protected":false},"featured_media":277591,"comment_status":"open","ping_status":"closed","template":"","meta":[],"product_brand":[],"product_cat":[1412],"product_tag":[],"class_list":{"0":"post-279634","1":"product","2":"type-product","3":"status-publish","4":"has-post-thumbnail","6":"product_cat-fernglaszubehor","8":"first","9":"instock","10":"taxable","11":"shipping-taxable","12":"purchasable","13":"product-type-variable"},"composite_virtual":false,"composite_layout":"","composite_add_to_cart_form_location":"","composite_editable_in_cart":false,"composite_sold_individually_context":"","composite_shop_price_calc":"","composite_components":[],"composite_scenarios":[],"group_of_quantity":0,"min_quantity":0,"max_quantity":"","exclude_order_quantity_value_rules":"no","exclude_category_quantity_rules":"no","combine_variations":"no","exclude_global_add_ons":[],"addons":[],"_links":{"self":[{"href":"https:\/\/www.huntersfriend.eu\/de\/wp-json\/wp\/v2\/product\/279634","targetHints":{"allow":["GET"]}}],"collection":[{"href":"https:\/\/www.huntersfriend.eu\/de\/wp-json\/wp\/v2\/product"}],"about":[{"href":"https:\/\/www.huntersfriend.eu\/de\/wp-json\/wp\/v2\/types\/product"}],"replies":[{"embeddable":true,"href":"https:\/\/www.huntersfriend.eu\/de\/wp-json\/wp\/v2\/comments?post=279634"}],"wp:featuredmedia":[{"embeddable":true,"href":"https:\/\/www.huntersfriend.eu\/de\/wp-json\/wp\/v2\/media\/277591"}],"wp:attachment":[{"href":"https:\/\/www.huntersfriend.eu\/de\/wp-json\/wp\/v2\/media?parent=279634"}],"wp:term":[{"taxonomy":"product_brand","embeddable":true,"href":"https:\/\/www.huntersfriend.eu\/de\/wp-json\/wp\/v2\/product_brand?post=279634"},{"taxonomy":"product_cat","embeddable":true,"href":"https:\/\/www.huntersfriend.eu\/de\/wp-json\/wp\/v2\/product_cat?post=279634"},{"taxonomy":"product_tag","embeddable":true,"href":"https:\/\/www.huntersfriend.eu\/de\/wp-json\/wp\/v2\/product_tag?post=279634"}],"curies":[{"name":"wp","href":"https:\/\/api.w.org\/{rel}","templated":true}]}}