{"id":279630,"date":"2025-04-02T15:04:16","date_gmt":"2025-06-18T10:03:16","guid":{"rendered":"https:\/\/www.huntersfriend.eu\/product\/gluecklicher-erpel-king-critter\/"},"modified":"2025-06-18T12:03:16","modified_gmt":"2025-06-18T10:03:16","slug":"gluecklicher-erpel-king-critter","status":"publish","type":"product","link":"https:\/\/www.huntersfriend.eu\/de\/produkt\/gluecklicher-erpel-king-critter\/","title":{"rendered":"Gl\u00fccklicher Erpel King Critter"},"content":{"rendered":"<p><span class=\"s1\">Der King Critter ist die ultimative Raubwildattrappe, die f\u00fcr extreme Bedingungen konzipiert wurde. Mit der unberechenbaren Bewegung der magnetischen Attrappe ist es unausweichlich, dass jedes Raubwild angelockt wird. Der King Critter verf\u00fcgt \u00fcber zwei Geschwindigkeitseinstellungen f\u00fcr die Attrappe und beinhaltet ein Dreibeinstativ, das sich perfekt f\u00fcr jedes Terrain eignet. Dar\u00fcber hinaus gibt es einen 3,5-mm-Anschluss, der mit den meisten E-Caller-Fernbedienungen mit Zusatzfunktion kompatibel ist.    <\/span><span class=\"s1\">Betrieben wird das Ger\u00e4t mit 4 AA-Batterien (nicht im Lieferumfang enthalten).<\/span><\/p>\n","protected":false},"excerpt":{"rendered":"<p>Der King Critter ist die ultimative Raubwildattrappe, die f\u00fcr extreme Bedingungen konzipiert wurde. Mit der unberechenbaren Bewegung der magnetischen Attrappe ist es unausweichlich, dass jedes Raubwild angelockt wird. Der King Critter verf\u00fcgt \u00fcber zwei Geschwindigkeitseinstellungen f\u00fcr die Attrappe und beinhaltet ein Dreibeinstativ, das sich perfekt f\u00fcr jedes Terrain eignet. Dar\u00fcber hinaus gibt es einen 3,5-mm-Anschluss, [&#8230;]\n","protected":false},"featured_media":278123,"comment_status":"open","ping_status":"closed","template":"","meta":[],"product_brand":[],"product_cat":[1395,1208],"product_tag":[],"class_list":{"0":"post-279630","1":"product","2":"type-product","3":"status-publish","4":"has-post-thumbnail","6":"product_cat-lockvogel-mit-bewegung","7":"product_cat-raubwild-locktiere","9":"first","10":"instock","11":"taxable","12":"shipping-taxable","13":"purchasable","14":"product-type-simple"},"composite_virtual":false,"composite_layout":"","composite_add_to_cart_form_location":"","composite_editable_in_cart":false,"composite_sold_individually_context":"","composite_shop_price_calc":"","composite_components":[],"composite_scenarios":[],"group_of_quantity":0,"min_quantity":0,"max_quantity":"","exclude_order_quantity_value_rules":"no","exclude_category_quantity_rules":"no","combine_variations":"no","exclude_global_add_ons":[],"addons":[],"_links":{"self":[{"href":"https:\/\/www.huntersfriend.eu\/de\/wp-json\/wp\/v2\/product\/279630","targetHints":{"allow":["GET"]}}],"collection":[{"href":"https:\/\/www.huntersfriend.eu\/de\/wp-json\/wp\/v2\/product"}],"about":[{"href":"https:\/\/www.huntersfriend.eu\/de\/wp-json\/wp\/v2\/types\/product"}],"replies":[{"embeddable":true,"href":"https:\/\/www.huntersfriend.eu\/de\/wp-json\/wp\/v2\/comments?post=279630"}],"wp:featuredmedia":[{"embeddable":true,"href":"https:\/\/www.huntersfriend.eu\/de\/wp-json\/wp\/v2\/media\/278123"}],"wp:attachment":[{"href":"https:\/\/www.huntersfriend.eu\/de\/wp-json\/wp\/v2\/media?parent=279630"}],"wp:term":[{"taxonomy":"product_brand","embeddable":true,"href":"https:\/\/www.huntersfriend.eu\/de\/wp-json\/wp\/v2\/product_brand?post=279630"},{"taxonomy":"product_cat","embeddable":true,"href":"https:\/\/www.huntersfriend.eu\/de\/wp-json\/wp\/v2\/product_cat?post=279630"},{"taxonomy":"product_tag","embeddable":true,"href":"https:\/\/www.huntersfriend.eu\/de\/wp-json\/wp\/v2\/product_tag?post=279630"}],"curies":[{"name":"wp","href":"https:\/\/api.w.org\/{rel}","templated":true}]}}