{"id":279629,"date":"2025-04-02T15:04:18","date_gmt":"2025-06-18T10:03:16","guid":{"rendered":"https:\/\/www.huntersfriend.eu\/product\/lucky-xhdi-ersatzfluegel-mit-beflockung\/"},"modified":"2025-06-18T12:03:16","modified_gmt":"2025-06-18T10:03:16","slug":"lucky-xhdi-ersatzfluegel-mit-beflockung","status":"publish","type":"product","link":"https:\/\/www.huntersfriend.eu\/de\/produkt\/lucky-xhdi-ersatzfluegel-mit-beflockung\/","title":{"rendered":"Lucky XHDi Ersatzfl\u00fcgel mit Beflockung"},"content":{"rendered":"<ul>\n<li>Langlebige spritzgegossene magnetische Fl\u00fcgel<\/li>\n<li>Beflockt f\u00fcr verbesserte Sichtbarkeit auf gro\u00dfe Entfernung<\/li>\n<li>Nachweislich haltbarer als jeder gewellte Fl\u00fcgel und erm\u00f6glicht eine l\u00e4ngere Laufzeit mit einer einzigen Aufladung<\/li>\n<li>Beinhaltet linken und rechten Fl\u00fcgel sowie Fl\u00fcgeladapter<\/li>\n<li>Kompatibel mit den meisten Lucky Duck Lockvogel-Drehfl\u00fcgeln<\/li>\n<\/ul>\n","protected":false},"excerpt":{"rendered":"<p>Langlebige spritzgegossene magnetische Fl\u00fcgel Beflockt f\u00fcr verbesserte Sichtbarkeit auf gro\u00dfe Entfernung Nachweislich haltbarer als jeder gewellte Fl\u00fcgel und erm\u00f6glicht eine l\u00e4ngere Laufzeit mit einer einzigen Aufladung Beinhaltet linken und rechten Fl\u00fcgel sowie Fl\u00fcgeladapter Kompatibel mit den meisten Lucky Duck Lockvogel-Drehfl\u00fcgeln<\/p>\n","protected":false},"featured_media":278090,"comment_status":"open","ping_status":"closed","template":"","meta":[],"product_brand":[],"product_cat":[1395],"product_tag":[],"class_list":{"0":"post-279629","1":"product","2":"type-product","3":"status-publish","4":"has-post-thumbnail","6":"product_cat-lockvogel-mit-bewegung","8":"first","9":"instock","10":"taxable","11":"shipping-taxable","12":"purchasable","13":"product-type-simple"},"composite_virtual":false,"composite_layout":"","composite_add_to_cart_form_location":"","composite_editable_in_cart":false,"composite_sold_individually_context":"","composite_shop_price_calc":"","composite_components":[],"composite_scenarios":[],"group_of_quantity":0,"min_quantity":0,"max_quantity":"","exclude_order_quantity_value_rules":"no","exclude_category_quantity_rules":"no","combine_variations":"no","exclude_global_add_ons":[],"addons":[],"_links":{"self":[{"href":"https:\/\/www.huntersfriend.eu\/de\/wp-json\/wp\/v2\/product\/279629","targetHints":{"allow":["GET"]}}],"collection":[{"href":"https:\/\/www.huntersfriend.eu\/de\/wp-json\/wp\/v2\/product"}],"about":[{"href":"https:\/\/www.huntersfriend.eu\/de\/wp-json\/wp\/v2\/types\/product"}],"replies":[{"embeddable":true,"href":"https:\/\/www.huntersfriend.eu\/de\/wp-json\/wp\/v2\/comments?post=279629"}],"wp:featuredmedia":[{"embeddable":true,"href":"https:\/\/www.huntersfriend.eu\/de\/wp-json\/wp\/v2\/media\/278090"}],"wp:attachment":[{"href":"https:\/\/www.huntersfriend.eu\/de\/wp-json\/wp\/v2\/media?parent=279629"}],"wp:term":[{"taxonomy":"product_brand","embeddable":true,"href":"https:\/\/www.huntersfriend.eu\/de\/wp-json\/wp\/v2\/product_brand?post=279629"},{"taxonomy":"product_cat","embeddable":true,"href":"https:\/\/www.huntersfriend.eu\/de\/wp-json\/wp\/v2\/product_cat?post=279629"},{"taxonomy":"product_tag","embeddable":true,"href":"https:\/\/www.huntersfriend.eu\/de\/wp-json\/wp\/v2\/product_tag?post=279629"}],"curies":[{"name":"wp","href":"https:\/\/api.w.org\/{rel}","templated":true}]}}