{"id":279627,"date":"2025-04-02T15:04:16","date_gmt":"2025-06-18T10:03:15","guid":{"rendered":"https:\/\/www.huntersfriend.eu\/product\/gluecklicher-enten-feldblitzer-3er-pack\/"},"modified":"2025-06-18T12:03:15","modified_gmt":"2025-06-18T10:03:15","slug":"gluecklicher-enten-feldblitzer-3er-pack","status":"publish","type":"product","link":"https:\/\/www.huntersfriend.eu\/de\/produkt\/gluecklicher-enten-feldblitzer-3er-pack\/","title":{"rendered":"Gl\u00fccklicher Enten-Feldblitzer, 3er-Pack"},"content":{"rendered":"<p><span class=\"s1\">Nur in diesem Fall ist weniger mehr. Erzielen Sie den Effekt eines rotierenden Fl\u00fcgelk\u00f6ders mit dem 3er-Pack Feldblitzer. Simpel, transportabel und effektiv. Das 3er-Pack Feldblitzer kann zur Anlockung von Enten, Tauben, Ringeltauben oder anderen Zugv\u00f6geln eingesetzt werden. Die Feldblitzer verf\u00fcgen \u00fcber eine HD-Fernbedienung, die eine einfache Ein-\/Ausschaltung erm\u00f6glicht, sowie \u00fcber zuf\u00e4llige intermittierende Timer.     <\/span><span class=\"s1\">Jede Einheit ben\u00f6tigt 4 AA-Batterien (nicht im Lieferumfang enthalten).<\/span><\/p>\n","protected":false},"excerpt":{"rendered":"<p>Nur in diesem Fall ist weniger mehr. Erzielen Sie den Effekt eines rotierenden Fl\u00fcgelk\u00f6ders mit dem 3er-Pack Feldblitzer. Simpel, transportabel und effektiv. Das 3er-Pack Feldblitzer kann zur Anlockung von Enten, Tauben, Ringeltauben oder anderen Zugv\u00f6geln eingesetzt werden. Die Feldblitzer verf\u00fcgen \u00fcber eine HD-Fernbedienung, die eine einfache Ein-\/Ausschaltung erm\u00f6glicht, sowie \u00fcber zuf\u00e4llige intermittierende Timer. Jede Einheit [&#8230;]\n","protected":false},"featured_media":278131,"comment_status":"open","ping_status":"closed","template":"","meta":[],"product_brand":[],"product_cat":[1395],"product_tag":[],"class_list":{"0":"post-279627","1":"product","2":"type-product","3":"status-publish","4":"has-post-thumbnail","6":"product_cat-lockvogel-mit-bewegung","8":"first","9":"instock","10":"taxable","11":"shipping-taxable","12":"purchasable","13":"product-type-simple"},"composite_virtual":false,"composite_layout":"","composite_add_to_cart_form_location":"","composite_editable_in_cart":false,"composite_sold_individually_context":"","composite_shop_price_calc":"","composite_components":[],"composite_scenarios":[],"group_of_quantity":0,"min_quantity":0,"max_quantity":"","exclude_order_quantity_value_rules":"no","exclude_category_quantity_rules":"no","combine_variations":"no","exclude_global_add_ons":[],"addons":[],"_links":{"self":[{"href":"https:\/\/www.huntersfriend.eu\/de\/wp-json\/wp\/v2\/product\/279627","targetHints":{"allow":["GET"]}}],"collection":[{"href":"https:\/\/www.huntersfriend.eu\/de\/wp-json\/wp\/v2\/product"}],"about":[{"href":"https:\/\/www.huntersfriend.eu\/de\/wp-json\/wp\/v2\/types\/product"}],"replies":[{"embeddable":true,"href":"https:\/\/www.huntersfriend.eu\/de\/wp-json\/wp\/v2\/comments?post=279627"}],"wp:featuredmedia":[{"embeddable":true,"href":"https:\/\/www.huntersfriend.eu\/de\/wp-json\/wp\/v2\/media\/278131"}],"wp:attachment":[{"href":"https:\/\/www.huntersfriend.eu\/de\/wp-json\/wp\/v2\/media?parent=279627"}],"wp:term":[{"taxonomy":"product_brand","embeddable":true,"href":"https:\/\/www.huntersfriend.eu\/de\/wp-json\/wp\/v2\/product_brand?post=279627"},{"taxonomy":"product_cat","embeddable":true,"href":"https:\/\/www.huntersfriend.eu\/de\/wp-json\/wp\/v2\/product_cat?post=279627"},{"taxonomy":"product_tag","embeddable":true,"href":"https:\/\/www.huntersfriend.eu\/de\/wp-json\/wp\/v2\/product_tag?post=279627"}],"curies":[{"name":"wp","href":"https:\/\/api.w.org\/{rel}","templated":true}]}}