{"id":279625,"date":"2025-04-02T12:08:13","date_gmt":"2025-04-02T10:08:13","guid":{"rendered":"https:\/\/www.huntersfriend.eu\/product\/finaler-anflug-schwimmende-genericproductname-case\/"},"modified":"2026-04-15T11:47:46","modified_gmt":"2026-04-15T09:47:46","slug":"finaler-anflug-schwimmende-genericproductname-case","status":"publish","type":"product","link":"https:\/\/www.huntersfriend.eu\/de\/produkt\/finaler-anflug-schwimmende-genericproductname-case\/","title":{"rendered":"Final Approach Schwimmendes Flintenfutteral"},"content":{"rendered":"<h1>Final Approach Schwimmendes Flintenfutteral<\/h1>\n<p>Sch\u00fctzen Sie Ihre Investition im Revier! Das Final Approach Schwimmende Flintenfutteral ist wasserabweisend und verf\u00fcgt \u00fcber alle wesentlichen Merkmale. Der 3\/4 lange, wasserdichte Rei\u00dfverschluss und der Schnallenverschluss erleichtern das Hinein- und Herausschieben Ihrer Waffe aus dem Futteral. Dieses Futteral verf\u00fcgt sowohl \u00fcber einen Tragegriff als auch einen verstellbaren Schultergurt. An der Vorderseite des Futterals befindet sich eine Choke-Tube-Tasche mit Klettverschluss. Bei der Jagd l\u00e4sst sich dieses Futteral dreifach zusammenfalten, um es in allen Tarnst\u00e4nden leicht verstauen zu k\u00f6nnen.     <\/p>\n<h2>Merkmale<\/h2>\n<ul>\n<li>3\/4 langer, wasserdichter Rei\u00dfverschluss<\/li>\n<li>Schnallenverschluss<\/li>\n<li>Tragegriff<\/li>\n<li>Verstellbarer Schultergurt<\/li>\n<li>Choke-Tube-Tasche<\/li>\n<li>Dreifach faltbar zur einfachen Aufbewahrung<\/li>\n<li>132 cm Futteral<\/li>\n<\/ul>\n","protected":false},"excerpt":{"rendered":"<p>Final Approach Schwimmendes Flintenfutteral Sch\u00fctzen Sie Ihre Investition im Revier! Das Final Approach Schwimmende Flintenfutteral ist wasserabweisend und verf\u00fcgt \u00fcber alle wesentlichen Merkmale. Der 3\/4 lange, wasserdichte Rei\u00dfverschluss und der Schnallenverschluss erleichtern das Hinein- und Herausschieben Ihrer Waffe aus dem Futteral. Dieses Futteral verf\u00fcgt sowohl \u00fcber einen Tragegriff als auch einen verstellbaren Schultergurt. An der [&#8230;]\n","protected":false},"featured_media":289515,"comment_status":"open","ping_status":"closed","template":"","meta":[],"product_brand":[],"product_cat":[1420],"product_tag":[],"class_list":{"0":"post-279625","1":"product","2":"type-product","3":"status-publish","4":"has-post-thumbnail","6":"product_cat-futterale","8":"first","9":"instock","10":"taxable","11":"shipping-taxable","12":"purchasable","13":"product-type-simple"},"composite_virtual":false,"composite_layout":"","composite_add_to_cart_form_location":"","composite_editable_in_cart":false,"composite_sold_individually_context":"","composite_shop_price_calc":"","composite_components":[],"composite_scenarios":[],"group_of_quantity":0,"min_quantity":0,"max_quantity":"","exclude_order_quantity_value_rules":"no","exclude_category_quantity_rules":"no","combine_variations":"no","exclude_global_add_ons":[],"addons":[],"_links":{"self":[{"href":"https:\/\/www.huntersfriend.eu\/de\/wp-json\/wp\/v2\/product\/279625","targetHints":{"allow":["GET"]}}],"collection":[{"href":"https:\/\/www.huntersfriend.eu\/de\/wp-json\/wp\/v2\/product"}],"about":[{"href":"https:\/\/www.huntersfriend.eu\/de\/wp-json\/wp\/v2\/types\/product"}],"replies":[{"embeddable":true,"href":"https:\/\/www.huntersfriend.eu\/de\/wp-json\/wp\/v2\/comments?post=279625"}],"wp:featuredmedia":[{"embeddable":true,"href":"https:\/\/www.huntersfriend.eu\/de\/wp-json\/wp\/v2\/media\/289515"}],"wp:attachment":[{"href":"https:\/\/www.huntersfriend.eu\/de\/wp-json\/wp\/v2\/media?parent=279625"}],"wp:term":[{"taxonomy":"product_brand","embeddable":true,"href":"https:\/\/www.huntersfriend.eu\/de\/wp-json\/wp\/v2\/product_brand?post=279625"},{"taxonomy":"product_cat","embeddable":true,"href":"https:\/\/www.huntersfriend.eu\/de\/wp-json\/wp\/v2\/product_cat?post=279625"},{"taxonomy":"product_tag","embeddable":true,"href":"https:\/\/www.huntersfriend.eu\/de\/wp-json\/wp\/v2\/product_tag?post=279625"}],"curies":[{"name":"wp","href":"https:\/\/api.w.org\/{rel}","templated":true}]}}