{"id":279622,"date":"2025-05-20T10:18:09","date_gmt":"2025-06-18T09:00:33","guid":{"rendered":"https:\/\/www.huntersfriend.eu\/product\/alps-outdoorz-willow-creek\/"},"modified":"2025-06-18T11:00:33","modified_gmt":"2025-06-18T09:00:33","slug":"alps-outdoorz-willow-creek","status":"publish","type":"product","link":"https:\/\/www.huntersfriend.eu\/de\/produkt\/alps-outdoorz-willow-creek\/","title":{"rendered":"Alps outdoorz Willow creek"},"content":{"rendered":"<p>Der Willow Creek ist der ultimative Hydrationsrucksack. Er wird mit einem 3-Liter-Reservoir geliefert, das einen isolierten Schlauch enth\u00e4lt, um Sie den ganzen Tag \u00fcber mit Fl\u00fcssigkeit zu versorgen. Es gibt eine Haupttasche und zwei vordere Taschen, die Ihnen 1075 Kubikzoll Platz bieten, um all Ihre essentiellen Ausr\u00fcstungsgegenst\u00e4nde mitzuf\u00fchren. Ein weiterer hervorragender Aspekt des Willow Creek ist die K\u00e4nguru-Tasche an der Vorderseite, die es Ihnen erm\u00f6glicht, Jacken oder zus\u00e4tzliche Ausr\u00fcstung hineinzustopfen und leicht darauf zuzugreifen (und noch mehr Ausr\u00fcstung mitzunehmen, die nicht immer in den Rucksack passt). Die seitlichen Kompressionsriemen an der K\u00e4nguru-Tasche erm\u00f6glichen es Ihnen, die Tasche enger zu ziehen oder zu lockern, je nach Gr\u00f6\u00dfe der zus\u00e4tzlichen Ausr\u00fcstung, die Sie transportieren. Sie k\u00f6nnen auch weitere Ausr\u00fcstung an den vorderen Befestigungspunkten anbringen. Die gepolsterten Schultergurte sorgen daf\u00fcr, dass der Rucksack w\u00e4hrend der gesamten Tour bequem getragen werden kann.      <\/p>\n<p>\u2022 Drei-Liter-Hydrationsreservoir mit isoliertem Schlauch inbegriffen<\/p>\n<p>\u2022 Hauptfach und zwei vordere Taschen<\/p>\n<p>\u2022 K\u00e4nguru-Tasche mit seitlichen Kompressionsriemen<\/p>\n<p>\u2022 Gepolsterte Schultergurte mit Brustgurt<\/p>\n<p>\u2022 Zwei vordere Befestigungspunkte<\/p>\n<p>\u2022 Ein Schl\u00fcsselclip<\/p>\n<table border=\"3\">\n<tbody>\n<tr align=\"CENTER\">\n<td><b>Kapazit\u00e4t<\/b><\/td>\n<td>17L \/ 1075 in\u00b3<\/td>\n<\/tr>\n<tr align=\"CENTER\">\n<td><b>Abmessungen<\/b><\/td>\n<td>47 cm H x 21,6 cm B x 11,4 cm T<\/td>\n<\/tr>\n<tr align=\"CENTER\">\n<td><b>Abmessungen des Hauptfachs<\/b><\/td>\n<td>40,6 cm H x 21,6 cm B x 7 cm T<\/td>\n<\/tr>\n<tr align=\"CENTER\">\n<td><b>Abmessungen der vorderen Tasche<\/b><\/td>\n<td>31,8 cm H x 16,5 cm B x 5,7 cm T<\/td>\n<\/tr>\n<tr align=\"CENTER\">\n<td><b>H\u00fcftgurtbereich<\/b><\/td>\n<td>59,7 &#8211; 142,2 cm<\/td>\n<\/tr>\n<tr align=\"CENTER\">\n<td><b>Gewicht<\/b><\/td>\n<td>850 g <\/td>\n<\/tr>\n<\/tbody>\n<\/table>\n<p>&nbsp;<\/p>\n","protected":false},"excerpt":{"rendered":"<p>Der Willow Creek ist der ultimative Hydrationsrucksack. Er wird mit einem 3-Liter-Reservoir geliefert, das einen isolierten Schlauch enth\u00e4lt, um Sie den ganzen Tag \u00fcber mit Fl\u00fcssigkeit zu versorgen. Es gibt eine Haupttasche und zwei vordere Taschen, die Ihnen 1075 Kubikzoll Platz bieten, um all Ihre essentiellen Ausr\u00fcstungsgegenst\u00e4nde mitzuf\u00fchren. Ein weiterer hervorragender Aspekt des Willow Creek [&#8230;]\n","protected":false},"featured_media":279078,"comment_status":"open","ping_status":"closed","template":"","meta":[],"product_brand":[],"product_cat":[2043,1407],"product_tag":[],"class_list":{"0":"post-279622","1":"product","2":"type-product","3":"status-publish","4":"has-post-thumbnail","6":"product_cat-rucksacke","7":"product_cat-jagdrucksacke","8":"product_shipping_class-medium-de","10":"first","11":"instock","12":"taxable","13":"shipping-taxable","14":"purchasable","15":"product-type-simple"},"composite_virtual":false,"composite_layout":"","composite_add_to_cart_form_location":"","composite_editable_in_cart":false,"composite_sold_individually_context":"","composite_shop_price_calc":"","composite_components":[],"composite_scenarios":[],"group_of_quantity":0,"min_quantity":0,"max_quantity":"","exclude_order_quantity_value_rules":"no","exclude_category_quantity_rules":"no","combine_variations":"no","exclude_global_add_ons":[],"addons":[],"_links":{"self":[{"href":"https:\/\/www.huntersfriend.eu\/de\/wp-json\/wp\/v2\/product\/279622","targetHints":{"allow":["GET"]}}],"collection":[{"href":"https:\/\/www.huntersfriend.eu\/de\/wp-json\/wp\/v2\/product"}],"about":[{"href":"https:\/\/www.huntersfriend.eu\/de\/wp-json\/wp\/v2\/types\/product"}],"replies":[{"embeddable":true,"href":"https:\/\/www.huntersfriend.eu\/de\/wp-json\/wp\/v2\/comments?post=279622"}],"wp:featuredmedia":[{"embeddable":true,"href":"https:\/\/www.huntersfriend.eu\/de\/wp-json\/wp\/v2\/media\/279078"}],"wp:attachment":[{"href":"https:\/\/www.huntersfriend.eu\/de\/wp-json\/wp\/v2\/media?parent=279622"}],"wp:term":[{"taxonomy":"product_brand","embeddable":true,"href":"https:\/\/www.huntersfriend.eu\/de\/wp-json\/wp\/v2\/product_brand?post=279622"},{"taxonomy":"product_cat","embeddable":true,"href":"https:\/\/www.huntersfriend.eu\/de\/wp-json\/wp\/v2\/product_cat?post=279622"},{"taxonomy":"product_tag","embeddable":true,"href":"https:\/\/www.huntersfriend.eu\/de\/wp-json\/wp\/v2\/product_tag?post=279622"}],"curies":[{"name":"wp","href":"https:\/\/api.w.org\/{rel}","templated":true}]}}