{"id":279620,"date":"2025-05-20T10:18:10","date_gmt":"2025-06-18T09:00:10","guid":{"rendered":"https:\/\/www.huntersfriend.eu\/product\/alps-outdoorz-patronenguertel\/"},"modified":"2025-11-07T09:34:46","modified_gmt":"2025-11-07T07:34:46","slug":"alps-outdoorz-patronenguertel","status":"publish","type":"product","link":"https:\/\/www.huntersfriend.eu\/de\/produkt\/alps-outdoorz-patronenguertel\/","title":{"rendered":"ALPS OutdoorZ Patroneng\u00fcrtel"},"content":{"rendered":"<p data-start=\"39\" data-end=\"128\"><strong data-start=\"39\" data-end=\"128\">ALPS OutdoorZ Patroneng\u00fcrtel \u2013 vielseitige und langlebige L\u00f6sung zum Tragen von Schrotpatronen<\/strong><\/p>\n<p data-start=\"130\" data-end=\"383\">Der <strong data-start=\"134\" data-end=\"162\">ALPS OutdoorZ Patroneng\u00fcrtel<\/strong> ist speziell f\u00fcr Wasserwildj\u00e4ger konzipiert und bietet eine praktische und anpassungsf\u00e4hige M\u00f6glichkeit, Schrotpatronen zu transportieren. Seine robuste Neopren-Konstruktion und vielseitige Funktionalit\u00e4t machen ihn zu einem zuverl\u00e4ssigen Begleiter auf Jagdausfl\u00fcgen. <\/p>\n<p data-start=\"385\" data-end=\"398\"><strong data-start=\"385\" data-end=\"398\">Ausstattungsmerkmale:<\/strong><\/p>\n<ul data-start=\"400\" data-end=\"861\">\n<li data-start=\"400\" data-end=\"496\">\n<p data-start=\"402\" data-end=\"496\"><strong data-start=\"402\" data-end=\"436\">Robuste Neopren-Konstruktion:<\/strong> Wasserdichtes Material sch\u00fctzt Ihre Ausr\u00fcstung unter feuchten Bedingungen.<\/p>\n<\/li>\n<li data-start=\"497\" data-end=\"586\">\n<p data-start=\"499\" data-end=\"586\"><strong data-start=\"499\" data-end=\"517\">Vielseitige Verwendung:<\/strong> Kann als G\u00fcrteltasche getragen oder als Patronenhalter an Wadern befestigt werden.<\/p>\n<\/li>\n<li data-start=\"587\" data-end=\"651\">\n<p data-start=\"589\" data-end=\"651\"><strong data-start=\"589\" data-end=\"608\">24 Patronenschlaufen:<\/strong> Bietet ausreichend Platz f\u00fcr Schrotpatronen.<\/p>\n<\/li>\n<li data-start=\"652\" data-end=\"734\">\n<p data-start=\"654\" data-end=\"734\"><strong data-start=\"654\" data-end=\"679\">Zwei Rei\u00dfverschlusstaschen:<\/strong> Bewahren kleine Zubeh\u00f6rteile sicher und leicht zug\u00e4nglich auf.<\/p>\n<\/li>\n<li data-start=\"735\" data-end=\"861\">\n<p data-start=\"737\" data-end=\"861\"><strong data-start=\"737\" data-end=\"764\">Verstellbarer H\u00fcftgurt:<\/strong> Passt f\u00fcr Taillenumf\u00e4nge von 71 bis 145 cm (28 \u201ebis 57\u201c); kann verstaut werden, wenn als Patronenhalter verwendet.<\/p>\n<\/li>\n<\/ul>\n<p data-start=\"863\" data-end=\"892\"><strong data-start=\"863\" data-end=\"892\">Technische Spezifikationen:<\/strong><\/p>\n<ul data-start=\"894\" data-end=\"998\" data-is-last-node=\"\" data-is-only-node=\"\">\n<li data-start=\"894\" data-end=\"948\">\n<p data-start=\"896\" data-end=\"948\"><strong data-start=\"896\" data-end=\"911\">Abmessungen:<\/strong> 10 cm (H) x 71 cm (B) x 2,5 cm (T)<\/p>\n<\/li>\n<li data-start=\"949\" data-end=\"970\">\n<p data-start=\"951\" data-end=\"970\"><strong data-start=\"951\" data-end=\"962\">Gewicht:<\/strong> 425 g<\/p>\n<\/li>\n<li data-start=\"971\" data-end=\"998\" data-is-last-node=\"\">\n<p data-start=\"973\" data-end=\"998\" data-is-last-node=\"\"><strong data-start=\"973\" data-end=\"983\">Farbe:<\/strong> Realtree MAX-7<\/p>\n<\/li>\n<\/ul>\n","protected":false},"excerpt":{"rendered":"<p>ALPS OutdoorZ Patroneng\u00fcrtel \u2013 vielseitige und langlebige L\u00f6sung zum Tragen von Schrotpatronen Der ALPS OutdoorZ Patroneng\u00fcrtel ist speziell f\u00fcr Wasserwildj\u00e4ger konzipiert und bietet eine praktische und anpassungsf\u00e4hige M\u00f6glichkeit, Schrotpatronen zu transportieren. Seine robuste Neopren-Konstruktion und vielseitige Funktionalit\u00e4t machen ihn zu einem zuverl\u00e4ssigen Begleiter auf Jagdausfl\u00fcgen. Ausstattungsmerkmale: Robuste Neopren-Konstruktion: Wasserdichtes Material sch\u00fctzt Ihre Ausr\u00fcstung unter feuchten [&#8230;]\n","protected":false},"featured_media":278977,"comment_status":"open","ping_status":"closed","template":"","meta":[],"product_brand":[],"product_cat":[1774,1391,1359],"product_tag":[],"class_list":{"0":"post-279620","1":"product","2":"type-product","3":"status-publish","4":"has-post-thumbnail","6":"product_cat-jagd-rucksacke","7":"product_cat-material-und-zubehor","8":"product_cat-slings-accessories-de","10":"first","11":"instock","12":"taxable","13":"shipping-taxable","14":"purchasable","15":"product-type-simple"},"composite_virtual":false,"composite_layout":"","composite_add_to_cart_form_location":"","composite_editable_in_cart":false,"composite_sold_individually_context":"","composite_shop_price_calc":"","composite_components":[],"composite_scenarios":[],"group_of_quantity":0,"min_quantity":0,"max_quantity":"","exclude_order_quantity_value_rules":"no","exclude_category_quantity_rules":"no","combine_variations":"no","exclude_global_add_ons":[],"addons":[],"_links":{"self":[{"href":"https:\/\/www.huntersfriend.eu\/de\/wp-json\/wp\/v2\/product\/279620","targetHints":{"allow":["GET"]}}],"collection":[{"href":"https:\/\/www.huntersfriend.eu\/de\/wp-json\/wp\/v2\/product"}],"about":[{"href":"https:\/\/www.huntersfriend.eu\/de\/wp-json\/wp\/v2\/types\/product"}],"replies":[{"embeddable":true,"href":"https:\/\/www.huntersfriend.eu\/de\/wp-json\/wp\/v2\/comments?post=279620"}],"wp:featuredmedia":[{"embeddable":true,"href":"https:\/\/www.huntersfriend.eu\/de\/wp-json\/wp\/v2\/media\/278977"}],"wp:attachment":[{"href":"https:\/\/www.huntersfriend.eu\/de\/wp-json\/wp\/v2\/media?parent=279620"}],"wp:term":[{"taxonomy":"product_brand","embeddable":true,"href":"https:\/\/www.huntersfriend.eu\/de\/wp-json\/wp\/v2\/product_brand?post=279620"},{"taxonomy":"product_cat","embeddable":true,"href":"https:\/\/www.huntersfriend.eu\/de\/wp-json\/wp\/v2\/product_cat?post=279620"},{"taxonomy":"product_tag","embeddable":true,"href":"https:\/\/www.huntersfriend.eu\/de\/wp-json\/wp\/v2\/product_tag?post=279620"}],"curies":[{"name":"wp","href":"https:\/\/api.w.org\/{rel}","templated":true}]}}