{"id":279619,"date":"2025-05-20T10:18:07","date_gmt":"2025-06-18T09:00:09","guid":{"rendered":"https:\/\/www.huntersfriend.eu\/product\/alps-outdoorz-thermacell-pocket\/"},"modified":"2025-07-19T04:26:25","modified_gmt":"2025-07-19T02:26:25","slug":"alps-outdoorz-thermacell-pocket","status":"publish","type":"product","link":"https:\/\/www.huntersfriend.eu\/de\/produkt\/alps-outdoorz-thermacell-pocket\/","title":{"rendered":"Alps outdoorz thermacell pocket"},"content":{"rendered":"<p data-start=\"51\" data-end=\"197\"><strong data-start=\"51\" data-end=\"86\">Alps OutdoorZ ThermaCell Pocket<\/strong><br data-start=\"86\" data-end=\"89\">Eine kompakte und robuste Zubeh\u00f6rtasche f\u00fcr Ihr ThermaCell-M\u00fcckenschutzger\u00e4t \u2013 einfach an Ihrer Ausr\u00fcstung zu befestigen.<\/p>\n<p data-start=\"199\" data-end=\"479\">Die <strong data-start=\"203\" data-end=\"248\">Alps OutdoorZ ThermaCell Zubeh\u00f6rtasche<\/strong> ist f\u00fcr J\u00e4ger und Outdoor-Enthusiasten konzipiert, die schnellen Zugriff auf ihr M\u00fcckenschutzmittel w\u00fcnschen. Die Tasche l\u00e4sst sich leicht an MOLLE\/PALS-Systemen befestigen und bietet einen sicheren, gesch\u00fctzten Platz f\u00fcr Ihr ThermaCell, selbst w\u00e4hrend des aktiven Gebrauchs. <\/p>\n<p data-start=\"481\" data-end=\"504\"><strong data-start=\"481\" data-end=\"504\">Technische Merkmale:<\/strong><\/p>\n<p data-start=\"506\" data-end=\"558\"><strong data-start=\"506\" data-end=\"524\">Kompatibilit\u00e4t:<\/strong><br data-start=\"524\" data-end=\"527\">Geeignet f\u00fcr ThermaCell-Modelle:<\/p>\n<ul data-start=\"560\" data-end=\"704\">\n<li data-start=\"560\" data-end=\"569\">\n<p data-start=\"562\" data-end=\"569\">MR300<\/p>\n<\/li>\n<li data-start=\"570\" data-end=\"579\">\n<p data-start=\"572\" data-end=\"579\">MR450<\/p>\n<\/li>\n<li data-start=\"580\" data-end=\"589\">\n<p data-start=\"582\" data-end=\"589\">MR150<\/p>\n<\/li>\n<li data-start=\"590\" data-end=\"630\">\n<p data-start=\"592\" data-end=\"630\">Patio Shield (nur kompakte Versionen)<\/p>\n<\/li>\n<li data-start=\"631\" data-end=\"667\">\n<p data-start=\"633\" data-end=\"667\">Armored Series (kompakte Version)<\/p>\n<\/li>\n<li data-start=\"668\" data-end=\"704\">\n<p data-start=\"670\" data-end=\"704\">Passt auch f\u00fcr die meisten g\u00e4ngigen \u00e4lteren Modelle<\/p>\n<\/li>\n<\/ul>\n<p data-start=\"706\" data-end=\"810\"><strong data-start=\"706\" data-end=\"721\">Befestigung:<\/strong><br data-start=\"721\" data-end=\"724\">MOLLE\/PALS-Befestigungssystem erm\u00f6glicht die Montage an Rucks\u00e4cken, Westen oder G\u00fcrtelsystemen.<\/p>\n<p data-start=\"812\" data-end=\"871\"><strong data-start=\"812\" data-end=\"825\">Material:<\/strong><br data-start=\"825\" data-end=\"828\">Langlebiges und wasserabweisendes 500D-Polyester.<\/p>\n<p data-start=\"873\" data-end=\"919\"><strong data-start=\"873\" data-end=\"888\">Abmessungen:<\/strong><br data-start=\"888\" data-end=\"891\">Circa 17 x 7 x 4 cm.<\/p>\n<p data-start=\"921\" data-end=\"982\"><strong data-start=\"921\" data-end=\"932\">Gewicht:<\/strong><br data-start=\"932\" data-end=\"935\">Ungef\u00e4hr 100 Gramm \u2013 leicht und unauff\u00e4llig.<\/p>\n<p data-start=\"984\" data-end=\"1103\"><strong data-start=\"984\" data-end=\"1000\">Benutzerfreundlichkeit:<\/strong><br data-start=\"1000\" data-end=\"1003\">Klettverschlussklappe f\u00fcr schnellen Zugriff und eine interne Netztasche zur Aufbewahrung von Nachf\u00fcllmatten oder Brennstoffkartuschen.<\/p>\n<p data-start=\"1105\" data-end=\"1130\"><strong data-start=\"1105\" data-end=\"1115\">Farbe:<\/strong> Greenleaf-Tarnmuster<\/p>\n<p data-start=\"1132\" data-end=\"1225\"><strong data-start=\"1132\" data-end=\"1141\">Hinweis:<\/strong><br data-start=\"1141\" data-end=\"1144\">Nicht kompatibel mit gr\u00f6\u00dferen Tischmodellen oder elektrischen ThermaCell-Ger\u00e4ten der E-Serie.<\/p>\n","protected":false},"excerpt":{"rendered":"<p>Alps OutdoorZ ThermaCell PocketEine kompakte und robuste Zubeh\u00f6rtasche f\u00fcr Ihr ThermaCell-M\u00fcckenschutzger\u00e4t \u2013 einfach an Ihrer Ausr\u00fcstung zu befestigen. Die Alps OutdoorZ ThermaCell Zubeh\u00f6rtasche ist f\u00fcr J\u00e4ger und Outdoor-Enthusiasten konzipiert, die schnellen Zugriff auf ihr M\u00fcckenschutzmittel w\u00fcnschen. Die Tasche l\u00e4sst sich leicht an MOLLE\/PALS-Systemen befestigen und bietet einen sicheren, gesch\u00fctzten Platz f\u00fcr Ihr ThermaCell, selbst w\u00e4hrend [&#8230;]\n","protected":false},"featured_media":278846,"comment_status":"open","ping_status":"closed","template":"","meta":[],"product_brand":[],"product_cat":[2050,1407,1171],"product_tag":[],"class_list":{"0":"post-279619","1":"product","2":"type-product","3":"status-publish","4":"has-post-thumbnail","6":"product_cat-campingzubehor","7":"product_cat-jagdrucksacke","8":"product_cat-sitz-und-schirm-zubehoer","10":"first","11":"outofstock","12":"taxable","13":"shipping-taxable","14":"purchasable","15":"product-type-simple"},"composite_virtual":false,"composite_layout":"","composite_add_to_cart_form_location":"","composite_editable_in_cart":false,"composite_sold_individually_context":"","composite_shop_price_calc":"","composite_components":[],"composite_scenarios":[],"group_of_quantity":0,"min_quantity":0,"max_quantity":"","exclude_order_quantity_value_rules":"no","exclude_category_quantity_rules":"no","combine_variations":"no","exclude_global_add_ons":[],"addons":[],"_links":{"self":[{"href":"https:\/\/www.huntersfriend.eu\/de\/wp-json\/wp\/v2\/product\/279619","targetHints":{"allow":["GET"]}}],"collection":[{"href":"https:\/\/www.huntersfriend.eu\/de\/wp-json\/wp\/v2\/product"}],"about":[{"href":"https:\/\/www.huntersfriend.eu\/de\/wp-json\/wp\/v2\/types\/product"}],"replies":[{"embeddable":true,"href":"https:\/\/www.huntersfriend.eu\/de\/wp-json\/wp\/v2\/comments?post=279619"}],"wp:featuredmedia":[{"embeddable":true,"href":"https:\/\/www.huntersfriend.eu\/de\/wp-json\/wp\/v2\/media\/278846"}],"wp:attachment":[{"href":"https:\/\/www.huntersfriend.eu\/de\/wp-json\/wp\/v2\/media?parent=279619"}],"wp:term":[{"taxonomy":"product_brand","embeddable":true,"href":"https:\/\/www.huntersfriend.eu\/de\/wp-json\/wp\/v2\/product_brand?post=279619"},{"taxonomy":"product_cat","embeddable":true,"href":"https:\/\/www.huntersfriend.eu\/de\/wp-json\/wp\/v2\/product_cat?post=279619"},{"taxonomy":"product_tag","embeddable":true,"href":"https:\/\/www.huntersfriend.eu\/de\/wp-json\/wp\/v2\/product_tag?post=279619"}],"curies":[{"name":"wp","href":"https:\/\/api.w.org\/{rel}","templated":true}]}}