{"id":279616,"date":"2025-04-14T12:25:20","date_gmt":"2025-06-18T09:00:08","guid":{"rendered":"https:\/\/www.huntersfriend.eu\/product\/black-eagle-talon-schaefte-003\/"},"modified":"2025-06-18T11:00:08","modified_gmt":"2025-06-18T09:00:08","slug":"black-eagle-talon-schaefte-003","status":"publish","type":"product","link":"https:\/\/www.huntersfriend.eu\/de\/produkt\/black-eagle-talon-schaefte-003\/","title":{"rendered":"Black Eagle Talon Sch\u00e4fte .003"},"content":{"rendered":"<p>Bitte erw\u00e4hnen Sie die L\u00e4nge des Pfeils (ATA-Messung) im Informationsfeld beim Auschecken, falls Sie m\u00f6chten, dass wir sie f\u00fcr Sie zuschneiden und\/oder die Eins\u00e4tze installieren.<\/p>\n<p>Der Black Eagle Talon Crested Pfeil ist ein wahrer J\u00e4gerpfeil. Mit einem robusten Innendurchmesser von 6,4 mm (0,244&#8243;) gefertigt, bietet dieser Pfeil au\u00dfergew\u00f6hnliche Haltbarkeit und Stabilit\u00e4t. Durch Super-Sortierung f\u00fcr un\u00fcbertroffene Konsistenz liefert der Talon eine zuverl\u00e4ssige Pfeil-zu-Pfeil-Leistung. Pr\u00e4zise Spinewerte, Geradheit, Gewichtstoleranzen und nun Spine-Indexierung gew\u00e4hrleisten eine konsistente Leistung bei jedem Pfeil, w\u00e4hrend das optimierte Gewicht eine t\u00f6dliche Kombination aus Geschwindigkeit und Durchdringungskraft bietet. Mit verbesserten Komponenten k\u00f6nnen Sie Ihre Pfeile anpassen, um ein optimales Front of Center (FOC) zu erreichen und Ihre Talon-Pfeile einzigartig zu gestalten. Die leuchtend gelbe Cresting bietet hervorragende Sichtbarkeit, sieht nicht nur gro\u00dfartig aus, sondern erleichtert auch das Verfolgen Ihres Pfeils im Feld.     <\/p>\n<p><strong>Hauptmerkmale:<\/strong><\/p>\n<ul>\n<li><strong>Super-Sortiert:<\/strong> Jeder Black Eagle Pfeil wird mit \u00e4u\u00dferst engen Toleranzen hergestellt und durchl\u00e4uft strenge Qualit\u00e4tskontrollma\u00dfnahmen, um konsistente Spine-Werte, Geradheit und Gewicht zu gew\u00e4hrleisten, was zu au\u00dfergew\u00f6hnlichen Pfeil-zu-Pfeil-Ergebnissen f\u00fchrt.<\/li>\n<li><strong>Robuste Konstruktion:<\/strong> Hergestellt aus hochwertigstem Karbon ihrer Klasse, um den Strapazen der Jagd und des Zielschie\u00dfens standzuhalten, bieten Black Eagle Pfeile au\u00dfergew\u00f6hnliche Haltbarkeit.<\/li>\n<li><strong>Geschwindigkeit:<\/strong> Optimiert f\u00fcr das perfekte Gleichgewicht zwischen Geschwindigkeit und Haltbarkeit, liefern Black Eagle Pfeile zuverl\u00e4ssige Pfeil-auf-Ziel-Leistung.<\/li>\n<li><strong>Spine-Indexiert:<\/strong> F\u00fcr ein zus\u00e4tzliches Ma\u00df an Sorgfalt wird jeder Black Eagle Pfeil pr\u00e4zise spine-indexiert.<\/li>\n<\/ul>\n<p><strong>PFEILSPEZIFIKATIONEN:<\/strong><\/p>\n<ul>\n<li><strong>.001 \u201e&amp; .003\u201c Geradheit<\/strong><\/li>\n<li><strong>\u00b1 1 Grain Gewichtstoleranz<\/strong><\/li>\n<li><strong>81,28 cm (32&#8243;) Schaftl\u00e4nge<\/strong><\/li>\n<\/ul>\n<div class=\"col-sm-8\">\n<div class=\"subtitle-font\"><strong>ENTH\u00c4LT<\/strong>:<\/div>\n<\/div>\n<div class=\"col-sm-8\">\n<ul>\n<li>Installierte Flo-gelbe BEA Standardnocke 8 Grain pro St\u00fcck<\/li>\n<li>.245 Eins\u00e4tze &#8211; 15 Grain pro St\u00fcck<\/li>\n<li>6,35 cm (2,5&#8243;) Q2I Fusion X-II Shield Cut Befiederung | Flo-Orange, Wei\u00dfe Federn &#8211; 8 Grain pro St\u00fcck (Bei Werkspfeilen)<\/li>\n<\/ul>\n<\/div>\n<div><span style=\"display: inline !important; float: none; background-color: transparent; color: #333333; font-family: 'Industry-Medium-webfont',Helvetica,Arial,sans-serif; font-size: 13px; font-style: normal; font-variant: normal; font-weight: 400; letter-spacing: normal; orphans: 2; text-align: left; text-decoration: none; text-indent: 0px; text-transform: none; -webkit-text-stroke-width: 0px; white-space: normal; word-spacing: 0px;\">Hei\u00dfschmelzkleber wird f\u00fcr die Verwendung mit Black Eagle Pfeilsch\u00e4ften NICHT empfohlen. <\/span><\/div>\n<h3>BLACK EAGLE TALON SPEZIFIKATIONEN<\/h3>\n<table>\n<tbody>\n<tr>\n<td><\/td>\n<td><strong>300er<\/strong><br \/>\n.300&#8243; Durchbiegung<br \/>\n9,3 GPI<br \/>\n+\/-.001 oder .003&#8243; Geradheit<br \/>\n.298&#8243; A.D.<\/td>\n<td><strong>350er<\/strong><br \/>\n.350&#8243; Durchbiegung<br \/>\n8,1 GPI<br \/>\n+\/-.001 oder .003&#8243; Geradheit<br \/>\n.293&#8243; A.D.<\/td>\n<td><strong>400er<\/strong><br \/>\n.400&#8243; Durchbiegung<br \/>\n7,6 GPI<br \/>\n+\/-.001 oder .003&#8243; Geradheit<br \/>\n.291&#8243; A.D.<\/td>\n<\/tr>\n<\/tbody>\n<\/table>\n<h3>STANDARDISIERTE PFEIL-SPINE\/DURCHBIEGUNGS-TABELLEN<\/h3>\n<p>Diese Tabelle ist normalisiert f\u00fcr moderne Compoundb\u00f6gen mit IBO-Geschwindigkeiten zwischen 280-330 fps. F\u00fcr schnellere B\u00f6gen bitte in der Tabelle einen Block nach unten und nach rechts. F\u00fcr langsamere B\u00f6gen bitte in der Tabelle einen Block nach oben und nach links. Die Tabelle gilt nicht f\u00fcr traditionelle B\u00f6gen. HINWEIS: Der tats\u00e4chliche Spine-Wert entspricht nicht unbedingt der vom Hersteller angegebenen Namensbezeichnung (Gold Tip 5575, Carbon Force 200, Carbon Express 60\/75 usw.). Die Spine-Gr\u00f6\u00dfensysteme der Hersteller <strong>k\u00f6nnen willk\u00fcrlich sein<\/strong> (100, 200, 300, 400) und spiegeln m\u00f6glicherweise nicht die tats\u00e4chlichen Spine-Durchbiegungen der Pfeile wider. Als Beispiel, ein &#8222;Carbon Express Maxima 250&#8243; hat einen tats\u00e4chlichen Spine von .404&#8243;, nicht .250&#8220; wie die Bezeichnung nahelegt. In diesem Fall ist das Bewertungssystem beliebig. Gehen Sie sicherheitshalber NICHT davon aus, dass die angegebene &#8222;Spine-Bezeichnung&#8220; des Pfeils mit dem tats\u00e4chlichen Spine des Pfeils \u00fcbereinstimmt. Bitte die tats\u00e4chlichen Pfeilspezifikationsdaten beachten, bevor Sie die Tabelle verwenden und den geeignete Spine ausw\u00e4hlen. <em><strong>Falls Sie dazu Hilfe ben\u00f6tigen, erreichen Sie uns telefonisch unter: +358 45 208 6292 oder per Email-Support.<\/strong><\/em><\/p>\n","protected":false},"excerpt":{"rendered":"<p>Nocken und Eins\u00e4tze inklusive, aber keine \u00dcbungsspitzen oder Jagdspitzen. Bitte kontaktieren Sie uns direkt bez\u00fcglich anderer Spines oder Geradheiten. <\/p>\n","protected":false},"featured_media":278335,"comment_status":"open","ping_status":"closed","template":"","meta":[],"product_brand":[],"product_cat":[1105],"product_tag":[],"class_list":{"0":"post-279616","1":"product","2":"type-product","3":"status-publish","4":"has-post-thumbnail","6":"product_cat-karbon-jagd-schaefte","8":"first","9":"instock","10":"taxable","11":"shipping-taxable","12":"purchasable","13":"product-type-variable"},"composite_virtual":false,"composite_layout":"","composite_add_to_cart_form_location":"","composite_editable_in_cart":false,"composite_sold_individually_context":"","composite_shop_price_calc":"","composite_components":[],"composite_scenarios":[],"group_of_quantity":0,"min_quantity":0,"max_quantity":"","exclude_order_quantity_value_rules":"no","exclude_category_quantity_rules":"no","combine_variations":"no","exclude_global_add_ons":false,"addons":[{"name":"Auf L\u00e4nge geschnitten","type":"multiple_choice","position":0,"required":true,"title_format":"label","default":"0","description_enable":false,"description":null,"placeholder_enable":false,"placeholder":null,"display":"select","restrictions_type":"any_text","adjust_price":false,"price":"","price_type":"flat_fee","restrictions":false,"min":"0","max":"0","options":[{"label":"Nicht schneiden","price":"","price_type":"flat_fee","image":0,"visibility":true},{"label":"Bitte schneiden - f\u00fcgen Sie die gew\u00fcnschte L\u00e4nge im Infofeld beim Auschecken hinzu","price":"","price_type":"flat_fee","image":0,"visibility":true}],"id":1744634160},{"name":"Inserts","type":"multiple_choice","position":1,"required":true,"title_format":"label","default":"0","description_enable":false,"description":null,"placeholder_enable":false,"placeholder":null,"display":"select","restrictions_type":"any_text","adjust_price":false,"price":"","price_type":"flat_fee","restrictions":false,"min":"0","max":"0","options":[{"label":"Eins\u00e4tze installieren (Dies ist dauerhaft!)","price":"","price_type":"flat_fee","image":0,"visibility":true},{"label":"Eins\u00e4tze nicht installieren (lose beilegen)","price":"","price_type":"flat_fee","image":0,"visibility":true}],"id":1744634161}],"_links":{"self":[{"href":"https:\/\/www.huntersfriend.eu\/de\/wp-json\/wp\/v2\/product\/279616","targetHints":{"allow":["GET"]}}],"collection":[{"href":"https:\/\/www.huntersfriend.eu\/de\/wp-json\/wp\/v2\/product"}],"about":[{"href":"https:\/\/www.huntersfriend.eu\/de\/wp-json\/wp\/v2\/types\/product"}],"replies":[{"embeddable":true,"href":"https:\/\/www.huntersfriend.eu\/de\/wp-json\/wp\/v2\/comments?post=279616"}],"wp:featuredmedia":[{"embeddable":true,"href":"https:\/\/www.huntersfriend.eu\/de\/wp-json\/wp\/v2\/media\/278335"}],"wp:attachment":[{"href":"https:\/\/www.huntersfriend.eu\/de\/wp-json\/wp\/v2\/media?parent=279616"}],"wp:term":[{"taxonomy":"product_brand","embeddable":true,"href":"https:\/\/www.huntersfriend.eu\/de\/wp-json\/wp\/v2\/product_brand?post=279616"},{"taxonomy":"product_cat","embeddable":true,"href":"https:\/\/www.huntersfriend.eu\/de\/wp-json\/wp\/v2\/product_cat?post=279616"},{"taxonomy":"product_tag","embeddable":true,"href":"https:\/\/www.huntersfriend.eu\/de\/wp-json\/wp\/v2\/product_tag?post=279616"}],"curies":[{"name":"wp","href":"https:\/\/api.w.org\/{rel}","templated":true}]}}