{"id":279613,"date":"2025-04-09T12:20:38","date_gmt":"2025-06-18T09:00:07","guid":{"rendered":"https:\/\/www.huntersfriend.eu\/product\/birchwood-casey-msr-kammerbuerste\/"},"modified":"2026-03-26T13:45:27","modified_gmt":"2026-03-26T11:45:27","slug":"birchwood-casey-msr-kammerbuerste","status":"publish","type":"product","link":"https:\/\/www.huntersfriend.eu\/de\/produkt\/birchwood-casey-msr-kammerbuerste\/","title":{"rendered":"Birchwood Casey MSR Kammerb\u00fcrste"},"content":{"rendered":"<p>Birchwood Casey MSR Kammerb\u00fcrsten unterst\u00fctzen die Entfernung von Kupfer-, Kohlenstoff- und Bleir\u00fcckst\u00e4nden aus Gewehrkammern. Gewindegr\u00f6\u00dfe 8-32. Bronzeborsten reinigen die Kammer, den Hals und die Schulter eines MSR. Die Stahlborsten an der Basis reinigen die Sternkammer der Verriegelungswarzen eines MSR.   <\/p>\n<ul>\n<li>Gewindegr\u00f6\u00dfe 8-32<\/li>\n<li>Hilft bei der Entfernung von Kupfer-, Kohlenstoff- und Bleir\u00fcckst\u00e4nden aus Gewehrkammern<\/li>\n<\/ul>\n","protected":false},"excerpt":{"rendered":"<p>Birchwood Casey MSR Kammerb\u00fcrsten unterst\u00fctzen die Entfernung von Kupfer-, Kohlenstoff- und Bleir\u00fcckst\u00e4nden aus Gewehrkammern. Gewindegr\u00f6\u00dfe 8-32. Bronzeborsten reinigen die Kammer, den Hals und die Schulter eines MSR. Die Stahlborsten an der Basis reinigen die Sternkammer der Verriegelungswarzen eines MSR. Gewindegr\u00f6\u00dfe 8-32 Hilft bei der Entfernung von Kupfer-, Kohlenstoff- und Bleir\u00fcckst\u00e4nden aus Gewehrkammern<\/p>\n","protected":false},"featured_media":278225,"comment_status":"open","ping_status":"closed","template":"","meta":[],"product_brand":[],"product_cat":[1421],"product_tag":[],"class_list":{"0":"post-279613","1":"product","2":"type-product","3":"status-publish","4":"has-post-thumbnail","6":"product_cat-reinigung-und-wartung-von-waffen","8":"first","9":"instock","10":"taxable","11":"shipping-taxable","12":"purchasable","13":"product-type-variable"},"composite_virtual":false,"composite_layout":"","composite_add_to_cart_form_location":"","composite_editable_in_cart":false,"composite_sold_individually_context":"","composite_shop_price_calc":"","composite_components":[],"composite_scenarios":[],"group_of_quantity":0,"min_quantity":0,"max_quantity":"","exclude_order_quantity_value_rules":"no","exclude_category_quantity_rules":"no","combine_variations":"no","exclude_global_add_ons":[],"addons":[],"_links":{"self":[{"href":"https:\/\/www.huntersfriend.eu\/de\/wp-json\/wp\/v2\/product\/279613","targetHints":{"allow":["GET"]}}],"collection":[{"href":"https:\/\/www.huntersfriend.eu\/de\/wp-json\/wp\/v2\/product"}],"about":[{"href":"https:\/\/www.huntersfriend.eu\/de\/wp-json\/wp\/v2\/types\/product"}],"replies":[{"embeddable":true,"href":"https:\/\/www.huntersfriend.eu\/de\/wp-json\/wp\/v2\/comments?post=279613"}],"wp:featuredmedia":[{"embeddable":true,"href":"https:\/\/www.huntersfriend.eu\/de\/wp-json\/wp\/v2\/media\/278225"}],"wp:attachment":[{"href":"https:\/\/www.huntersfriend.eu\/de\/wp-json\/wp\/v2\/media?parent=279613"}],"wp:term":[{"taxonomy":"product_brand","embeddable":true,"href":"https:\/\/www.huntersfriend.eu\/de\/wp-json\/wp\/v2\/product_brand?post=279613"},{"taxonomy":"product_cat","embeddable":true,"href":"https:\/\/www.huntersfriend.eu\/de\/wp-json\/wp\/v2\/product_cat?post=279613"},{"taxonomy":"product_tag","embeddable":true,"href":"https:\/\/www.huntersfriend.eu\/de\/wp-json\/wp\/v2\/product_tag?post=279613"}],"curies":[{"name":"wp","href":"https:\/\/api.w.org\/{rel}","templated":true}]}}