{"id":279612,"date":"2025-05-20T12:24:21","date_gmt":"2025-05-20T10:24:21","guid":{"rendered":"https:\/\/www.huntersfriend.eu\/product\/alps-mountaineering-cascade-90-rucksack\/"},"modified":"2025-06-18T11:00:06","modified_gmt":"2025-06-18T09:00:06","slug":"alps-mountaineering-cascade-90-rucksack","status":"publish","type":"product","link":"https:\/\/www.huntersfriend.eu\/de\/produkt\/alps-mountaineering-cascade-90-rucksack\/","title":{"rendered":"Alps Mountaineering Cascade 90 Rucksack"},"content":{"rendered":"<p>Der Cascade-Rucksack ist f\u00fcr den ernsthaften Rucksacktouristen konzipiert. Der r\u00f6hrenf\u00f6rmige Leichtrahmen ersetzt herk\u00f6mmliche Aluminiumst\u00e4be und erm\u00f6glicht es dem Rucksack, n\u00e4her am K\u00f6rper zu liegen, was eine bessere Gewichtsverteilung zur Folge hat. Der erweiterbare obere Deckel, das vollst\u00e4ndig zug\u00e4ngliche untere Fach und der gro\u00dfe Rei\u00dfverschluss an der Vorderseite bieten bequemen Zugang und Organisation f\u00fcr Ihre Ausr\u00fcstung. Die abnehmbare obere Tasche fungiert gleichzeitig als H\u00fcfttasche und bietet eine leichte Option, um Ihre essenzielle Ausr\u00fcstung bei Erkundungen mitzuf\u00fchren. Das leichte Design, die gro\u00dfe Lagerkapazit\u00e4t und alle zus\u00e4tzlichen Funktionen des Cascade 90 sind alles, was Sie f\u00fcr Ihr n\u00e4chstes \u00fcberregionales Abenteuer ben\u00f6tigen.    <\/p>\n<ul>\n<li>2678817 Lehmfarben<\/li>\n<li>7739911 Reservoir 3.0<\/li>\n<\/ul>\n<ul>\n<li>Leichtes 200D Nylon-Doppelripstop-Gewebe<\/li>\n<li>Abnehmbarer Brustgurt<\/li>\n<li>Nach vorne ziehbarer H\u00fcftgurt<\/li>\n<li>R\u00f6hrenf\u00f6rmiger Leichtrahmen<\/li>\n<li>Interne horizontale Trennwand<\/li>\n<li>Gro\u00dfz\u00fcgiger Frontzugang zum Hauptfach<\/li>\n<li>Vollzugriff auf das untere Fach &#8211; #10 Rei\u00dfverschluss<\/li>\n<li>Obere Tasche wandelbar in H\u00fcfttasche<\/li>\n<li>Toplader &#8211; erweiterbarer Deckel<\/li>\n<li>Schneefangkragen mit Kordelzug<\/li>\n<li>Gro\u00dfe Fronttasche<\/li>\n<li>Untere seitliche Flaschenhalter<\/li>\n<li>Befestigungspunkte an der Vorderseite des Rucksacks<\/li>\n<li>Traditionelle Trekkingstockschlaufen<\/li>\n<li>Seitliches Kompressionssystem<\/li>\n<li>Dehnbare seitliche Flaschenhalter<\/li>\n<li>Rettungspfeife am Brustgurt<\/li>\n<li>Hydrationssystem-kompatibel mit beidseitigen \u00d6ffnungen und Drei-Punkt-Reservoirbefestigung<\/li>\n<li>Luftdurchl\u00e4ssige Netzaufh\u00e4ngung f\u00fcr maximale Bel\u00fcftung<\/li>\n<li>Abnehmbarer gepolsterter H\u00fcftgurt mit Taschen<\/li>\n<li><a href=\"https:\/\/alpsmountaineering.com\/cascade-90-harness.html\">Kleine Tragegurtgr\u00f6\u00dfe verf\u00fcgbar<\/a><\/li>\n<li><a href=\"https:\/\/alpsmountaineering.com\/cascade-90.html\">Kleine und XL-H\u00fcftgurtoptionen verf\u00fcgbar<\/a><\/li>\n<li>Regenh\u00fclle ist ordentlich in einer Rei\u00dfverschlusstasche am Boden des Rucksacks verstaut, bis sie ben\u00f6tigt wird<\/li>\n<\/ul>\n<table>\n<tbody>\n<tr>\n<th colspan=\"2\" scope=\"col\">Cascade 90<\/th>\n<\/tr>\n<tr>\n<th scope=\"row\">Kapazit\u00e4t<\/th>\n<td>90L \/ 5500 in\u00b3<\/td>\n<\/tr>\n<tr>\n<th scope=\"row\">Torsobereich<\/th>\n<td>45,7 &#8211; 55,9 cm<\/td>\n<\/tr>\n<tr>\n<th scope=\"row\">H\u00fcftgurtbereich<\/th>\n<td>81,3 &#8211; 129,5 cm<\/td>\n<\/tr>\n<tr>\n<th scope=\"row\">Gewicht<\/th>\n<td>2,47 kg <\/td>\n<\/tr>\n<\/tbody>\n<\/table>\n<table>\n<tbody>\n<tr>\n<th colspan=\"2\" scope=\"col\">Reservoir 3.0<\/th>\n<\/tr>\n<tr>\n<th scope=\"row\">Kapazit\u00e4t<\/th>\n<td>3L \/ 183 in<sup>3<\/sup><\/td>\n<\/tr>\n<tr>\n<th scope=\"row\">Abmessungen<\/th>\n<td>16 \u201eH x 8\u201c B<\/td>\n<\/tr>\n<tr>\n<th scope=\"row\">Gewicht<\/th>\n<td>5 oz.<\/td>\n<\/tr>\n<\/tbody>\n<\/table>\n","protected":false},"excerpt":{"rendered":"<p>Der Cascade-Rucksack ist f\u00fcr den ernsthaften Rucksacktouristen konzipiert. Der r\u00f6hrenf\u00f6rmige Leichtrahmen ersetzt herk\u00f6mmliche Aluminiumst\u00e4be und erm\u00f6glicht es dem Rucksack, n\u00e4her am K\u00f6rper zu liegen, was eine bessere Gewichtsverteilung zur Folge hat. Der erweiterbare obere Deckel, das vollst\u00e4ndig zug\u00e4ngliche untere Fach und der gro\u00dfe Rei\u00dfverschluss an der Vorderseite bieten bequemen Zugang und Organisation f\u00fcr Ihre Ausr\u00fcstung. [&#8230;]\n","protected":false},"featured_media":278878,"comment_status":"open","ping_status":"closed","template":"","meta":[],"product_brand":[],"product_cat":[2043],"product_tag":[],"class_list":{"0":"post-279612","1":"product","2":"type-product","3":"status-publish","4":"has-post-thumbnail","6":"product_cat-rucksacke","7":"product_shipping_class-medium-de","9":"first","10":"instock","11":"sale","12":"taxable","13":"shipping-taxable","14":"purchasable","15":"product-type-simple"},"composite_virtual":false,"composite_layout":"","composite_add_to_cart_form_location":"","composite_editable_in_cart":false,"composite_sold_individually_context":"","composite_shop_price_calc":"","composite_components":[],"composite_scenarios":[],"group_of_quantity":0,"min_quantity":0,"max_quantity":"","exclude_order_quantity_value_rules":"no","exclude_category_quantity_rules":"no","combine_variations":"no","exclude_global_add_ons":[],"addons":[],"_links":{"self":[{"href":"https:\/\/www.huntersfriend.eu\/de\/wp-json\/wp\/v2\/product\/279612","targetHints":{"allow":["GET"]}}],"collection":[{"href":"https:\/\/www.huntersfriend.eu\/de\/wp-json\/wp\/v2\/product"}],"about":[{"href":"https:\/\/www.huntersfriend.eu\/de\/wp-json\/wp\/v2\/types\/product"}],"replies":[{"embeddable":true,"href":"https:\/\/www.huntersfriend.eu\/de\/wp-json\/wp\/v2\/comments?post=279612"}],"wp:featuredmedia":[{"embeddable":true,"href":"https:\/\/www.huntersfriend.eu\/de\/wp-json\/wp\/v2\/media\/278878"}],"wp:attachment":[{"href":"https:\/\/www.huntersfriend.eu\/de\/wp-json\/wp\/v2\/media?parent=279612"}],"wp:term":[{"taxonomy":"product_brand","embeddable":true,"href":"https:\/\/www.huntersfriend.eu\/de\/wp-json\/wp\/v2\/product_brand?post=279612"},{"taxonomy":"product_cat","embeddable":true,"href":"https:\/\/www.huntersfriend.eu\/de\/wp-json\/wp\/v2\/product_cat?post=279612"},{"taxonomy":"product_tag","embeddable":true,"href":"https:\/\/www.huntersfriend.eu\/de\/wp-json\/wp\/v2\/product_tag?post=279612"}],"curies":[{"name":"wp","href":"https:\/\/api.w.org\/{rel}","templated":true}]}}