{"id":279607,"date":"2025-05-20T10:18:10","date_gmt":"2025-06-18T09:00:04","guid":{"rendered":"https:\/\/www.huntersfriend.eu\/product\/alps-outdoorz-wasserdichter-gewehrkoffer\/"},"modified":"2025-11-28T12:23:01","modified_gmt":"2025-11-28T10:23:01","slug":"alps-outdoorz-wasserdichter-gewehrkoffer","status":"publish","type":"product","link":"https:\/\/www.huntersfriend.eu\/de\/produkt\/alps-outdoorz-wasserdichter-gewehrkoffer\/","title":{"rendered":"ALPS OutdoorZ wasserdichter Gewehrkoffer"},"content":{"rendered":"<p data-start=\"51\" data-end=\"146\"><strong data-start=\"51\" data-end=\"146\">ALPS OutdoorZ wasserdichter Gewehrkoffer \u2013 zuverl\u00e4ssiger Schutz f\u00fcr Ihre Schusswaffe unter allen Bedingungen<\/strong><\/p>\n<p data-start=\"148\" data-end=\"442\">Der <strong data-start=\"152\" data-end=\"191\">ALPS OutdoorZ wasserdichte Gewehrkoffer<\/strong> ist konzipiert, um ultimativen Schutz f\u00fcr Ihr Gewehr zu bieten, selbst in den anspruchsvollsten Umgebungen. Seine robuste Konstruktion und wasserdichten Eigenschaften machen ihn zu einer exzellenten Wahl f\u00fcr J\u00e4ger und Outdoor-Enthusiasten, die zuverl\u00e4ssigen Schutz f\u00fcr ihre Schusswaffe ben\u00f6tigen. <\/p>\n<p data-start=\"444\" data-end=\"473\"><strong data-start=\"444\" data-end=\"473\">Technische Spezifikationen:<\/strong><\/p>\n<ul data-start=\"475\" data-end=\"1032\">\n<li data-start=\"475\" data-end=\"545\">\n<p data-start=\"477\" data-end=\"545\"><strong data-start=\"477\" data-end=\"490\">Material:<\/strong> 500D verschwei\u00dftes PVC, resistent gegen Punktierungen und Abrieb<\/p>\n<\/li>\n<li data-start=\"546\" data-end=\"618\">\n<p data-start=\"548\" data-end=\"618\"><strong data-start=\"548\" data-end=\"566\">Wasserdichtigkeit:<\/strong> Rollverschlusssystem gew\u00e4hrleistet eine wasserdichte Abdichtung<\/p>\n<\/li>\n<li data-start=\"619\" data-end=\"705\">\n<p data-start=\"621\" data-end=\"705\"><strong data-start=\"621\" data-end=\"638\">Innenfutter:<\/strong> Hochdichter geschlossenzelliger Schaumstoff f\u00fcr Aufprallschutz und Auftrieb<\/p>\n<\/li>\n<li data-start=\"706\" data-end=\"802\">\n<p data-start=\"708\" data-end=\"802\"><strong data-start=\"708\" data-end=\"723\">Abmessungen:<\/strong> 57 \u201e(145 cm) L\u00e4nge x 11\u201c (28 cm) Breite; gerollte L\u00e4nge: 49 \u201e\u201353\u201c (124\u2013135 cm)<\/p>\n<\/li>\n<li data-start=\"803\" data-end=\"839\">\n<p data-start=\"805\" data-end=\"839\"><strong data-start=\"805\" data-end=\"816\">Gewicht:<\/strong> 2 lbs 9 oz (1,17 kg)<\/p>\n<\/li>\n<li data-start=\"840\" data-end=\"992\">\n<p data-start=\"842\" data-end=\"992\"><strong data-start=\"842\" data-end=\"860\">Kompatibilit\u00e4t:<\/strong> Geeignet f\u00fcr Gewehre bis zu 53 \u201e(135 cm) L\u00e4nge und 10,5\u201c (27 cm) H\u00f6he (von der Oberseite des Zielfernrohrs bis zum tiefsten Punkt des Gewehrs)<\/p>\n<\/li>\n<li data-start=\"993\" data-end=\"1032\">\n<p data-start=\"995\" data-end=\"1032\"><strong data-start=\"995\" data-end=\"1005\">Farbe:<\/strong> Erh\u00e4ltlich in Olivgr\u00fcn<\/p>\n<\/li>\n<\/ul>\n<p data-start=\"1034\" data-end=\"1047\"><strong data-start=\"1034\" data-end=\"1047\">Ausstattungsmerkmale:<\/strong><\/p>\n<ul data-start=\"1049\" data-end=\"1561\">\n<li data-start=\"1049\" data-end=\"1166\">\n<p data-start=\"1051\" data-end=\"1166\"><strong data-start=\"1051\" data-end=\"1079\">Wasserdichte Konstruktion:<\/strong> 500D verschwei\u00dftes PVC und Rollverschluss halten Ihre Schusswaffe unter allen Wetterbedingungen trocken<\/p>\n<\/li>\n<li data-start=\"1167\" data-end=\"1272\">\n<p data-start=\"1169\" data-end=\"1272\"><strong data-start=\"1169\" data-end=\"1190\">Sto\u00dfschutz:<\/strong> Hochdichter geschlossenzelliger Schaumstoff sch\u00fctzt das Gewehr vor St\u00f6\u00dfen und verleiht Auftrieb<\/p>\n<\/li>\n<li data-start=\"1273\" data-end=\"1386\">\n<p data-start=\"1275\" data-end=\"1386\"><strong data-start=\"1275\" data-end=\"1303\">Vielseitige Tragem\u00f6glichkeiten:<\/strong> Integrierter Tragegriff und verstellbarer, gepolsterter Schultergurt f\u00fcr einfachen Transport<\/p>\n<\/li>\n<li data-start=\"1387\" data-end=\"1495\">\n<p data-start=\"1389\" data-end=\"1495\"><strong data-start=\"1389\" data-end=\"1414\">Zubeh\u00f6rbefestigung:<\/strong> Drei externe Kompressionsriemen erm\u00f6glichen die Befestigung von Ausr\u00fcstung wie Stativen<\/p>\n<\/li>\n<li data-start=\"1496\" data-end=\"1561\">\n<p data-start=\"1498\" data-end=\"1561\"><strong data-start=\"1498\" data-end=\"1514\">Einfaches Trocknen:<\/strong> D-Ring zum Aufh\u00e4ngen des Koffers zum Trocknen nach Gebrauch<\/p>\n<\/li>\n<\/ul>\n<p data-start=\"1563\" data-end=\"1871\">Der <strong data-start=\"1567\" data-end=\"1606\">ALPS OutdoorZ wasserdichte Gewehrkoffer<\/strong> vereint Haltbarkeit, Wasserdichtigkeit und Funktionalit\u00e4t, um exzellenten Schutz f\u00fcr Ihre Schusswaffe w\u00e4hrend Reisen und Jagdausfl\u00fcgen zu bieten. Konzipiert unter Ber\u00fccksichtigung der Nutzerbed\u00fcrfnisse und harter Bedingungen, gew\u00e4hrleistet er, dass Ihr Gewehr sicher und trocken bleibt, ungeachtet wohin Ihre Abenteuer Sie f\u00fchren. <\/p>\n","protected":false},"excerpt":{"rendered":"<p>ALPS OutdoorZ wasserdichter Gewehrkoffer \u2013 zuverl\u00e4ssiger Schutz f\u00fcr Ihre Schusswaffe unter allen Bedingungen Der ALPS OutdoorZ wasserdichte Gewehrkoffer ist konzipiert, um ultimativen Schutz f\u00fcr Ihr Gewehr zu bieten, selbst in den anspruchsvollsten Umgebungen. Seine robuste Konstruktion und wasserdichten Eigenschaften machen ihn zu einer exzellenten Wahl f\u00fcr J\u00e4ger und Outdoor-Enthusiasten, die zuverl\u00e4ssigen Schutz f\u00fcr ihre Schusswaffe [&#8230;]\n","protected":false},"featured_media":278849,"comment_status":"open","ping_status":"closed","template":"","meta":[],"product_brand":[],"product_cat":[1774,1404,1420],"product_tag":[],"class_list":{"0":"post-279607","1":"product","2":"type-product","3":"status-publish","4":"has-post-thumbnail","6":"product_cat-jagd-rucksacke","7":"product_cat-jagdzubehor","8":"product_cat-futterale","9":"product_shipping_class-medium-de","11":"first","12":"outofstock","13":"taxable","14":"shipping-taxable","15":"purchasable","16":"product-type-simple"},"composite_virtual":false,"composite_layout":"","composite_add_to_cart_form_location":"","composite_editable_in_cart":false,"composite_sold_individually_context":"","composite_shop_price_calc":"","composite_components":[],"composite_scenarios":[],"group_of_quantity":0,"min_quantity":0,"max_quantity":"","exclude_order_quantity_value_rules":"no","exclude_category_quantity_rules":"no","combine_variations":"no","exclude_global_add_ons":[],"addons":[],"_links":{"self":[{"href":"https:\/\/www.huntersfriend.eu\/de\/wp-json\/wp\/v2\/product\/279607","targetHints":{"allow":["GET"]}}],"collection":[{"href":"https:\/\/www.huntersfriend.eu\/de\/wp-json\/wp\/v2\/product"}],"about":[{"href":"https:\/\/www.huntersfriend.eu\/de\/wp-json\/wp\/v2\/types\/product"}],"replies":[{"embeddable":true,"href":"https:\/\/www.huntersfriend.eu\/de\/wp-json\/wp\/v2\/comments?post=279607"}],"wp:featuredmedia":[{"embeddable":true,"href":"https:\/\/www.huntersfriend.eu\/de\/wp-json\/wp\/v2\/media\/278849"}],"wp:attachment":[{"href":"https:\/\/www.huntersfriend.eu\/de\/wp-json\/wp\/v2\/media?parent=279607"}],"wp:term":[{"taxonomy":"product_brand","embeddable":true,"href":"https:\/\/www.huntersfriend.eu\/de\/wp-json\/wp\/v2\/product_brand?post=279607"},{"taxonomy":"product_cat","embeddable":true,"href":"https:\/\/www.huntersfriend.eu\/de\/wp-json\/wp\/v2\/product_cat?post=279607"},{"taxonomy":"product_tag","embeddable":true,"href":"https:\/\/www.huntersfriend.eu\/de\/wp-json\/wp\/v2\/product_tag?post=279607"}],"curies":[{"name":"wp","href":"https:\/\/api.w.org\/{rel}","templated":true}]}}