{"id":279601,"date":"2025-04-04T09:51:34","date_gmt":"2025-04-04T07:51:34","guid":{"rendered":"https:\/\/www.huntersfriend.eu\/product\/pard-leopard-480-waermebildmonokular\/"},"modified":"2025-11-27T11:14:59","modified_gmt":"2025-11-27T09:14:59","slug":"pard-leopard-480-waermebildmonokular","status":"publish","type":"product","link":"https:\/\/www.huntersfriend.eu\/de\/produkt\/pard-leopard-480-waermebildmonokular\/","title":{"rendered":"Pard Leopard 480 W\u00e4rmebildmonokular"},"content":{"rendered":"<h4>VERBESSERTER SENSOR MIT <span class=\"color-text2\">H\u00d6HERER AUFL\u00d6SUNG &#8211; <\/span>ausgestattet mit einem <b>hochaufl\u00f6senden<\/b> Sensor mit einer Aufl\u00f6sung von <b>480*360<\/b>, gekoppelt mit modernster <b>ungek\u00fchlter VOx-Technologie<\/b>, die eine klare Sichtbarkeit zahlreicher Zieldetails und -eigenschaften gew\u00e4hrleistet.<\/h4>\n<h4 class=\"clear-right\">VERBESSERTES DISPLAY MIT H\u00d6HERER AUFL\u00d6SUNG VON 1920*1080 &#8211; ausgestattet mit einem ultrahochaufl\u00f6senden <b>1920*1080<\/b> Bildschirm f\u00fcr das Monokular, liefert der Leopard Beobachtungsbilder, die reichhaltiger, detaillierter und au\u00dfergew\u00f6hnlich klar sind.<\/h4>\n<h4>UNERREICHTE EMPFINDLICHKEIT MIT NETD \u2264 20mK &#8211; erkennt subtile Temperaturunterschiede unter <b>0,020\u00b0C<\/b>, liefert klarere, detailliertere Bilder und erm\u00f6glicht eine einfachere Identifizierung von Objekten unter verschiedenen Wetterbedingungen.<\/h4>\n<h4 class=\"clear-right\">INTEGRIERTER 1000m LASER-ENTFERNUNGSMESSER &#8211; das integrierte <b>1000m<\/b> Entfernungsmessermodul misst schnell und pr\u00e4zise und zeigt Zielentfernungen in Echtzeit an, was eine schnelle und fehlerfreie Beurteilung der Situation unterst\u00fctzt.<\/h4>\n<h4>SUPER KOMPAKTES DESIGN &#8211; mit seinem kompakten Design und leichten Gewicht von <b>360g<\/b>. Es verbessert erheblich den Beobachtungskomfort und die Bequemlichkeit,<br \/>\ngew\u00e4hrleistet eine l\u00e4ngere Nutzung ohne Erm\u00fcdung der H\u00e4nde. <\/h4>\n<section>\n<h6>Sensor<\/h6>\n<div class=\"info\">\n<p>Typ Ungek\u00fchltes VOx (Vanadiumoxid)<br \/>\nAufl\u00f6sung (Pixel) 480*360<br \/>\nPixelgr\u00f6\u00dfe (\u00b5m) 12*12<br \/>\nNETD \u226420mK (0,02\u00b0C)<br \/>\nBildrate (Hz) 50<br \/>\nErkennungsreichweite (m) 1200\/1800<\/p>\n<\/div>\n<\/section>\n<section>\n<h6>Optik<\/h6>\n<div class=\"info\">\n<p>Objektivlinse (mm) &#8211; 25\/35<br \/>\nOptische Vergr\u00f6\u00dferung (x) &#8211; 2\/2,8<br \/>\nDigitaler Zoom (x) 2\/4\/6\/8<br \/>\nSichtfeld (Horizontal) 13,1\u00b0\/9,4\u00b0<br \/>\nSichtfeld (Vertikal) 9,9\u00b0\/7,1\u00b0<br \/>\nSichtfeld (Diagonal) 16,4\u00b0\/11,7\u00b0<br \/>\nAugenabstand (mm) 20<br \/>\nDioptrieneinstellung (D) -5~5<\/p>\n<\/div>\n<\/section>\n<section>\n<h6>Anzeige<\/h6>\n<div class=\"info\">\n<p>Typ AMOLED<br \/>\nAufl\u00f6sung (Pixel) 1920*1080<br \/>\nSzenemodus Stadt\/Regen\/Wald<br \/>\nBildmodus WT-HOT\/BK-HOT\/EDGE\/RD-HOT\/IN-HOT\/SKY<\/p>\n<\/div>\n<\/section>\n<section>\n<h6>Foto \/ Video<\/h6>\n<div class=\"info\">\n<p>Fotoaufl\u00f6sung (Pixel) 1440*1080<br \/>\nFotoformat .JPG<br \/>\nVideoaufl\u00f6sung (Pixel) 1440*1080<br \/>\nVideoformat .mp4<br \/>\nSpeicher (GB) Micro SD-Karte (Max. 128GB)<br \/>\nBildprozessor Pard IREA<\/p>\n<\/div>\n<\/section>\n<section>\n<h6>Hauptfunktionen<\/h6>\n<div class=\"info\">\n<p>LRF Erkennungsbereich (m\/yd) 1000\/1200<br \/>\nPIP Ja<br \/>\nGyroskop Ja<br \/>\nSchleifenaufnahme Ja<br \/>\nHot Track Ja<br \/>\nE-Kompass Ja<br \/>\nVerschluss Mechanischer Verschluss<br \/>\nMikrofon Ja<br \/>\nFirmware-Upgrade Ja<\/p>\n<\/div>\n<\/section>\n<section>\n<h6>Anschl\u00fcsse<\/h6>\n<div class=\"info\">\n<p>USB Type-C Ja<br \/>\nHDMI Ausgang Ja<br \/>\nWLAN Ja<br \/>\nUnterst\u00fctzte Apps PardVision2<\/p>\n<\/div>\n<\/section>\n<section>\n<h6>Stromversorgung<\/h6>\n<div class=\"info\">\n<p>Batterietyp Lithium-Ionen 18650*1<br \/>\nAusgangsspannung (V) 3,7<br \/>\nBetriebszeit (h) \u22646<br \/>\nExterne Stromversorgung Type-C<\/p>\n<\/div>\n<\/section>\n<section>\n<h6>Umgebungseigenschaften<\/h6>\n<div class=\"info\">\n<p>Schutzart IP67<br \/>\nBetriebstemperatur (\u00b0C\/\u00b0F) -30 ~ +55 \/ -22 ~ +131<\/p>\n<\/div>\n<\/section>\n<section>\n<h6>Material<\/h6>\n<div class=\"info\">\n<p>Geh\u00e4use Aluminiumlegierung+Verbundwerkstoff<br \/>\nOkular Vollglas mehrfach beschichtete Linse<\/p>\n<\/div>\n<\/section>\n<section>\n<h6>Abmessungen<\/h6>\n<div class=\"info\">\n<p>Produktabmessungen (L x B x H, mm) 169*58*48<br \/>\nNettogewicht\/St\u00fcck (mit LRF&amp;Batterie, g) 360<\/p>\n<\/div>\n<\/section>\n","protected":false},"excerpt":{"rendered":"<p>VERBESSERTER SENSOR MIT H\u00d6HERER AUFL\u00d6SUNG &#8211; ausgestattet mit einem hochaufl\u00f6senden Sensor mit einer Aufl\u00f6sung von 480*360, gekoppelt mit modernster ungek\u00fchlter VOx-Technologie, die eine klare Sichtbarkeit zahlreicher Zieldetails und -eigenschaften gew\u00e4hrleistet. VERBESSERTES DISPLAY MIT H\u00d6HERER AUFL\u00d6SUNG VON 1920*1080 &#8211; ausgestattet mit einem ultrahochaufl\u00f6senden 1920*1080 Bildschirm f\u00fcr das Monokular, liefert der Leopard Beobachtungsbilder, die reichhaltiger, detaillierter und [&#8230;]\n","protected":false},"featured_media":278028,"comment_status":"open","ping_status":"closed","template":"","meta":[],"product_brand":[],"product_cat":[1376],"product_tag":[],"class_list":{"0":"post-279601","1":"product","2":"type-product","3":"status-publish","4":"has-post-thumbnail","6":"product_cat-warmebildtechnik","8":"first","9":"instock","10":"taxable","11":"shipping-taxable","12":"purchasable","13":"product-type-variable"},"composite_virtual":false,"composite_layout":"","composite_add_to_cart_form_location":"","composite_editable_in_cart":false,"composite_sold_individually_context":"","composite_shop_price_calc":"","composite_components":[],"composite_scenarios":[],"group_of_quantity":0,"min_quantity":0,"max_quantity":"","exclude_order_quantity_value_rules":"no","exclude_category_quantity_rules":"no","combine_variations":"no","exclude_global_add_ons":[],"addons":[],"_links":{"self":[{"href":"https:\/\/www.huntersfriend.eu\/de\/wp-json\/wp\/v2\/product\/279601","targetHints":{"allow":["GET"]}}],"collection":[{"href":"https:\/\/www.huntersfriend.eu\/de\/wp-json\/wp\/v2\/product"}],"about":[{"href":"https:\/\/www.huntersfriend.eu\/de\/wp-json\/wp\/v2\/types\/product"}],"replies":[{"embeddable":true,"href":"https:\/\/www.huntersfriend.eu\/de\/wp-json\/wp\/v2\/comments?post=279601"}],"wp:featuredmedia":[{"embeddable":true,"href":"https:\/\/www.huntersfriend.eu\/de\/wp-json\/wp\/v2\/media\/278028"}],"wp:attachment":[{"href":"https:\/\/www.huntersfriend.eu\/de\/wp-json\/wp\/v2\/media?parent=279601"}],"wp:term":[{"taxonomy":"product_brand","embeddable":true,"href":"https:\/\/www.huntersfriend.eu\/de\/wp-json\/wp\/v2\/product_brand?post=279601"},{"taxonomy":"product_cat","embeddable":true,"href":"https:\/\/www.huntersfriend.eu\/de\/wp-json\/wp\/v2\/product_cat?post=279601"},{"taxonomy":"product_tag","embeddable":true,"href":"https:\/\/www.huntersfriend.eu\/de\/wp-json\/wp\/v2\/product_tag?post=279601"}],"curies":[{"name":"wp","href":"https:\/\/api.w.org\/{rel}","templated":true}]}}