{"id":279581,"date":"2025-04-07T11:11:10","date_gmt":"2025-06-18T08:59:05","guid":{"rendered":"https:\/\/www.huntersfriend.eu\/product\/birchwood-casey-bronzebuerstenkopf-fuer-den-lauf\/"},"modified":"2026-01-01T16:51:26","modified_gmt":"2026-01-01T14:51:26","slug":"birchwood-casey-bronzebuerstenkopf-fuer-den-lauf","status":"publish","type":"product","link":"https:\/\/www.huntersfriend.eu\/de\/produkt\/birchwood-casey-bronzebuerstenkopf-fuer-den-lauf\/","title":{"rendered":"Birchwood Casey Bronzeb\u00fcrstenkopf f\u00fcr den Lauf"},"content":{"rendered":"<p class=\"O0\">Laufb\u00fcrsten sind ideal f\u00fcr die meisten Laufreinigungsarbeiten. Diese B\u00fcrsten bieten eine gr\u00fcndliche, multidirektionale Scheuerwirkung. Die Bronzeborsten kehren in ihre urspr\u00fcngliche Form zur\u00fcck und sind \u00e4u\u00dferst haltbar.  <\/p>\n<h6 class=\"O0\" role=\"heading\" data-uw-rm-heading=\"level\" aria-level=\"4\">Hauptmerkmale<\/h6>\n<ul>\n<li>Mehrere Kaliber-Optionen<\/li>\n<li>Eine Notwendigkeit zur Sicherstellung der Laufsauberkeit<\/li>\n<\/ul>\n","protected":false},"excerpt":{"rendered":"<p>Laufb\u00fcrsten sind ideal f\u00fcr die meisten Laufreinigungsarbeiten. Diese B\u00fcrsten bieten eine gr\u00fcndliche, multidirektionale Scheuerwirkung. Die Bronzeborsten kehren in ihre urspr\u00fcngliche Form zur\u00fcck und sind \u00e4u\u00dferst haltbar. Hauptmerkmale Mehrere Kaliber-Optionen Eine Notwendigkeit zur Sicherstellung der Laufsauberkeit<\/p>\n","protected":false},"featured_media":278161,"comment_status":"open","ping_status":"closed","template":"","meta":[],"product_brand":[],"product_cat":[1421],"product_tag":[],"class_list":{"0":"post-279581","1":"product","2":"type-product","3":"status-publish","4":"has-post-thumbnail","6":"product_cat-reinigung-und-wartung-von-waffen","8":"first","9":"instock","10":"taxable","11":"shipping-taxable","12":"purchasable","13":"product-type-variable"},"composite_virtual":false,"composite_layout":"","composite_add_to_cart_form_location":"","composite_editable_in_cart":false,"composite_sold_individually_context":"","composite_shop_price_calc":"","composite_components":[],"composite_scenarios":[],"group_of_quantity":0,"min_quantity":0,"max_quantity":"","exclude_order_quantity_value_rules":"no","exclude_category_quantity_rules":"no","combine_variations":"no","exclude_global_add_ons":[],"addons":[],"_links":{"self":[{"href":"https:\/\/www.huntersfriend.eu\/de\/wp-json\/wp\/v2\/product\/279581","targetHints":{"allow":["GET"]}}],"collection":[{"href":"https:\/\/www.huntersfriend.eu\/de\/wp-json\/wp\/v2\/product"}],"about":[{"href":"https:\/\/www.huntersfriend.eu\/de\/wp-json\/wp\/v2\/types\/product"}],"replies":[{"embeddable":true,"href":"https:\/\/www.huntersfriend.eu\/de\/wp-json\/wp\/v2\/comments?post=279581"}],"wp:featuredmedia":[{"embeddable":true,"href":"https:\/\/www.huntersfriend.eu\/de\/wp-json\/wp\/v2\/media\/278161"}],"wp:attachment":[{"href":"https:\/\/www.huntersfriend.eu\/de\/wp-json\/wp\/v2\/media?parent=279581"}],"wp:term":[{"taxonomy":"product_brand","embeddable":true,"href":"https:\/\/www.huntersfriend.eu\/de\/wp-json\/wp\/v2\/product_brand?post=279581"},{"taxonomy":"product_cat","embeddable":true,"href":"https:\/\/www.huntersfriend.eu\/de\/wp-json\/wp\/v2\/product_cat?post=279581"},{"taxonomy":"product_tag","embeddable":true,"href":"https:\/\/www.huntersfriend.eu\/de\/wp-json\/wp\/v2\/product_tag?post=279581"}],"curies":[{"name":"wp","href":"https:\/\/api.w.org\/{rel}","templated":true}]}}