{"id":279575,"date":"2025-04-16T14:14:09","date_gmt":"2025-06-18T08:58:28","guid":{"rendered":"https:\/\/www.huntersfriend.eu\/product\/meopta-meohunter-r5-3-15x50-rd-sfp-4c\/"},"modified":"2025-06-18T10:58:28","modified_gmt":"2025-06-18T08:58:28","slug":"meopta-meohunter-r5-3-15x50-rd-sfp-4c","status":"publish","type":"product","link":"https:\/\/www.huntersfriend.eu\/de\/produkt\/meopta-meohunter-r5-3-15x50-rd-sfp-4c\/","title":{"rendered":"Meopta MeoHunter R5 3-15&#215;50 RD SFP &#8211; 4C"},"content":{"rendered":"<p>Die ideale Wahl f\u00fcr unerfahrene J\u00e4ger und Sch\u00fctzen<br \/>\nBei dem Zielfernrohr MeoHunter R5 haben wir Elemente aus unseren hochwertigsten Produktlinien integriert und uns w\u00e4hrend des gesamten Entwicklungsprozesses darauf konzentriert, das bestm\u00f6gliche Preis-Leistungs-Verh\u00e4ltnis zu erzielen. Das MeoHunter R5 verf\u00fcgt \u00fcber die beliebtesten Jagdabsehen \u2013 4C und BDC 3 \u2013 mit fortschrittlicher Helligkeitsintensit\u00e4tsanpassung. Diese Absehen sind zudem kompatibel mit Nachtsicht- und W\u00e4rmebildger\u00e4ten.  <\/p>\n<p>Vergr\u00f6\u00dferung: 3\u201315<br \/>\nObjektivdurchmesser: 50 mm<br \/>\nHaupttubusdurchmesser: 30 mm<br \/>\nSehfeld auf 100 m: 12,4 \u2013 2,4 m<br \/>\nAbsehen: 4C, SFP (zweite Bildebene)<br \/>\nLeuchtpunkt: Ja, 11 Helligkeitsstufen mit 2-Stunden-Abschaltautomatik<br \/>\nVerstellung: 1 Klick = 1 cm\/100 m, verriegelbare T\u00fcrme<br \/>\nL\u00e4nge: 340 mm<br \/>\nGewicht: 635 g<br \/>\nParallaxenausgleich ab: 10 m<\/p>\n<p>Lieferumfang: Metallische Objektivschutzkappen, Bikini-Objektivschutzkappen, CR2032-Batterie und ein Schl\u00fcssel zur Turmnullstellung<\/p>\n","protected":false},"excerpt":{"rendered":"<p>Die ideale Wahl f\u00fcr unerfahrene J\u00e4ger und Sch\u00fctzen Bei dem Zielfernrohr MeoHunter R5 haben wir Elemente aus unseren hochwertigsten Produktlinien integriert und uns w\u00e4hrend des gesamten Entwicklungsprozesses darauf konzentriert, das bestm\u00f6gliche Preis-Leistungs-Verh\u00e4ltnis zu erzielen. Das MeoHunter R5 verf\u00fcgt \u00fcber die beliebtesten Jagdabsehen \u2013 4C und BDC 3 \u2013 mit fortschrittlicher Helligkeitsintensit\u00e4tsanpassung. Diese Absehen sind zudem [&#8230;]\n","protected":false},"featured_media":278401,"comment_status":"open","ping_status":"closed","template":"","meta":[],"product_brand":[],"product_cat":[1132],"product_tag":[],"class_list":{"0":"post-279575","1":"product","2":"type-product","3":"status-publish","4":"has-post-thumbnail","6":"product_cat-zielfernrohre","8":"first","9":"instock","10":"taxable","11":"shipping-taxable","12":"purchasable","13":"product-type-simple"},"composite_virtual":false,"composite_layout":"","composite_add_to_cart_form_location":"","composite_editable_in_cart":false,"composite_sold_individually_context":"","composite_shop_price_calc":"","composite_components":[],"composite_scenarios":[],"group_of_quantity":0,"min_quantity":0,"max_quantity":"","exclude_order_quantity_value_rules":"no","exclude_category_quantity_rules":"no","combine_variations":"no","exclude_global_add_ons":[],"addons":[],"_links":{"self":[{"href":"https:\/\/www.huntersfriend.eu\/de\/wp-json\/wp\/v2\/product\/279575","targetHints":{"allow":["GET"]}}],"collection":[{"href":"https:\/\/www.huntersfriend.eu\/de\/wp-json\/wp\/v2\/product"}],"about":[{"href":"https:\/\/www.huntersfriend.eu\/de\/wp-json\/wp\/v2\/types\/product"}],"replies":[{"embeddable":true,"href":"https:\/\/www.huntersfriend.eu\/de\/wp-json\/wp\/v2\/comments?post=279575"}],"wp:featuredmedia":[{"embeddable":true,"href":"https:\/\/www.huntersfriend.eu\/de\/wp-json\/wp\/v2\/media\/278401"}],"wp:attachment":[{"href":"https:\/\/www.huntersfriend.eu\/de\/wp-json\/wp\/v2\/media?parent=279575"}],"wp:term":[{"taxonomy":"product_brand","embeddable":true,"href":"https:\/\/www.huntersfriend.eu\/de\/wp-json\/wp\/v2\/product_brand?post=279575"},{"taxonomy":"product_cat","embeddable":true,"href":"https:\/\/www.huntersfriend.eu\/de\/wp-json\/wp\/v2\/product_cat?post=279575"},{"taxonomy":"product_tag","embeddable":true,"href":"https:\/\/www.huntersfriend.eu\/de\/wp-json\/wp\/v2\/product_tag?post=279575"}],"curies":[{"name":"wp","href":"https:\/\/api.w.org\/{rel}","templated":true}]}}