{"id":279569,"date":"2025-05-20T10:18:09","date_gmt":"2025-06-18T08:58:13","guid":{"rendered":"https:\/\/www.huntersfriend.eu\/product\/alps-outdoorz-alpha-gun-rest\/"},"modified":"2025-09-17T13:10:56","modified_gmt":"2025-09-17T11:10:56","slug":"alps-outdoorz-alpha-gun-rest","status":"publish","type":"product","link":"https:\/\/www.huntersfriend.eu\/de\/produkt\/alps-outdoorz-alpha-gun-rest\/","title":{"rendered":"Alps outdoorz Alpha Gun rest"},"content":{"rendered":"<p>Sicherheit hat oberste Priorit\u00e4t. Sichern und sch\u00fctzen Sie Ihre Schusswaffe in Ihrem Jagdschirm oder auf Ihrem Hochsitz mit unserer hochfesten, universellen Gewehrauflage. Gummibeschichtet, leichtgewichtig und ger\u00e4uscharm ist die Gewehrauflage ein hervorragendes Zubeh\u00f6r f\u00fcr Ihr Gewehr, Ihre Schrotflinte oder Ihren Vorderlader.  <\/p>\n<ul>\n<li>Langlebig, gummibeschichtet, aus geformtem Nylon mit hoher Flexibilit\u00e4t, erm\u00f6glicht eine sichere Befestigung Ihrer Schusswaffe zu allen Jahreszeiten<\/li>\n<li>Universelle Befestigung mit R\u00e4ndelschraube, passend f\u00fcr quadratische und runde Rahmen mit einem Durchmesser von 2,54 cm oder weniger<\/li>\n<li>Konzipiert f\u00fcr die Kombination mit dem <a href=\"https:\/\/alpsoutdoorz.com\/alpha-waterfowl-blind.html\">Alpha Waterfowl Blind<\/a> und hervorragend geeignet f\u00fcr eine Vielzahl von Hochsitzen und Jagdkanzeln<\/li>\n<li>Angeboten im 2er-Pack<\/li>\n<\/ul>\n<table>\n<tbody>\n<tr>\n<th scope=\"row\">Abmessungen<\/th>\n<td>7,62 cm L x 9,53 cm B x 6,35 cm H<\/td>\n<\/tr>\n<tr>\n<th scope=\"row\">Gewicht<\/th>\n<td>70,87 g \/ St\u00fcck <\/td>\n<\/tr>\n<\/tbody>\n<\/table>\n","protected":false},"excerpt":{"rendered":"<p>Sicherheit hat oberste Priorit\u00e4t. Sichern und sch\u00fctzen Sie Ihre Schusswaffe in Ihrem Jagdschirm oder auf Ihrem Hochsitz mit unserer hochfesten, universellen Gewehrauflage. Gummibeschichtet, leichtgewichtig und ger\u00e4uscharm ist die Gewehrauflage ein hervorragendes Zubeh\u00f6r f\u00fcr Ihr Gewehr, Ihre Schrotflinte oder Ihren Vorderlader. Langlebig, gummibeschichtet, aus geformtem Nylon mit hoher Flexibilit\u00e4t, erm\u00f6glicht eine sichere Befestigung Ihrer Schusswaffe zu [&#8230;]\n","protected":false},"featured_media":279094,"comment_status":"open","ping_status":"closed","template":"","meta":[],"product_brand":[],"product_cat":[1171,1417,1359],"product_tag":[],"class_list":{"0":"post-279569","1":"product","2":"type-product","3":"status-publish","4":"has-post-thumbnail","6":"product_cat-sitz-und-schirm-zubehoer","7":"product_cat-schiesauflagen","8":"product_cat-slings-accessories-de","10":"first","11":"instock","12":"taxable","13":"shipping-taxable","14":"purchasable","15":"product-type-simple"},"composite_virtual":false,"composite_layout":"","composite_add_to_cart_form_location":"","composite_editable_in_cart":false,"composite_sold_individually_context":"","composite_shop_price_calc":"","composite_components":[],"composite_scenarios":[],"group_of_quantity":0,"min_quantity":0,"max_quantity":"","exclude_order_quantity_value_rules":"no","exclude_category_quantity_rules":"no","combine_variations":"no","exclude_global_add_ons":[],"addons":[],"_links":{"self":[{"href":"https:\/\/www.huntersfriend.eu\/de\/wp-json\/wp\/v2\/product\/279569","targetHints":{"allow":["GET"]}}],"collection":[{"href":"https:\/\/www.huntersfriend.eu\/de\/wp-json\/wp\/v2\/product"}],"about":[{"href":"https:\/\/www.huntersfriend.eu\/de\/wp-json\/wp\/v2\/types\/product"}],"replies":[{"embeddable":true,"href":"https:\/\/www.huntersfriend.eu\/de\/wp-json\/wp\/v2\/comments?post=279569"}],"wp:featuredmedia":[{"embeddable":true,"href":"https:\/\/www.huntersfriend.eu\/de\/wp-json\/wp\/v2\/media\/279094"}],"wp:attachment":[{"href":"https:\/\/www.huntersfriend.eu\/de\/wp-json\/wp\/v2\/media?parent=279569"}],"wp:term":[{"taxonomy":"product_brand","embeddable":true,"href":"https:\/\/www.huntersfriend.eu\/de\/wp-json\/wp\/v2\/product_brand?post=279569"},{"taxonomy":"product_cat","embeddable":true,"href":"https:\/\/www.huntersfriend.eu\/de\/wp-json\/wp\/v2\/product_cat?post=279569"},{"taxonomy":"product_tag","embeddable":true,"href":"https:\/\/www.huntersfriend.eu\/de\/wp-json\/wp\/v2\/product_tag?post=279569"}],"curies":[{"name":"wp","href":"https:\/\/api.w.org\/{rel}","templated":true}]}}