{"id":279561,"date":"2025-06-05T10:03:02","date_gmt":"2025-06-05T08:03:02","guid":{"rendered":"https:\/\/www.huntersfriend.eu\/product\/alps-mountaineering-trockensack\/"},"modified":"2025-07-30T12:52:03","modified_gmt":"2025-07-30T10:52:03","slug":"alps-mountaineering-trockensack","status":"publish","type":"product","link":"https:\/\/www.huntersfriend.eu\/de\/produkt\/alps-mountaineering-trockensack\/","title":{"rendered":"Alps Mountaineering Trockensack"},"content":{"rendered":"<p>Der Trockensack ist ein Kompressions-Packsack, der \u00fcber Air Control verf\u00fcgt. Air Control ist ein wasserdichtes, luftdurchl\u00e4ssiges Gewebe, das es erm\u00f6glicht, die Luft herauszukomprimieren, ohne dass Wasser eindringen kann. Dieses hochentwickelte Gewebe bietet Ihnen die M\u00f6glichkeit, den Inhalt zu komprimieren und gleichzeitig die vollst\u00e4ndige Wasserdichtigkeit zu bewahren. Der Trockensack ist der ideale Kompressions-Packsack f\u00fcr feuchte Umgebungen (nicht f\u00fcr Tauchg\u00e4nge geeignet).   <\/p>\n<ul>\n<li>Wasserdichter Kompressions-Packsack<\/li>\n<li>Air Control-Bodengewebe erm\u00f6glicht das Herausdr\u00fccken von Luft<\/li>\n<li>70D Nylon-Ripstop-Seiten mit wasserdichter Beschichtung<\/li>\n<li>Wasserdicht versiegelte N\u00e4hte<\/li>\n<li>Bodengriff<\/li>\n<li>Verst\u00e4rkte Belastungspunkte<\/li>\n<li>Robustes und langlebiges Nylon-Gurtband<\/li>\n<\/ul>\n<table>\n<tbody>\n<tr>\n<td colspan=\"2\"><strong>10L<\/strong><\/td>\n<\/tr>\n<tr>\n<td><strong>Fassungsverm\u00f6gen<\/strong><\/td>\n<td>10L \/ 615 in\u00b3<\/td>\n<\/tr>\n<tr>\n<td><strong>Abmessungen<\/strong><\/td>\n<td>16 \u201eL x 7\u201c D<\/td>\n<\/tr>\n<tr>\n<td><strong>Gewicht<\/strong><\/td>\n<td>4,8 oz.<\/td>\n<\/tr>\n<tr>\n<td colspan=\"2\"><strong>20L<\/strong><\/td>\n<\/tr>\n<tr>\n<td><strong>Fassungsverm\u00f6gen<\/strong><\/td>\n<td>20L \/ 1220 in\u00b3<\/td>\n<\/tr>\n<tr>\n<td><strong>Abmessungen<\/strong><\/td>\n<td>20 \u201eL x 9\u201c D<\/td>\n<\/tr>\n<tr>\n<td><strong>Gewicht<\/strong><\/td>\n<td>6,4 oz.<\/td>\n<\/tr>\n<\/tbody>\n<\/table>\n","protected":false},"excerpt":{"rendered":"<p>Der Trockensack ist ein Kompressions-Packsack, der \u00fcber Air Control verf\u00fcgt. Air Control ist ein wasserdichtes, luftdurchl\u00e4ssiges Gewebe, das es erm\u00f6glicht, die Luft herauszukomprimieren, ohne dass Wasser eindringen kann. Dieses hochentwickelte Gewebe bietet Ihnen die M\u00f6glichkeit, den Inhalt zu komprimieren und gleichzeitig die vollst\u00e4ndige Wasserdichtigkeit zu bewahren. Der Trockensack ist der ideale Kompressions-Packsack f\u00fcr feuchte Umgebungen [&#8230;]\n","protected":false},"featured_media":278748,"comment_status":"open","ping_status":"closed","template":"","meta":[],"product_brand":[],"product_cat":[2050],"product_tag":[],"class_list":{"0":"post-279561","1":"product","2":"type-product","3":"status-publish","4":"has-post-thumbnail","6":"product_cat-campingzubehor","7":"product_shipping_class-medium-de","9":"first","10":"instock","11":"taxable","12":"shipping-taxable","13":"purchasable","14":"product-type-variable"},"composite_virtual":false,"composite_layout":"","composite_add_to_cart_form_location":"","composite_editable_in_cart":false,"composite_sold_individually_context":"","composite_shop_price_calc":"","composite_components":[],"composite_scenarios":[],"group_of_quantity":0,"min_quantity":0,"max_quantity":"","exclude_order_quantity_value_rules":"no","exclude_category_quantity_rules":"no","combine_variations":"no","exclude_global_add_ons":[],"addons":[],"_links":{"self":[{"href":"https:\/\/www.huntersfriend.eu\/de\/wp-json\/wp\/v2\/product\/279561","targetHints":{"allow":["GET"]}}],"collection":[{"href":"https:\/\/www.huntersfriend.eu\/de\/wp-json\/wp\/v2\/product"}],"about":[{"href":"https:\/\/www.huntersfriend.eu\/de\/wp-json\/wp\/v2\/types\/product"}],"replies":[{"embeddable":true,"href":"https:\/\/www.huntersfriend.eu\/de\/wp-json\/wp\/v2\/comments?post=279561"}],"wp:featuredmedia":[{"embeddable":true,"href":"https:\/\/www.huntersfriend.eu\/de\/wp-json\/wp\/v2\/media\/278748"}],"wp:attachment":[{"href":"https:\/\/www.huntersfriend.eu\/de\/wp-json\/wp\/v2\/media?parent=279561"}],"wp:term":[{"taxonomy":"product_brand","embeddable":true,"href":"https:\/\/www.huntersfriend.eu\/de\/wp-json\/wp\/v2\/product_brand?post=279561"},{"taxonomy":"product_cat","embeddable":true,"href":"https:\/\/www.huntersfriend.eu\/de\/wp-json\/wp\/v2\/product_cat?post=279561"},{"taxonomy":"product_tag","embeddable":true,"href":"https:\/\/www.huntersfriend.eu\/de\/wp-json\/wp\/v2\/product_tag?post=279561"}],"curies":[{"name":"wp","href":"https:\/\/api.w.org\/{rel}","templated":true}]}}