{"id":279559,"date":"2025-05-20T14:42:14","date_gmt":"2025-05-20T12:42:14","guid":{"rendered":"https:\/\/www.huntersfriend.eu\/product\/alps-mountaineering-graphite-20-trockenlagerung\/"},"modified":"2025-11-25T20:08:07","modified_gmt":"2025-11-25T18:08:07","slug":"alps-mountaineering-graphite-20-trockenlagerung","status":"publish","type":"product","link":"https:\/\/www.huntersfriend.eu\/de\/produkt\/alps-mountaineering-graphite-20-trockenlagerung\/","title":{"rendered":"Alps Mountaineering Graphite 20 Trockenlagerung"},"content":{"rendered":"<p>Unser neuer wasserdichter Rolltop-Rucksack ist Ihr n\u00e4chstes unverzichtbares Abenteuerausr\u00fcstungsst\u00fcck. Der Graphite 20 bietet die Funktionalit\u00e4t eines Trockensacks in einer bequem zu tragenden Rucksackkonfiguration. Gefertigt aus strapazierf\u00e4higem und wasserdichtem 300D-Polyester-Ripstop, verf\u00fcgt der Rucksack \u00fcber einen Rollverschluss und Kompressionsgurte, um den Inhalt zu sichern und das Eindringen von Wasser zu verhindern. Ein gepolstertes R\u00fcckenteil und verstellbare Schultergurte ber\u00fccksichtigen den Komfortfaktor, w\u00e4hrend eine durchgehende Daisy Chain externe Befestigungspunkte bietet. Begeben Sie sich auf den Wanderweg oder verstauen Sie ihn im Kajak und seien Sie gewiss, dass Ihre Ausr\u00fcstung trocken bleibt.    <\/p>\n<ul>\n<li>Strapazierf\u00e4higes, wasserdichtes 300D-Polyester-Ripstop<\/li>\n<li>Sicherer Rollverschluss mit oberem Kompressionsgurt<\/li>\n<li>Gepolstertes R\u00fcckenteil und Schultergurte<\/li>\n<li>Verstellbarer Brustgurt<\/li>\n<li>Seitliche Kompressions- und untere Kompressionsgurte<\/li>\n<li>Durchgehende Daisy Chain bietet multiple Befestigungspunkte<\/li>\n<li>Reparaturset inklusive<\/li>\n<\/ul>\n<table>\n<tbody>\n<tr>\n<th scope=\"row\">Kapazit\u00e4t<\/th>\n<td>20L \/ 1220 in\u00b3<\/td>\n<\/tr>\n<tr>\n<th scope=\"row\">Abmessungen (nach 3 Rollungen)<\/th>\n<td>45,7 cm H x 27,9 cm B x 12,7 cm T<\/td>\n<\/tr>\n<tr>\n<th scope=\"row\">Gewicht<\/th>\n<td>737 g <\/td>\n<\/tr>\n<\/tbody>\n<\/table>\n","protected":false},"excerpt":{"rendered":"<p>Unser neuer wasserdichter Rolltop-Rucksack ist Ihr n\u00e4chstes unverzichtbares Abenteuerausr\u00fcstungsst\u00fcck. Der Graphite 20 bietet die Funktionalit\u00e4t eines Trockensacks in einer bequem zu tragenden Rucksackkonfiguration. Gefertigt aus strapazierf\u00e4higem und wasserdichtem 300D-Polyester-Ripstop, verf\u00fcgt der Rucksack \u00fcber einen Rollverschluss und Kompressionsgurte, um den Inhalt zu sichern und das Eindringen von Wasser zu verhindern. Ein gepolstertes R\u00fcckenteil und verstellbare Schultergurte [&#8230;]\n","protected":false},"featured_media":278793,"comment_status":"open","ping_status":"closed","template":"","meta":[],"product_brand":[],"product_cat":[2050,2043],"product_tag":[],"class_list":{"0":"post-279559","1":"product","2":"type-product","3":"status-publish","4":"has-post-thumbnail","6":"product_cat-campingzubehor","7":"product_cat-rucksacke","9":"first","10":"instock","11":"sale","12":"taxable","13":"shipping-taxable","14":"purchasable","15":"product-type-simple"},"composite_virtual":false,"composite_layout":"","composite_add_to_cart_form_location":"","composite_editable_in_cart":false,"composite_sold_individually_context":"","composite_shop_price_calc":"","composite_components":[],"composite_scenarios":[],"group_of_quantity":0,"min_quantity":0,"max_quantity":"","exclude_order_quantity_value_rules":"no","exclude_category_quantity_rules":"no","combine_variations":"no","exclude_global_add_ons":[],"addons":[],"_links":{"self":[{"href":"https:\/\/www.huntersfriend.eu\/de\/wp-json\/wp\/v2\/product\/279559","targetHints":{"allow":["GET"]}}],"collection":[{"href":"https:\/\/www.huntersfriend.eu\/de\/wp-json\/wp\/v2\/product"}],"about":[{"href":"https:\/\/www.huntersfriend.eu\/de\/wp-json\/wp\/v2\/types\/product"}],"replies":[{"embeddable":true,"href":"https:\/\/www.huntersfriend.eu\/de\/wp-json\/wp\/v2\/comments?post=279559"}],"wp:featuredmedia":[{"embeddable":true,"href":"https:\/\/www.huntersfriend.eu\/de\/wp-json\/wp\/v2\/media\/278793"}],"wp:attachment":[{"href":"https:\/\/www.huntersfriend.eu\/de\/wp-json\/wp\/v2\/media?parent=279559"}],"wp:term":[{"taxonomy":"product_brand","embeddable":true,"href":"https:\/\/www.huntersfriend.eu\/de\/wp-json\/wp\/v2\/product_brand?post=279559"},{"taxonomy":"product_cat","embeddable":true,"href":"https:\/\/www.huntersfriend.eu\/de\/wp-json\/wp\/v2\/product_cat?post=279559"},{"taxonomy":"product_tag","embeddable":true,"href":"https:\/\/www.huntersfriend.eu\/de\/wp-json\/wp\/v2\/product_tag?post=279559"}],"curies":[{"name":"wp","href":"https:\/\/api.w.org\/{rel}","templated":true}]}}