{"id":279544,"date":"2025-05-26T07:22:17","date_gmt":"2025-06-18T05:31:25","guid":{"rendered":"https:\/\/www.huntersfriend.eu\/product\/svala-airbase-raglan-unterhemd\/"},"modified":"2026-03-11T14:36:35","modified_gmt":"2026-03-11T12:36:35","slug":"svala-airbase-raglan-unterhemd","status":"publish","type":"product","link":"https:\/\/www.huntersfriend.eu\/de\/produkt\/svala-airbase-raglan-unterhemd\/","title":{"rendered":"Svala Airbase Raglan Unterhemd"},"content":{"rendered":"<p data-start=\"51\" data-end=\"419\"><strong data-start=\"51\" data-end=\"81\">Das Svala Airbase Raglan Shirt<\/strong> ist konzipiert, um starker Beanspruchung und allen Arten von Bedingungen standzuhalten. Die Maschenstruktur des Gewebes f\u00e4ngt Luft effizient ein und ist atmungsaktiv, was es sowohl f\u00fcr kaltes als auch f\u00fcr warmes Wetter geeignet macht. Das Shirt ist au\u00dferordentlich komfortabel und warm auf der Haut, wodurch Sie hochintensive Aktivit\u00e4ten, Pausen und wechselnde Temperaturen ohne Bedenken genie\u00dfen k\u00f6nnen.  <\/p>\n<p data-start=\"421\" data-end=\"903\">Dieses Netzhemd ist ein zuverl\u00e4ssiger Begleiter f\u00fcr Outdoor-Arbeit und Hobbys. Es kann beispielsweise beim Kajakfahren im Sommer oder unter Wander-\/Jagdausr\u00fcstung in Bedingungen von sommerlicher Hitze bis zu mildem Frost getragen werden. Bei intensiver k\u00f6rperlicher Aktivit\u00e4t leistet es selbst bei Temperaturen bis zu -15\u00b0C gute Dienste. Bei k\u00e4lterem Wetter kann das Netzhemd unter Thermoschichten getragen werden, wo es Feuchtigkeit nach au\u00dfen transportiert, f\u00fcr Bel\u00fcftung sorgt und eine w\u00e4rmende Luftschicht auf der Hautoberfl\u00e4che bildet.   <\/p>\n<p data-start=\"905\" data-end=\"1490\">Das Shirt ist k\u00f6rpernah geschnitten und flexibel, mit einem O-Ausschnitt und Raglan\u00e4rmeln. Die Schultern\u00e4hte sind so konzipiert, dass sie beim Tragen von Ausr\u00fcstung keine Druckstellen verursachen \u2013 es gibt keine Naht direkt auf der Schulter. Stattdessen sind die N\u00e4hte auf beiden Seiten der Schulterlinie positioniert, was eine bessere Passform f\u00fcr verschiedene Schulterbreiten erm\u00f6glicht. Der hintere Saum ist l\u00e4nger. Hergestellt aus 100% Polypropylen-Garn, das vor dem Spinnen antibakteriell behandelt wurde, bleibt das Shirt l\u00e4nger frisch. Das Svala Airbase Raglan Shirt muss nicht h\u00e4ufig gewaschen werden \u2013 l\u00fcften Sie es einfach nach dem Gebrauch.     <\/p>\n<p data-start=\"1492\" data-end=\"1776\"><strong data-start=\"1492\" data-end=\"1505\">Material:<\/strong> 100% Polypropylen, silberionisiert und antibakteriell<br data-start=\"1558\" data-end=\"1561\"><strong data-start=\"1561\" data-end=\"1571\">Farbe:<\/strong> schwarz<br data-start=\"1577\" data-end=\"1580\"><strong data-start=\"1580\" data-end=\"1589\">W\u00e4sche:<\/strong> 60\u00b0C. Vorzugsweise in einem W\u00e4schesack, um zu verhindern, dass sich das Netzgewebe beispielsweise an Rei\u00dfverschl\u00fcssen anderer Kleidungsst\u00fccke verf\u00e4ngt. Das Waschen kann durch L\u00fcften des Shirts zwischen den Eins\u00e4tzen weniger h\u00e4ufig erfolgen.  <\/p>\n","protected":false},"excerpt":{"rendered":"<p>Das Svala Airbase Raglan Shirt ist konzipiert, um starker Beanspruchung und allen Arten von Bedingungen standzuhalten. Die Maschenstruktur des Gewebes f\u00e4ngt Luft effizient ein und ist atmungsaktiv, was es sowohl f\u00fcr kaltes als auch f\u00fcr warmes Wetter geeignet macht. Das Shirt ist au\u00dferordentlich komfortabel und warm auf der Haut, wodurch Sie hochintensive Aktivit\u00e4ten, Pausen und [&#8230;]\n","protected":false},"featured_media":278701,"comment_status":"open","ping_status":"closed","template":"","meta":[],"product_brand":[],"product_cat":[2580,1203],"product_tag":[],"class_list":{"0":"post-279544","1":"product","2":"type-product","3":"status-publish","4":"has-post-thumbnail","6":"product_cat-lager-pa-lager","7":"product_cat-kleidungsschichten","9":"first","10":"instock","11":"taxable","12":"shipping-taxable","13":"purchasable","14":"product-type-variable"},"composite_virtual":false,"composite_layout":"","composite_add_to_cart_form_location":"","composite_editable_in_cart":false,"composite_sold_individually_context":"","composite_shop_price_calc":"","composite_components":[],"composite_scenarios":[],"group_of_quantity":0,"min_quantity":0,"max_quantity":"","exclude_order_quantity_value_rules":"no","exclude_category_quantity_rules":"no","combine_variations":"no","exclude_global_add_ons":[],"addons":[],"_links":{"self":[{"href":"https:\/\/www.huntersfriend.eu\/de\/wp-json\/wp\/v2\/product\/279544","targetHints":{"allow":["GET"]}}],"collection":[{"href":"https:\/\/www.huntersfriend.eu\/de\/wp-json\/wp\/v2\/product"}],"about":[{"href":"https:\/\/www.huntersfriend.eu\/de\/wp-json\/wp\/v2\/types\/product"}],"replies":[{"embeddable":true,"href":"https:\/\/www.huntersfriend.eu\/de\/wp-json\/wp\/v2\/comments?post=279544"}],"wp:featuredmedia":[{"embeddable":true,"href":"https:\/\/www.huntersfriend.eu\/de\/wp-json\/wp\/v2\/media\/278701"}],"wp:attachment":[{"href":"https:\/\/www.huntersfriend.eu\/de\/wp-json\/wp\/v2\/media?parent=279544"}],"wp:term":[{"taxonomy":"product_brand","embeddable":true,"href":"https:\/\/www.huntersfriend.eu\/de\/wp-json\/wp\/v2\/product_brand?post=279544"},{"taxonomy":"product_cat","embeddable":true,"href":"https:\/\/www.huntersfriend.eu\/de\/wp-json\/wp\/v2\/product_cat?post=279544"},{"taxonomy":"product_tag","embeddable":true,"href":"https:\/\/www.huntersfriend.eu\/de\/wp-json\/wp\/v2\/product_tag?post=279544"}],"curies":[{"name":"wp","href":"https:\/\/api.w.org\/{rel}","templated":true}]}}