{"id":279537,"date":"2025-05-26T13:56:59","date_gmt":"2025-05-26T11:56:59","guid":{"rendered":"https:\/\/www.huntersfriend.eu\/product\/alps-mountaineering-hydro-trail-rucksack-15-oder-17\/"},"modified":"2025-06-18T07:31:15","modified_gmt":"2025-06-18T05:31:15","slug":"alps-mountaineering-hydro-trail-rucksack-15-oder-17","status":"publish","type":"product","link":"https:\/\/www.huntersfriend.eu\/de\/produkt\/alps-mountaineering-hydro-trail-rucksack-15-oder-17\/","title":{"rendered":"Alps Mountaineering Hydro Trail Rucksack (15 oder 17)"},"content":{"rendered":"<p>Radsport, Laufen, Wandern und Klettern sind allesamt Sportarten, die unterschiedliche Trainingsmethoden, Disziplinen und Ausr\u00fcstungen erfordern. Unabh\u00e4ngig von der jeweiligen Leidenschaft gibt es jedoch eine Sache, die f\u00fcr jeden Athleten unerl\u00e4sslich ist: der schnelle und einfache Zugang zu ausreichenden Wassermengen. Wassermangel kann rasch zu einer gef\u00e4hrlichen Situation f\u00fchren, und ein gut konzipierter Hydrationrucksack stellt die perfekte L\u00f6sung dar. Die vielf\u00e4ltige Auswahl an Hydrationrucksack-Designs von ALPS Mountaineering erm\u00f6glicht einen m\u00fchelosen und bequemen Wassertransport!  <\/p>\n<p>Der Hydro Trail 15 ist mit einem 3-Liter-ALPS-Hydrationsbeh\u00e4lter ausgestattet, bietet jedoch weit mehr als nur einen Hydrationrucksack. Der Rucksack verf\u00fcgt \u00fcber ein ger\u00e4umiges Hauptfach, eine vordere Organisationstasche, eine mit Fleece ausgekleidete Sonnenbrillentasche und eine erweiterbare vordere Dehnungstasche zur Aufbewahrung eines Helms. Ein 3D-Mesh-Aufh\u00e4ngesystem, Schultertr\u00e4ger aus Netzstoff und ein abnehmbarer H\u00fcftgurt verleihen dem Hydro Trail 15 eine eng anliegende, komfortable Passform am K\u00f6rper. Mit reflektierenden Details, seitlicher Kompression und integriertem Regenschutz ausgestattet, ist der Hydro Trail 15 der ultimative Rucksack f\u00fcr den Transport Ihrer wichtigsten Ausr\u00fcstung.   <\/p>\n<p>Farben &#8211; Grau\/Aprikose und Grau\/Chili<\/p>\n<ul>\n<li>3-Liter-ALPS-Hydrationsbeh\u00e4lter inklusive<\/li>\n<li>Leichtes 200D Nylon-Doppelripstop-Gewebe<\/li>\n<li>3D-Mesh-Aufh\u00e4ngesystem<\/li>\n<li>Mit Fleece ausgekleidete Sonnenbrillentasche<\/li>\n<li>Vordere Organisationstasche<\/li>\n<li>Vordere Dehnungstasche erweiterbar f\u00fcr Helm<\/li>\n<li>Seitliche Kompression und dehnbare Seitentaschen<\/li>\n<li>Abnehmbarer H\u00fcftgurt und Brustgurt<\/li>\n<li>Reflektierende Details<\/li>\n<li>Regenh\u00fclle ist ordentlich in einer Rei\u00dfverschlusstasche am Boden des Rucksacks verstaut, bis sie ben\u00f6tigt wird<\/li>\n<\/ul>\n<table>\n<tbody>\n<tr>\n<th scope=\"row\">Kapazit\u00e4t<\/th>\n<td>15L \/ 953 in<sup>3<\/sup><\/td>\n<\/tr>\n<tr>\n<th scope=\"row\">H\u00fcftgurtbereich<\/th>\n<td>passt bis zu 59&#8243;<\/td>\n<\/tr>\n<tr>\n<th scope=\"row\">Gewicht<\/th>\n<td>1,02 kg <\/td>\n<\/tr>\n<\/tbody>\n<\/table>\n<p>Der Hydro Trail 17 ist mit einem 3-Liter-ALPS-Hydrationsbeh\u00e4lter ausgestattet, bietet jedoch weit mehr als nur einen Hydrationrucksack. Der Rucksack verf\u00fcgt \u00fcber ein gro\u00dfes Hauptstaufach, eine vordere Organisationstasche, dehnbare Seitentaschen, Trekkingstockschlaufen und seitliche Kompression. Ein aufgeh\u00e4ngtes Mesh-R\u00fcckenpanel erm\u00f6glicht eine verbesserte Atmungsaktivit\u00e4t und Luftzirkulation, ohne die Passform zu beeintr\u00e4chtigen. Mit reflektierenden Details und integriertem Regenschutz ausgestattet, ist der Hydro Trail 17 ein Allround-Rucksack, der sich perfekt f\u00fcr den Transport Ihrer wichtigsten Ausr\u00fcstung eignet.   <\/p>\n<p>Farben &#8211; Grau\/Marineblau und Chili\/Grau<\/p>\n<ul>\n<li>3-Liter-ALPS-Hydrationsbeh\u00e4lter inklusive<\/li>\n<li>Leichtes 200D Nylon-Doppelripstop-Gewebe<\/li>\n<li>Aufgeh\u00e4ngtes Mesh-R\u00fcckenpanel<\/li>\n<li>Abnehmbarer Brustgurt<\/li>\n<li>Vordere Organisationstasche<\/li>\n<li>Trekkingstockschlaufen<\/li>\n<li>Seitliche Kompression<\/li>\n<li>Dehnbare Seitentaschen<\/li>\n<li>Reflektierende Details<\/li>\n<li>Regenh\u00fclle ist ordentlich in einer Rei\u00dfverschlusstasche am Boden des Rucksacks verstaut, bis sie ben\u00f6tigt wird<\/li>\n<\/ul>\n<table>\n<tbody>\n<tr>\n<th scope=\"row\">Kapazit\u00e4t<\/th>\n<td>17 L \/ 1038 in<sup>3<\/sup><\/td>\n<\/tr>\n<tr>\n<th scope=\"row\">H\u00fcftgurtbereich<\/th>\n<td>passt bis zu 54&#8243;<\/td>\n<\/tr>\n<tr>\n<th scope=\"row\">Gewicht<\/th>\n<td>0,96 kg <\/td>\n<\/tr>\n<\/tbody>\n<\/table>\n","protected":false},"excerpt":{"rendered":"<p>Radsport, Laufen, Wandern und Klettern sind allesamt Sportarten, die unterschiedliche Trainingsmethoden, Disziplinen und Ausr\u00fcstungen erfordern. Unabh\u00e4ngig von der jeweiligen Leidenschaft gibt es jedoch eine Sache, die f\u00fcr jeden Athleten unerl\u00e4sslich ist: der schnelle und einfache Zugang zu ausreichenden Wassermengen. Wassermangel kann rasch zu einer gef\u00e4hrlichen Situation f\u00fchren, und ein gut konzipierter Hydrationrucksack stellt die perfekte [&#8230;]\n","protected":false},"featured_media":279216,"comment_status":"open","ping_status":"closed","template":"","meta":[],"product_brand":[],"product_cat":[2043],"product_tag":[],"class_list":{"0":"post-279537","1":"product","2":"type-product","3":"status-publish","4":"has-post-thumbnail","6":"product_cat-rucksacke","7":"product_shipping_class-medium-de","9":"first","10":"instock","11":"sale","12":"taxable","13":"shipping-taxable","14":"purchasable","15":"product-type-variable"},"composite_virtual":false,"composite_layout":"","composite_add_to_cart_form_location":"","composite_editable_in_cart":false,"composite_sold_individually_context":"","composite_shop_price_calc":"","composite_components":[],"composite_scenarios":[],"group_of_quantity":0,"min_quantity":0,"max_quantity":"","exclude_order_quantity_value_rules":"no","exclude_category_quantity_rules":"no","combine_variations":"no","exclude_global_add_ons":[],"addons":[],"_links":{"self":[{"href":"https:\/\/www.huntersfriend.eu\/de\/wp-json\/wp\/v2\/product\/279537","targetHints":{"allow":["GET"]}}],"collection":[{"href":"https:\/\/www.huntersfriend.eu\/de\/wp-json\/wp\/v2\/product"}],"about":[{"href":"https:\/\/www.huntersfriend.eu\/de\/wp-json\/wp\/v2\/types\/product"}],"replies":[{"embeddable":true,"href":"https:\/\/www.huntersfriend.eu\/de\/wp-json\/wp\/v2\/comments?post=279537"}],"wp:featuredmedia":[{"embeddable":true,"href":"https:\/\/www.huntersfriend.eu\/de\/wp-json\/wp\/v2\/media\/279216"}],"wp:attachment":[{"href":"https:\/\/www.huntersfriend.eu\/de\/wp-json\/wp\/v2\/media?parent=279537"}],"wp:term":[{"taxonomy":"product_brand","embeddable":true,"href":"https:\/\/www.huntersfriend.eu\/de\/wp-json\/wp\/v2\/product_brand?post=279537"},{"taxonomy":"product_cat","embeddable":true,"href":"https:\/\/www.huntersfriend.eu\/de\/wp-json\/wp\/v2\/product_cat?post=279537"},{"taxonomy":"product_tag","embeddable":true,"href":"https:\/\/www.huntersfriend.eu\/de\/wp-json\/wp\/v2\/product_tag?post=279537"}],"curies":[{"name":"wp","href":"https:\/\/api.w.org\/{rel}","templated":true}]}}