{"id":279530,"date":"2025-05-26T14:04:32","date_gmt":"2025-05-26T12:04:32","guid":{"rendered":"https:\/\/www.huntersfriend.eu\/product\/alps-mountaineering-nomad-rt-rucksack\/"},"modified":"2026-03-18T22:00:57","modified_gmt":"2026-03-18T20:00:57","slug":"alps-mountaineering-nomad-rt-rucksack","status":"publish","type":"product","link":"https:\/\/www.huntersfriend.eu\/de\/produkt\/alps-mountaineering-nomad-rt-rucksack\/","title":{"rendered":"ALPS Mountaineering Nomad RT Rucksack"},"content":{"rendered":"<p>Der ALPS Mountaineering Nomad RT 38 wurde konzipiert, um den variablen Anforderungen eines Wanderers gerecht zu werden. Der Roll-Top-Rucksack bietet die M\u00f6glichkeit, das Volumen von 34 Litern auf 42 Liter zu erweitern. Das Hauptfach ist dank einer gro\u00dfen Rei\u00dfverschluss\u00f6ffnung leicht zug\u00e4nglich. Das verstellbare Aufh\u00e4ngesystem verf\u00fcgt \u00fcber zwei flache Aluminiumst\u00e4be und l\u00e4sst sich auf Oberk\u00f6rperl\u00e4ngen von 38-44,5 Zentimetern einstellen. Der H\u00fcftgurt mit abnehmbaren Taschen ist f\u00fcr Taillenumf\u00e4nge von 63,5-101,6 Zentimetern geeignet. Die elastischen Seitentaschen, seitlichen Kompressionsriemen, umfangreichen Daisy Chains und Wanderstockhalterungen des Nomad bieten zus\u00e4tzlichen Stauraum und Befestigungspunkte. Eine interne Hydrationstasche mit zwei seitlichen Ausg\u00e4ngen f\u00fcr den Trinkschlauch sowie eine integrierte Regenh\u00fclle sind ebenfalls enthalten. Der Nomad wurde sorgf\u00e4ltig konzipiert, um Ihr idealer Begleiter beim Rucksackwandern zu sein.       <\/p>\n<div class=\"list-heading\">Eigenschaften des Nomad RT 38<\/div>\n<ul>\n<li>Leichtes 200D Nylon-Doppelripstop-Gewebe<\/li>\n<li>Roll-Top erm\u00f6glicht die Erweiterung des Rucksackvolumens von 34 auf 42 Liter<\/li>\n<li>Gro\u00dfz\u00fcgiger Rei\u00dfverschlusszugang zum Hauptfach<\/li>\n<li>Zwei elastische Flaschenhalter<\/li>\n<li>Umfangreiche Daisy-Chain-Befestigungspunkte<\/li>\n<li>Doppelte Aluminiumrahmenst\u00e4be<\/li>\n<li>Seitliche Kompressionsriemen<\/li>\n<li>Lastenheber<\/li>\n<li>Abnehmbare Brustgurte<\/li>\n<li>Hydrationssystem-kompatibel mit beidseitigen \u00d6ffnungen und Drei-Punkt-Reservoirbefestigung<\/li>\n<li>Luftdurchl\u00e4ssige Netzaufh\u00e4ngung f\u00fcr maximale Bel\u00fcftung<\/li>\n<li>Nach vorne ziehbarer H\u00fcftgurt<\/li>\n<li>Abnehmbarer gepolsterter H\u00fcftgurt mit abnehmbaren Taschen<\/li>\n<li>Regenh\u00fclle ist ordentlich in einer Rei\u00dfverschlusstasche am Boden des Rucksacks verstaut, bis sie ben\u00f6tigt wird<\/li>\n<\/ul>\n<table>\n<tbody>\n<tr>\n<th colspan=\"2\" scope=\"col\">Nomad RT 38<\/th>\n<\/tr>\n<tr>\n<th scope=\"row\">Kapazit\u00e4t<\/th>\n<td>34 &#8211; 42 L \/ 2.075 &#8211; 2.563 in\u00b3<\/td>\n<\/tr>\n<tr>\n<th scope=\"row\">Oberk\u00f6rperl\u00e4ngenbereich<\/th>\n<td>36,8 &#8211; 44,5 cm<\/td>\n<\/tr>\n<tr>\n<th scope=\"row\">H\u00fcftgurtbereich<\/th>\n<td>63,5 &#8211; 111,8 cm<\/td>\n<\/tr>\n<tr>\n<th scope=\"row\">Gewicht<\/th>\n<td>1,99 kg <\/td>\n<\/tr>\n<\/tbody>\n<\/table>\n<div class=\"list-heading\">\nEigenschaften des Nomad RT 50<\/div>\n<ul>\n<li>Leichtes 200D Nylon-Doppelripstop-Gewebe<\/li>\n<li>Gro\u00dfz\u00fcgiger Rei\u00dfverschlusszugang zum Hauptfach<\/li>\n<li>Zwei elastische Flaschenhalter<\/li>\n<li>Umfangreiche Daisy-Chain-Befestigungspunkte<\/li>\n<li>Seitliche Kompressionsriemen<\/li>\n<li>Lastenheber<\/li>\n<li>Abnehmbare Brustgurte<\/li>\n<li>Hydrationssystem-kompatibel mit beidseitigen \u00d6ffnungen und Drei-Punkt-Reservoirbefestigung<\/li>\n<li>Luftdurchl\u00e4ssige Netzaufh\u00e4ngung f\u00fcr maximale Bel\u00fcftung<\/li>\n<li>Nach vorne ziehbarer H\u00fcftgurt<\/li>\n<li>Abnehmbarer gepolsterter H\u00fcftgurt mit abnehmbaren Taschen<\/li>\n<li><a href=\"https:\/\/alpsmountaineering.com\/nomad-waist-belt.html\">Kleine und XL-H\u00fcftgurtoptionen verf\u00fcgbar<\/a><\/li>\n<li>Roll-Top erm\u00f6glicht die Erweiterung des Rucksackvolumens von 40 auf 60 Liter<\/li>\n<li>Doppelte Aluminiumrahmenst\u00e4be<\/li>\n<li>Regenh\u00fclle ist ordentlich in einer Rei\u00dfverschlusstasche am Boden des Rucksacks verstaut, bis sie ben\u00f6tigt wird<\/li>\n<\/ul>\n<table>\n<tbody>\n<tr>\n<th colspan=\"2\" scope=\"col\">Nomad RT 50<\/th>\n<\/tr>\n<tr>\n<th scope=\"row\">Kapazit\u00e4t<\/th>\n<td>40 &#8211; 60 L \/ 2.441 &#8211; 3.661 in\u00b3<\/td>\n<\/tr>\n<tr>\n<th scope=\"row\">Oberk\u00f6rperl\u00e4ngenbereich<\/th>\n<td>39,4 &#8211; 52,1 cm<\/td>\n<\/tr>\n<tr>\n<th scope=\"row\">H\u00fcftgurtbereich<\/th>\n<td>81,3 &#8211; 129,5 cm<\/td>\n<\/tr>\n<tr>\n<th scope=\"row\">Gewicht<\/th>\n<td>2,18 kg <\/td>\n<\/tr>\n<\/tbody>\n<\/table>\n<div class=\"list-heading\">\nEigenschaften des Nomad RT 75<\/div>\n<ul>\n<li>Leichtes 200D Nylon-Doppelripstop-Gewebe<\/li>\n<li>Roll-Top erm\u00f6glicht die Erweiterung des Rucksackvolumens von 65 auf 85 Liter<\/li>\n<li>Gro\u00dfz\u00fcgiger Rei\u00dfverschlusszugang zum Hauptfach<\/li>\n<li>Zwei elastische Flaschenhalter<\/li>\n<li>Umfangreiche Daisy-Chain-Befestigungspunkte<\/li>\n<li>Doppelte Aluminiumrahmenst\u00e4be<\/li>\n<li>Seitliche Kompressionsriemen<\/li>\n<li>Lastenheber<\/li>\n<li>Abnehmbare Brustgurte<\/li>\n<li>Hydrationssystem-kompatibel mit beidseitigen \u00d6ffnungen und Drei-Punkt-Reservoirbefestigung<\/li>\n<li>Luftdurchl\u00e4ssige Netzaufh\u00e4ngung f\u00fcr maximale Bel\u00fcftung<\/li>\n<li>Nach vorne ziehbarer H\u00fcftgurt<\/li>\n<li>Abnehmbarer gepolsterter H\u00fcftgurt mit abnehmbaren Taschen<\/li>\n<li><a href=\"https:\/\/alpsmountaineering.com\/nomad-waist-belt.html\">Kleine und XL-H\u00fcftgurtoptionen verf\u00fcgbar<\/a><\/li>\n<li>Regenh\u00fclle ist ordentlich in einer Rei\u00dfverschlusstasche am Boden des Rucksacks verstaut, bis sie ben\u00f6tigt wird<\/li>\n<\/ul>\n<table>\n<tbody>\n<tr>\n<th colspan=\"2\" scope=\"col\">Nomad RT 75<\/th>\n<\/tr>\n<tr>\n<th scope=\"row\">Kapazit\u00e4t<\/th>\n<td>65 &#8211; 85 L \/ 3.965 in\u00b3 &#8211; 5.187 in\u00b3<\/td>\n<\/tr>\n<tr>\n<th scope=\"row\">Oberk\u00f6rperl\u00e4ngenbereich<\/th>\n<td>40,6 &#8211; 55,9 cm<\/td>\n<\/tr>\n<tr>\n<th scope=\"row\">H\u00fcftgurtbereich<\/th>\n<td>81,3 &#8211; 129,5 cm<\/td>\n<\/tr>\n<tr>\n<th scope=\"row\">Gewicht<\/th>\n<td>2,44 kg <\/td>\n<\/tr>\n<\/tbody>\n<\/table>\n","protected":false},"excerpt":{"rendered":"<p>Der ALPS Mountaineering Nomad RT 38 wurde konzipiert, um den variablen Anforderungen eines Wanderers gerecht zu werden. Der Roll-Top-Rucksack bietet die M\u00f6glichkeit, das Volumen von 34 Litern auf 42 Liter zu erweitern. Das Hauptfach ist dank einer gro\u00dfen Rei\u00dfverschluss\u00f6ffnung leicht zug\u00e4nglich. Das verstellbare Aufh\u00e4ngesystem verf\u00fcgt \u00fcber zwei flache Aluminiumst\u00e4be und l\u00e4sst sich auf Oberk\u00f6rperl\u00e4ngen von [&#8230;]\n","protected":false},"featured_media":278959,"comment_status":"open","ping_status":"closed","template":"","meta":[],"product_brand":[],"product_cat":[2043],"product_tag":[],"class_list":{"0":"post-279530","1":"product","2":"type-product","3":"status-publish","4":"has-post-thumbnail","6":"product_cat-rucksacke","7":"product_shipping_class-medium-de","9":"first","10":"instock","11":"sale","12":"taxable","13":"shipping-taxable","14":"purchasable","15":"product-type-variable"},"composite_virtual":false,"composite_layout":"","composite_add_to_cart_form_location":"","composite_editable_in_cart":false,"composite_sold_individually_context":"","composite_shop_price_calc":"","composite_components":[],"composite_scenarios":[],"group_of_quantity":0,"min_quantity":0,"max_quantity":"","exclude_order_quantity_value_rules":"no","exclude_category_quantity_rules":"no","combine_variations":"no","exclude_global_add_ons":[],"addons":[],"_links":{"self":[{"href":"https:\/\/www.huntersfriend.eu\/de\/wp-json\/wp\/v2\/product\/279530","targetHints":{"allow":["GET"]}}],"collection":[{"href":"https:\/\/www.huntersfriend.eu\/de\/wp-json\/wp\/v2\/product"}],"about":[{"href":"https:\/\/www.huntersfriend.eu\/de\/wp-json\/wp\/v2\/types\/product"}],"replies":[{"embeddable":true,"href":"https:\/\/www.huntersfriend.eu\/de\/wp-json\/wp\/v2\/comments?post=279530"}],"wp:featuredmedia":[{"embeddable":true,"href":"https:\/\/www.huntersfriend.eu\/de\/wp-json\/wp\/v2\/media\/278959"}],"wp:attachment":[{"href":"https:\/\/www.huntersfriend.eu\/de\/wp-json\/wp\/v2\/media?parent=279530"}],"wp:term":[{"taxonomy":"product_brand","embeddable":true,"href":"https:\/\/www.huntersfriend.eu\/de\/wp-json\/wp\/v2\/product_brand?post=279530"},{"taxonomy":"product_cat","embeddable":true,"href":"https:\/\/www.huntersfriend.eu\/de\/wp-json\/wp\/v2\/product_cat?post=279530"},{"taxonomy":"product_tag","embeddable":true,"href":"https:\/\/www.huntersfriend.eu\/de\/wp-json\/wp\/v2\/product_tag?post=279530"}],"curies":[{"name":"wp","href":"https:\/\/api.w.org\/{rel}","templated":true}]}}