{"id":279529,"date":"2025-05-20T12:30:08","date_gmt":"2025-05-20T10:30:08","guid":{"rendered":"https:\/\/www.huntersfriend.eu\/product\/alps-mountaineering-wasserreservoir-reinigungsset\/"},"modified":"2025-07-30T12:51:49","modified_gmt":"2025-07-30T10:51:49","slug":"alps-mountaineering-wasserreservoir-reinigungsset","status":"publish","type":"product","link":"https:\/\/www.huntersfriend.eu\/de\/produkt\/alps-mountaineering-wasserreservoir-reinigungsset\/","title":{"rendered":"Alps Mountaineering Wasserreservoir-Reinigungsset"},"content":{"rendered":"<p>Die Verwendung eines Reinigungssets zur S\u00e4uberung Ihres Reservoirs gew\u00e4hrleistet, dass es frisch, hygienisch und f\u00fcr jedes Abenteuer bereit bleibt. Regelm\u00e4\u00dfige Reinigung verhindert die Ansammlung von Schimmel, Bakterien und R\u00fcckst\u00e4nden, die sowohl den Geschmack als auch die Sicherheit Ihres Wassers beeintr\u00e4chtigen k\u00f6nnen. Mit speziellen B\u00fcrsten und Trocknungswerkzeugen erm\u00f6glicht ein Reinigungsset das einfache Erreichen jeder Ecke Ihres Reservoirs, verl\u00e4ngert dessen Lebensdauer und h\u00e4lt Ihr Hydratationssystem in optimalem Zustand.  <\/p>\n<ul>\n<li>Beinhaltet 3 flexible B\u00fcrsten und 1 Reservoiraufh\u00e4nger<\/li>\n<li>B\u00fcrsten in verschiedenen Gr\u00f6\u00dfen zur Reinigung von Trinkschl\u00e4uchen und schwer erreichbaren Ecken von Reservoirs<\/li>\n<li>Einfach in der Tragetasche zu verstauen<\/li>\n<li>Kompatibel mit den meisten Reservoirmarken<\/li>\n<li>Passt gut zu <a href=\"https:\/\/alpsmountaineering.com\/reservoir-3-0-grouped-page.html\">Reservoir 3.0<\/a>, <a href=\"https:\/\/alpsmountaineering.com\/magnetic-bite-valve.html\">Magnetic Bite Valve<\/a> und <a href=\"https:\/\/alpsmountaineering.com\/alps-reservoir-bite-valve-sheaths.html\">Bite Valve Sheath<\/a><\/li>\n<\/ul>\n<table>\n<tbody>\n<tr>\n<th scope=\"row\">Gewicht<\/th>\n<td>113 g<\/td>\n<\/tr>\n<\/tbody>\n<\/table>\n","protected":false},"excerpt":{"rendered":"<p>Die Verwendung eines Reinigungssets zur S\u00e4uberung Ihres Reservoirs gew\u00e4hrleistet, dass es frisch, hygienisch und f\u00fcr jedes Abenteuer bereit bleibt. Regelm\u00e4\u00dfige Reinigung verhindert die Ansammlung von Schimmel, Bakterien und R\u00fcckst\u00e4nden, die sowohl den Geschmack als auch die Sicherheit Ihres Wassers beeintr\u00e4chtigen k\u00f6nnen. Mit speziellen B\u00fcrsten und Trocknungswerkzeugen erm\u00f6glicht ein Reinigungsset das einfache Erreichen jeder Ecke Ihres [&#8230;]\n","protected":false},"featured_media":278767,"comment_status":"open","ping_status":"closed","template":"","meta":[],"product_brand":[],"product_cat":[2050],"product_tag":[],"class_list":{"0":"post-279529","1":"product","2":"type-product","3":"status-publish","4":"has-post-thumbnail","6":"product_cat-campingzubehor","8":"first","9":"instock","10":"sale","11":"taxable","12":"shipping-taxable","13":"purchasable","14":"product-type-simple"},"composite_virtual":false,"composite_layout":"","composite_add_to_cart_form_location":"","composite_editable_in_cart":false,"composite_sold_individually_context":"","composite_shop_price_calc":"","composite_components":[],"composite_scenarios":[],"group_of_quantity":0,"min_quantity":0,"max_quantity":"","exclude_order_quantity_value_rules":"no","exclude_category_quantity_rules":"no","combine_variations":"no","exclude_global_add_ons":[],"addons":[],"_links":{"self":[{"href":"https:\/\/www.huntersfriend.eu\/de\/wp-json\/wp\/v2\/product\/279529","targetHints":{"allow":["GET"]}}],"collection":[{"href":"https:\/\/www.huntersfriend.eu\/de\/wp-json\/wp\/v2\/product"}],"about":[{"href":"https:\/\/www.huntersfriend.eu\/de\/wp-json\/wp\/v2\/types\/product"}],"replies":[{"embeddable":true,"href":"https:\/\/www.huntersfriend.eu\/de\/wp-json\/wp\/v2\/comments?post=279529"}],"wp:featuredmedia":[{"embeddable":true,"href":"https:\/\/www.huntersfriend.eu\/de\/wp-json\/wp\/v2\/media\/278767"}],"wp:attachment":[{"href":"https:\/\/www.huntersfriend.eu\/de\/wp-json\/wp\/v2\/media?parent=279529"}],"wp:term":[{"taxonomy":"product_brand","embeddable":true,"href":"https:\/\/www.huntersfriend.eu\/de\/wp-json\/wp\/v2\/product_brand?post=279529"},{"taxonomy":"product_cat","embeddable":true,"href":"https:\/\/www.huntersfriend.eu\/de\/wp-json\/wp\/v2\/product_cat?post=279529"},{"taxonomy":"product_tag","embeddable":true,"href":"https:\/\/www.huntersfriend.eu\/de\/wp-json\/wp\/v2\/product_tag?post=279529"}],"curies":[{"name":"wp","href":"https:\/\/api.w.org\/{rel}","templated":true}]}}