{"id":279526,"date":"2025-05-26T13:51:48","date_gmt":"2025-05-26T11:51:48","guid":{"rendered":"https:\/\/www.huntersfriend.eu\/product\/alps-mountaineering-genesis-schlafsack-0-grad\/"},"modified":"2026-05-01T22:44:30","modified_gmt":"2026-05-01T20:44:30","slug":"alps-mountaineering-genesis-schlafsack-0-grad","status":"publish","type":"product","link":"https:\/\/www.huntersfriend.eu\/de\/produkt\/alps-mountaineering-genesis-schlafsack-0-grad\/","title":{"rendered":"Alps Mountaineering Genesis Schlafsack 0 Grad"},"content":{"rendered":"<p>Der Genesis Schlafsack verk\u00f6rpert das Engagement von ALPS Mountaineering, ein verantwortungsvoller Verwalter der Ressourcen der Erde zu sein, indem er unserem R3-Prinzip von Reduzieren, Wiederverwenden und Recyceln folgt. Das \u00e4u\u00dfere Gewebe besteht vollst\u00e4ndig aus recyceltem Polyester-Ripstop-Stoff. Das innere Gewebe ist ebenfalls aus recyceltem Polyester gefertigt. Das zweischichtige Design wird durch recycelte TechLoft Micro Isolierung getrennt. Mit der Wahl des Genesis schlafen Sie warm und ruhig in dem Wissen, dass Ihre Schlafsackwahl nicht nur perfekt f\u00fcr Ihren Komfort, sondern auch eine verantwortungsvolle Entscheidung f\u00fcr unsere Umwelt war.    <\/p>\n<p>0 Grad Fahrenheit entspricht etwa -18 Grad Celsius<\/p>\n<ul>\n<li>Polyester-Ripstop-Au\u00dfengewebe aus 100% recycelten Materialien, wodurch Abf\u00e4lle eliminiert und die Produktion neuer Materialien reduziert werden<\/li>\n<li>TechLoft Micro Isolierung aus 100% recycelten Plastikflaschen<\/li>\n<li>Recyceltes Polyester-Innenfutter<\/li>\n<li>Zweiter Rei\u00dfverschluss zum L\u00fcften oder Aufrichten<\/li>\n<li>Zweiwege-Vollrei\u00dfverschluss, der sich \u00fcber den gesamten Fu\u00dfbereich erstreckt und zus\u00e4tzliche Bel\u00fcftungsoptionen bietet<\/li>\n<li>Kompressions-Packsack<\/li>\n<\/ul>\n<table>\n<tbody>\n<tr>\n<th colspan=\"2\" scope=\"col\">Regul\u00e4r<\/th>\n<\/tr>\n<tr>\n<th scope=\"row\">Abmessungen<\/th>\n<td>80 \u201eL x 32\u201c B<\/td>\n<\/tr>\n<tr>\n<th scope=\"row\">F\u00fcllgewicht<\/th>\n<td>24 oz.<\/td>\n<\/tr>\n<tr>\n<th scope=\"row\">Gewicht<\/th>\n<td>2 lbs. 13 oz. <\/td>\n<\/tr>\n<tr>\n<th scope=\"row\">Packma\u00df<\/th>\n<td>15 \u201eL x 8,5\u201c D<\/td>\n<\/tr>\n<tr>\n<th scope=\"row\">Komprimiertes Ma\u00df<\/th>\n<td>11 \u201eL x 8,5\u201c D<\/td>\n<\/tr>\n<tr>\n<th colspan=\"2\" scope=\"col\">Lang<\/th>\n<\/tr>\n<tr>\n<th scope=\"row\">Abmessungen<\/th>\n<td>86 \u201eL x 34\u201c B<\/td>\n<\/tr>\n<tr>\n<th scope=\"row\">F\u00fcllgewicht<\/th>\n<td>26 oz.<\/td>\n<\/tr>\n<tr>\n<th scope=\"row\">Gewicht<\/th>\n<td>3 lbs. 1 oz. <\/td>\n<\/tr>\n<tr>\n<th scope=\"row\">Packma\u00df<\/th>\n<td>15 \u201eL x 9\u201c D<\/td>\n<\/tr>\n<tr>\n<th scope=\"row\">Komprimiertes Ma\u00df<\/th>\n<td>11 \u201eL x 9\u201c D<\/td>\n<\/tr>\n<\/tbody>\n<\/table>\n","protected":false},"excerpt":{"rendered":"<p>Der Genesis Schlafsack verk\u00f6rpert das Engagement von ALPS Mountaineering, ein verantwortungsvoller Verwalter der Ressourcen der Erde zu sein, indem er unserem R3-Prinzip von Reduzieren, Wiederverwenden und Recyceln folgt. Das \u00e4u\u00dfere Gewebe besteht vollst\u00e4ndig aus recyceltem Polyester-Ripstop-Stoff. Das innere Gewebe ist ebenfalls aus recyceltem Polyester gefertigt. Das zweischichtige Design wird durch recycelte TechLoft Micro Isolierung getrennt. [&#8230;]\n","protected":false},"featured_media":279238,"comment_status":"open","ping_status":"closed","template":"","meta":[],"product_brand":[],"product_cat":[2049],"product_tag":[],"class_list":{"0":"post-279526","1":"product","2":"type-product","3":"status-publish","4":"has-post-thumbnail","6":"product_cat-schlafsacke","7":"product_shipping_class-medium-de","9":"first","10":"instock","11":"taxable","12":"shipping-taxable","13":"purchasable","14":"product-type-variable"},"composite_virtual":false,"composite_layout":"","composite_add_to_cart_form_location":"","composite_editable_in_cart":false,"composite_sold_individually_context":"","composite_shop_price_calc":"","composite_components":[],"composite_scenarios":[],"group_of_quantity":0,"min_quantity":0,"max_quantity":"","exclude_order_quantity_value_rules":"no","exclude_category_quantity_rules":"no","combine_variations":"no","exclude_global_add_ons":[],"addons":[],"_links":{"self":[{"href":"https:\/\/www.huntersfriend.eu\/de\/wp-json\/wp\/v2\/product\/279526","targetHints":{"allow":["GET"]}}],"collection":[{"href":"https:\/\/www.huntersfriend.eu\/de\/wp-json\/wp\/v2\/product"}],"about":[{"href":"https:\/\/www.huntersfriend.eu\/de\/wp-json\/wp\/v2\/types\/product"}],"replies":[{"embeddable":true,"href":"https:\/\/www.huntersfriend.eu\/de\/wp-json\/wp\/v2\/comments?post=279526"}],"wp:featuredmedia":[{"embeddable":true,"href":"https:\/\/www.huntersfriend.eu\/de\/wp-json\/wp\/v2\/media\/279238"}],"wp:attachment":[{"href":"https:\/\/www.huntersfriend.eu\/de\/wp-json\/wp\/v2\/media?parent=279526"}],"wp:term":[{"taxonomy":"product_brand","embeddable":true,"href":"https:\/\/www.huntersfriend.eu\/de\/wp-json\/wp\/v2\/product_brand?post=279526"},{"taxonomy":"product_cat","embeddable":true,"href":"https:\/\/www.huntersfriend.eu\/de\/wp-json\/wp\/v2\/product_cat?post=279526"},{"taxonomy":"product_tag","embeddable":true,"href":"https:\/\/www.huntersfriend.eu\/de\/wp-json\/wp\/v2\/product_tag?post=279526"}],"curies":[{"name":"wp","href":"https:\/\/api.w.org\/{rel}","templated":true}]}}