{"id":279522,"date":"2025-05-26T13:48:16","date_gmt":"2025-05-26T11:48:16","guid":{"rendered":"https:\/\/www.huntersfriend.eu\/product\/alps-mountaineering-vibe-schlafsack-20-und-0-grad\/"},"modified":"2026-05-01T22:44:29","modified_gmt":"2026-05-01T20:44:29","slug":"alps-mountaineering-vibe-schlafsack-20-und-0-grad","status":"publish","type":"product","link":"https:\/\/www.huntersfriend.eu\/de\/produkt\/alps-mountaineering-vibe-schlafsack-20-und-0-grad\/","title":{"rendered":"Alps mountaineering vibe Schlafsack 20 und 0 Grad"},"content":{"rendered":"<p>Der Vibe Schlafsack bietet leichtgewichtiges, kompaktes Schlafen mit erstklassiger thermischer Effizienz. Er ist mit synthetischer TechLoft Micro Isolierung ausgestattet, die aus mehrfach denier Stapelfasern besteht, welche eine silikonisierte Oberfl\u00e4che f\u00fcr maximale Isolierung, Bauschkraft und Kompaktheit aufweisen. Die zweischichtige Konstruktion und die konturierte Kapuzenmummienform tragen dazu bei, die W\u00e4rme in k\u00fchlen N\u00e4chten zu maximieren. Der Vibe verf\u00fcgt zudem \u00fcber eine isolierte Brust- und Rei\u00dfverschlussblende zur Bek\u00e4mpfung von W\u00e4rmeverlust. Komfort und Langlebigkeit werden durch eine hochwertige Polyester-Ripstop-Au\u00dfenh\u00fclle und ein weiches Polyesterfutter gew\u00e4hrleistet. Der #8 Trennrei\u00dfverschluss sorgt f\u00fcr Langlebigkeit und reibungslosen Betrieb. Mit seinem hochwertigen Design und seiner Konstruktion zu einem unwiderstehlich g\u00fcnstigen Preis wird der leichte, kompakte Vibe Sie auf Ihrem n\u00e4chsten Backpacking-Abenteuer nicht entt\u00e4uschen!      <\/p>\n<ul>\n<li>TechLoft Micro Isolierung<\/li>\n<li>Zweischichtige versetzte Konstruktion<\/li>\n<li>#8 Trennrei\u00dfverschl\u00fcsse<\/li>\n<li>Isolierte Brust- und Rei\u00dfverschlussblende<\/li>\n<li>Polyester-Ripstop-Au\u00dfenmaterial<\/li>\n<li>Polyesterfutter<\/li>\n<li>Kompressions-Packsack<\/li>\n<\/ul>\n<table>\n<tbody>\n<tr>\n<th colspan=\"2\" scope=\"col\">Regul\u00e4r<\/th>\n<\/tr>\n<tr>\n<th scope=\"row\">Abmessungen<\/th>\n<td>80 \u201eL x 32\u201c B<\/td>\n<\/tr>\n<tr>\n<th scope=\"row\">F\u00fcllgewicht<\/th>\n<td>879 g<\/td>\n<\/tr>\n<tr>\n<th scope=\"row\">Gewicht<\/th>\n<td>1,42 kg <\/td>\n<\/tr>\n<tr>\n<th scope=\"row\">Verpackte Gr\u00f6\u00dfe<\/th>\n<td>44,5 \u201ecm L x 20\u201c cm D<\/td>\n<\/tr>\n<tr>\n<th scope=\"row\">Komprimierte Gr\u00f6\u00dfe<\/th>\n<td>31,8 \u201ecm L x 20\u201c cm D<\/td>\n<\/tr>\n<tr>\n<th colspan=\"2\" scope=\"col\">Lang<\/th>\n<\/tr>\n<tr>\n<th scope=\"row\">Abmessungen<\/th>\n<td>86 \u201eL x 34\u201c B<\/td>\n<\/tr>\n<tr>\n<th scope=\"row\">F\u00fcllgewicht<\/th>\n<td>992 g<\/td>\n<\/tr>\n<tr>\n<th scope=\"row\">Gewicht<\/th>\n<td>1,53 kg <\/td>\n<\/tr>\n<tr>\n<th scope=\"row\">Verpackte Gr\u00f6\u00dfe<\/th>\n<td>45,7 \u201ecm L x 21,6\u201c cm D<\/td>\n<\/tr>\n<tr>\n<th scope=\"row\">Komprimierte Gr\u00f6\u00dfe<\/th>\n<td>33 \u201ecm L x 21,6\u201c cm D<\/td>\n<\/tr>\n<\/tbody>\n<\/table>\n","protected":false},"excerpt":{"rendered":"<p>Der Vibe Schlafsack bietet leichtgewichtiges, kompaktes Schlafen mit erstklassiger thermischer Effizienz. Er ist mit synthetischer TechLoft Micro Isolierung ausgestattet, die aus mehrfach denier Stapelfasern besteht, welche eine silikonisierte Oberfl\u00e4che f\u00fcr maximale Isolierung, Bauschkraft und Kompaktheit aufweisen. Die zweischichtige Konstruktion und die konturierte Kapuzenmummienform tragen dazu bei, die W\u00e4rme in k\u00fchlen N\u00e4chten zu maximieren. Der Vibe [&#8230;]\n","protected":false},"featured_media":279306,"comment_status":"open","ping_status":"closed","template":"","meta":[],"product_brand":[],"product_cat":[2049],"product_tag":[],"class_list":{"0":"post-279522","1":"product","2":"type-product","3":"status-publish","4":"has-post-thumbnail","6":"product_cat-schlafsacke","7":"product_shipping_class-medium-de","9":"first","10":"instock","11":"taxable","12":"shipping-taxable","13":"purchasable","14":"product-type-variable"},"composite_virtual":false,"composite_layout":"","composite_add_to_cart_form_location":"","composite_editable_in_cart":false,"composite_sold_individually_context":"","composite_shop_price_calc":"","composite_components":[],"composite_scenarios":[],"group_of_quantity":0,"min_quantity":0,"max_quantity":"","exclude_order_quantity_value_rules":"no","exclude_category_quantity_rules":"no","combine_variations":"no","exclude_global_add_ons":[],"addons":[],"_links":{"self":[{"href":"https:\/\/www.huntersfriend.eu\/de\/wp-json\/wp\/v2\/product\/279522","targetHints":{"allow":["GET"]}}],"collection":[{"href":"https:\/\/www.huntersfriend.eu\/de\/wp-json\/wp\/v2\/product"}],"about":[{"href":"https:\/\/www.huntersfriend.eu\/de\/wp-json\/wp\/v2\/types\/product"}],"replies":[{"embeddable":true,"href":"https:\/\/www.huntersfriend.eu\/de\/wp-json\/wp\/v2\/comments?post=279522"}],"wp:featuredmedia":[{"embeddable":true,"href":"https:\/\/www.huntersfriend.eu\/de\/wp-json\/wp\/v2\/media\/279306"}],"wp:attachment":[{"href":"https:\/\/www.huntersfriend.eu\/de\/wp-json\/wp\/v2\/media?parent=279522"}],"wp:term":[{"taxonomy":"product_brand","embeddable":true,"href":"https:\/\/www.huntersfriend.eu\/de\/wp-json\/wp\/v2\/product_brand?post=279522"},{"taxonomy":"product_cat","embeddable":true,"href":"https:\/\/www.huntersfriend.eu\/de\/wp-json\/wp\/v2\/product_cat?post=279522"},{"taxonomy":"product_tag","embeddable":true,"href":"https:\/\/www.huntersfriend.eu\/de\/wp-json\/wp\/v2\/product_tag?post=279522"}],"curies":[{"name":"wp","href":"https:\/\/api.w.org\/{rel}","templated":true}]}}