{"id":279482,"date":"2025-06-18T00:26:17","date_gmt":"2025-06-17T22:26:17","guid":{"rendered":"https:\/\/www.huntersfriend.eu\/product\/aufbewahrungstasche-fuer-alpinismus-der-marke-alps\/"},"modified":"2026-05-01T22:44:17","modified_gmt":"2026-05-01T20:44:17","slug":"aufbewahrungstasche-fuer-alpinismus-der-marke-alps","status":"publish","type":"product","link":"https:\/\/www.huntersfriend.eu\/de\/produkt\/aufbewahrungstasche-fuer-alpinismus-der-marke-alps\/","title":{"rendered":"Aufbewahrungstasche f\u00fcr Alpinismus der Marke Alps"},"content":{"rendered":"<p>Eine einfache und stilvolle G\u00fcrteltasche f\u00fcr den t\u00e4glichen Gebrauch, in der Sie bequem alle wichtigen Dinge in drei Rei\u00dfverschlusstaschen verstauen k\u00f6nnen. Die zahlreichen Organisationsf\u00e4cher und -einteilungen sorgen daf\u00fcr, dass alles seinen Platz hat, und das hintere Rei\u00dfverschlussfach ist vollst\u00e4ndig gepolstert, um zerbrechliche Gegenst\u00e4nde besser zu sch\u00fctzen. <\/p>\n<ul>\n<li>1000076 Delphin Grau<\/li>\n<\/ul>\n<ul>\n<li>3 Rei\u00dfverschlussf\u00e4cher: gro\u00dfes Hauptfach mit Schl\u00fcsselclip, vordere Zubeh\u00f6rtasche, hinteres Sicherheitsfach (vollst\u00e4ndig gepolstert)<\/li>\n<li>Leichtes 200D Nylon-Doppelripstop-Gewebe<\/li>\n<li>Verstellbarer Gurtband<\/li>\n<li>Schlicht und stilvoll, f\u00fcr den t\u00e4glichen Gebrauch<\/li>\n<\/ul>\n<table>\n<tbody>\n<tr>\n<th scope=\"row\">Abmessungen<\/th>\n<td>11,4 cm H x 26,7 cm B x 7,6 cm T<\/td>\n<\/tr>\n<tr>\n<th scope=\"row\">Taillenumfang<\/th>\n<td>38 \u201e- 137\u201c<\/td>\n<\/tr>\n<tr>\n<th scope=\"row\">Gewicht<\/th>\n<td>113 g<\/td>\n<\/tr>\n<\/tbody>\n<\/table>\n","protected":false},"excerpt":{"rendered":"<p>Eine einfache und stilvolle G\u00fcrteltasche f\u00fcr den t\u00e4glichen Gebrauch, in der Sie bequem alle wichtigen Dinge in drei Rei\u00dfverschlusstaschen verstauen k\u00f6nnen. Die zahlreichen Organisationsf\u00e4cher und -einteilungen sorgen daf\u00fcr, dass alles seinen Platz hat, und das hintere Rei\u00dfverschlussfach ist vollst\u00e4ndig gepolstert, um zerbrechliche Gegenst\u00e4nde besser zu sch\u00fctzen. 1000076 Delphin Grau 3 Rei\u00dfverschlussf\u00e4cher: gro\u00dfes Hauptfach mit Schl\u00fcsselclip, [&#8230;]\n","protected":false},"featured_media":284911,"comment_status":"open","ping_status":"closed","template":"","meta":[],"product_brand":[],"product_cat":[2043],"product_tag":[],"class_list":{"0":"post-279482","1":"product","2":"type-product","3":"status-publish","4":"has-post-thumbnail","6":"product_cat-rucksacke","8":"first","9":"instock","10":"taxable","11":"shipping-taxable","12":"purchasable","13":"product-type-simple"},"composite_virtual":false,"composite_layout":"","composite_add_to_cart_form_location":"","composite_editable_in_cart":false,"composite_sold_individually_context":"","composite_shop_price_calc":"","composite_components":[],"composite_scenarios":[],"group_of_quantity":0,"min_quantity":0,"max_quantity":"","exclude_order_quantity_value_rules":"no","exclude_category_quantity_rules":"no","combine_variations":"no","exclude_global_add_ons":[],"addons":[],"_links":{"self":[{"href":"https:\/\/www.huntersfriend.eu\/de\/wp-json\/wp\/v2\/product\/279482","targetHints":{"allow":["GET"]}}],"collection":[{"href":"https:\/\/www.huntersfriend.eu\/de\/wp-json\/wp\/v2\/product"}],"about":[{"href":"https:\/\/www.huntersfriend.eu\/de\/wp-json\/wp\/v2\/types\/product"}],"replies":[{"embeddable":true,"href":"https:\/\/www.huntersfriend.eu\/de\/wp-json\/wp\/v2\/comments?post=279482"}],"wp:featuredmedia":[{"embeddable":true,"href":"https:\/\/www.huntersfriend.eu\/de\/wp-json\/wp\/v2\/media\/284911"}],"wp:attachment":[{"href":"https:\/\/www.huntersfriend.eu\/de\/wp-json\/wp\/v2\/media?parent=279482"}],"wp:term":[{"taxonomy":"product_brand","embeddable":true,"href":"https:\/\/www.huntersfriend.eu\/de\/wp-json\/wp\/v2\/product_brand?post=279482"},{"taxonomy":"product_cat","embeddable":true,"href":"https:\/\/www.huntersfriend.eu\/de\/wp-json\/wp\/v2\/product_cat?post=279482"},{"taxonomy":"product_tag","embeddable":true,"href":"https:\/\/www.huntersfriend.eu\/de\/wp-json\/wp\/v2\/product_tag?post=279482"}],"curies":[{"name":"wp","href":"https:\/\/api.w.org\/{rel}","templated":true}]}}