{"id":279481,"date":"2025-06-18T00:26:17","date_gmt":"2025-06-17T22:26:17","guid":{"rendered":"https:\/\/www.huntersfriend.eu\/product\/aufbewahrungsbeutel-fuer-alpines-bergsteigen\/"},"modified":"2025-08-14T13:23:49","modified_gmt":"2025-08-14T11:23:49","slug":"aufbewahrungsbeutel-fuer-alpines-bergsteigen","status":"publish","type":"product","link":"https:\/\/www.huntersfriend.eu\/de\/produkt\/aufbewahrungsbeutel-fuer-alpines-bergsteigen\/","title":{"rendered":"Aufbewahrungsbeutel f\u00fcr alpines Bergsteigen"},"content":{"rendered":"<p>Diese modische und kompakte Sling Bag bietet einen in zwei Positionen verstellbaren Tragegurt f\u00fcr ganzt\u00e4gigen Tragekomfort. Tragen Sie Ihre wichtigsten Alltagsgegenst\u00e4nde bequem in den drei Rei\u00dfverschlussf\u00e4chern und den zahlreichen Organisationsf\u00e4chern im Inneren. <\/p>\n<ul>\n<li>1010076 Sturmgrau<\/li>\n<\/ul>\n<ul>\n<li>Verstellbarer, mehrfach positionierbarer Gurtband<\/li>\n<li>Gro\u00dfes Hauptfach mit interner Sicherheitstasche mit Rei\u00dfverschluss, mehreren Organisationsf\u00e4chern\/-unterteilungen, inklusive Schl\u00fcsselclip<\/li>\n<li>Vordere Zubeh\u00f6rtasche (vollst\u00e4ndig gepolstert)<\/li>\n<li>Hintere Klappentasche<\/li>\n<li>Leichtes 200D Nylon-Doppelripstop-Gewebe<\/li>\n<li>Vielseitig und stilvoll, perfekt f\u00fcr den t\u00e4glichen Gebrauch<\/li>\n<li>Kann als G\u00fcrteltasche oder Crossbody getragen werden<\/li>\n<\/ul>\n<table>\n<tbody>\n<tr>\n<th scope=\"row\">Abmessungen<\/th>\n<td>16,5 cm H x 29,2 cm B x 8,9 cm T<\/td>\n<\/tr>\n<tr>\n<th scope=\"row\">Taillenumfang<\/th>\n<td>66 \u201e- 127\u201c<\/td>\n<\/tr>\n<tr>\n<th scope=\"row\">Gewicht<\/th>\n<td>8 oz.<\/td>\n<\/tr>\n<\/tbody>\n<\/table>\n","protected":false},"excerpt":{"rendered":"<p>Diese modische und kompakte Sling Bag bietet einen in zwei Positionen verstellbaren Tragegurt f\u00fcr ganzt\u00e4gigen Tragekomfort. Tragen Sie Ihre wichtigsten Alltagsgegenst\u00e4nde bequem in den drei Rei\u00dfverschlussf\u00e4chern und den zahlreichen Organisationsf\u00e4chern im Inneren. 1010076 Sturmgrau Verstellbarer, mehrfach positionierbarer Gurtband Gro\u00dfes Hauptfach mit interner Sicherheitstasche mit Rei\u00dfverschluss, mehreren Organisationsf\u00e4chern\/-unterteilungen, inklusive Schl\u00fcsselclip Vordere Zubeh\u00f6rtasche (vollst\u00e4ndig gepolstert) Hintere Klappentasche [&#8230;]\n","protected":false},"featured_media":284892,"comment_status":"open","ping_status":"closed","template":"","meta":[],"product_brand":[],"product_cat":[2043,1222],"product_tag":[],"class_list":{"0":"post-279481","1":"product","2":"type-product","3":"status-publish","4":"has-post-thumbnail","6":"product_cat-rucksacke","7":"product_cat-sonderangebote","9":"first","10":"instock","11":"sale","12":"taxable","13":"shipping-taxable","14":"purchasable","15":"product-type-simple"},"composite_virtual":false,"composite_layout":"","composite_add_to_cart_form_location":"","composite_editable_in_cart":false,"composite_sold_individually_context":"","composite_shop_price_calc":"","composite_components":[],"composite_scenarios":[],"group_of_quantity":0,"min_quantity":0,"max_quantity":"","exclude_order_quantity_value_rules":"no","exclude_category_quantity_rules":"no","combine_variations":"no","exclude_global_add_ons":[],"addons":[],"_links":{"self":[{"href":"https:\/\/www.huntersfriend.eu\/de\/wp-json\/wp\/v2\/product\/279481","targetHints":{"allow":["GET"]}}],"collection":[{"href":"https:\/\/www.huntersfriend.eu\/de\/wp-json\/wp\/v2\/product"}],"about":[{"href":"https:\/\/www.huntersfriend.eu\/de\/wp-json\/wp\/v2\/types\/product"}],"replies":[{"embeddable":true,"href":"https:\/\/www.huntersfriend.eu\/de\/wp-json\/wp\/v2\/comments?post=279481"}],"wp:featuredmedia":[{"embeddable":true,"href":"https:\/\/www.huntersfriend.eu\/de\/wp-json\/wp\/v2\/media\/284892"}],"wp:attachment":[{"href":"https:\/\/www.huntersfriend.eu\/de\/wp-json\/wp\/v2\/media?parent=279481"}],"wp:term":[{"taxonomy":"product_brand","embeddable":true,"href":"https:\/\/www.huntersfriend.eu\/de\/wp-json\/wp\/v2\/product_brand?post=279481"},{"taxonomy":"product_cat","embeddable":true,"href":"https:\/\/www.huntersfriend.eu\/de\/wp-json\/wp\/v2\/product_cat?post=279481"},{"taxonomy":"product_tag","embeddable":true,"href":"https:\/\/www.huntersfriend.eu\/de\/wp-json\/wp\/v2\/product_tag?post=279481"}],"curies":[{"name":"wp","href":"https:\/\/api.w.org\/{rel}","templated":true}]}}