{"id":279478,"date":"2025-06-18T00:26:18","date_gmt":"2025-06-17T22:26:18","guid":{"rendered":"https:\/\/www.huntersfriend.eu\/product\/alpen-bergsteigen-holztragegestell\/"},"modified":"2026-05-01T22:44:16","modified_gmt":"2026-05-01T20:44:16","slug":"alpen-bergsteigen-holztragegestell","status":"publish","type":"product","link":"https:\/\/www.huntersfriend.eu\/de\/produkt\/alpen-bergsteigen-holztragegestell\/","title":{"rendered":"Alpen Bergsteigen Brennholztr\u00e4ger"},"content":{"rendered":"<p>Das robuste und stilvolle Wachstuchmaterial bietet jahrelange Haltbarkeit und eine praktische und komfortable M\u00f6glichkeit, Ihr Brennholz zu transportieren. Die integrierte Axtscheide sorgt daf\u00fcr, dass sie griffbereit und gesch\u00fctzt ist. <\/p>\n<ul>\n<li>Das offene Design bietet Platz f\u00fcr Holzscheite und Anz\u00fcndholz unterschiedlicher Gr\u00f6\u00dfe<\/li>\n<li>Weiche, strapazierf\u00e4hige Tragegriffe<\/li>\n<li>Integrierte Aufbewahrungsh\u00fclle f\u00fcr die Axt<\/li>\n<li>Robustes und stilvolles Wachstuchmaterial<\/li>\n<\/ul>\n<table>\n<tbody>\n<tr>\n<th scope=\"row\">Abmessungen<\/th>\n<td>39 \u201eL x 18\u201c B<\/td>\n<\/tr>\n<tr>\n<th scope=\"row\">Gewicht<\/th>\n<td>1 lb. 4 oz. <\/td>\n<\/tr>\n<\/tbody>\n<\/table>\n","protected":false},"excerpt":{"rendered":"<p>Das robuste und stilvolle Wachstuchmaterial bietet jahrelange Haltbarkeit und eine praktische und komfortable M\u00f6glichkeit, Ihr Brennholz zu transportieren. Die integrierte Axtscheide sorgt daf\u00fcr, dass sie griffbereit und gesch\u00fctzt ist. Das offene Design bietet Platz f\u00fcr Holzscheite und Anz\u00fcndholz unterschiedlicher Gr\u00f6\u00dfe Weiche, strapazierf\u00e4hige Tragegriffe Integrierte Aufbewahrungsh\u00fclle f\u00fcr die Axt Robustes und stilvolles Wachstuchmaterial Abmessungen 39 \u201eL [&#8230;]\n","protected":false},"featured_media":284924,"comment_status":"open","ping_status":"closed","template":"","meta":[],"product_brand":[],"product_cat":[2050,2043],"product_tag":[],"class_list":{"0":"post-279478","1":"product","2":"type-product","3":"status-publish","4":"has-post-thumbnail","6":"product_cat-campingzubehor","7":"product_cat-rucksacke","9":"first","10":"instock","11":"taxable","12":"shipping-taxable","13":"purchasable","14":"product-type-simple"},"composite_virtual":false,"composite_layout":"","composite_add_to_cart_form_location":"","composite_editable_in_cart":false,"composite_sold_individually_context":"","composite_shop_price_calc":"","composite_components":[],"composite_scenarios":[],"group_of_quantity":0,"min_quantity":0,"max_quantity":"","exclude_order_quantity_value_rules":"no","exclude_category_quantity_rules":"no","combine_variations":"no","exclude_global_add_ons":[],"addons":[],"_links":{"self":[{"href":"https:\/\/www.huntersfriend.eu\/de\/wp-json\/wp\/v2\/product\/279478","targetHints":{"allow":["GET"]}}],"collection":[{"href":"https:\/\/www.huntersfriend.eu\/de\/wp-json\/wp\/v2\/product"}],"about":[{"href":"https:\/\/www.huntersfriend.eu\/de\/wp-json\/wp\/v2\/types\/product"}],"replies":[{"embeddable":true,"href":"https:\/\/www.huntersfriend.eu\/de\/wp-json\/wp\/v2\/comments?post=279478"}],"wp:featuredmedia":[{"embeddable":true,"href":"https:\/\/www.huntersfriend.eu\/de\/wp-json\/wp\/v2\/media\/284924"}],"wp:attachment":[{"href":"https:\/\/www.huntersfriend.eu\/de\/wp-json\/wp\/v2\/media?parent=279478"}],"wp:term":[{"taxonomy":"product_brand","embeddable":true,"href":"https:\/\/www.huntersfriend.eu\/de\/wp-json\/wp\/v2\/product_brand?post=279478"},{"taxonomy":"product_cat","embeddable":true,"href":"https:\/\/www.huntersfriend.eu\/de\/wp-json\/wp\/v2\/product_cat?post=279478"},{"taxonomy":"product_tag","embeddable":true,"href":"https:\/\/www.huntersfriend.eu\/de\/wp-json\/wp\/v2\/product_tag?post=279478"}],"curies":[{"name":"wp","href":"https:\/\/api.w.org\/{rel}","templated":true}]}}