{"id":279475,"date":"2025-06-18T00:26:20","date_gmt":"2025-06-17T22:26:20","guid":{"rendered":"https:\/\/www.huntersfriend.eu\/product\/alps-mountaineering-outback-makuualusta\/"},"modified":"2026-03-18T22:00:26","modified_gmt":"2026-03-18T20:00:26","slug":"alps-mountaineering-outback-makuualusta","status":"publish","type":"product","link":"https:\/\/www.huntersfriend.eu\/de\/produkt\/alps-mountaineering-outback-makuualusta\/","title":{"rendered":"Alps Mountaineering Outback Isomatte"},"content":{"rendered":"<p>Egal wo Sie sind, mit der Outback von ALPS Mountaineering werden Sie sich wie zu Hause in Ihrem eigenen Bett f\u00fchlen. Diese 10 cm dicke Luxus-Luftmatratze sorgt garantiert f\u00fcr einen bestm\u00f6glichen Schlaf. Wenn Sie die Vorteile einer Luftmatratze ohne den Aufwand von Luftpumpen und Kabeln suchen, sind Sie bei der Outback genau richtig! Sie m\u00fcssen sich keine Gedanken \u00fcber Handpumpen oder laute Elektropumpen machen \u2013 die Outback bl\u00e4st sich selbst auf. Das innovative Qwikflate-Ventil erm\u00f6glicht ein schnelles und einfaches Aufblasen. Wenn Sie die Matte nicht mehr ben\u00f6tigen, erm\u00f6glicht dasselbe Qwikflate-Ventil ein schnelles Zwei-Wege-Entl\u00fcften. Das vertikal gekernte Schaumstoffdesign erleichtert das Zusammenrollen und Verstauen der Matte und tr\u00e4gt gleichzeitig zur Minimierung des Gewichts bei. Die Verwendung von elastischem 30D-Gewebe auf der Oberseite sorgt f\u00fcr ein superweiches Gef\u00fchl, w\u00e4hrend ein 150D-Gewebeboden die Matte leicht zu reinigen und extrem haltbar macht. Ein Packsack und ein Reparaturset sind ebenfalls enthalten, was die Outback noch praktischer macht und f\u00fcr alle Ihre Pl\u00e4ne bereit ist!        <\/p>\n<ul>\n<li>Elastisches 30D-Obermaterial<\/li>\n<li>150D-Bodenmaterial<\/li>\n<li>R-Wert 8,9<\/li>\n<li>Das flache Qwikflate-Ventil erm\u00f6glicht ein schnelles Einweg-Aufblasen und ein einfaches Zwei-Wege-Entl\u00fcften<\/li>\n<li>Vertikal gekernter Schaumstoff f\u00fcr geringeres Gewicht und einfacheres Zusammenrollen<\/li>\n<li>Packsack und Reparaturset enthalten<\/li>\n<\/ul>\n<table>\n<tbody>\n<tr>\n<th colspan=\"2\" scope=\"col\">Gro\u00df<\/th>\n<\/tr>\n<tr>\n<th scope=\"row\">Abmessungen<\/th>\n<td>78&#8243; L x 27&#8243; B x 4&#8243; H<\/td>\n<\/tr>\n<tr>\n<th scope=\"row\">Packma\u00df<\/th>\n<td>28 \u201eL x 9\u201c T<\/td>\n<\/tr>\n<tr>\n<th scope=\"row\">Gewicht<\/th>\n<td>6 lbs. 9 oz. <\/td>\n<\/tr>\n<\/tbody>\n<\/table>\n","protected":false},"excerpt":{"rendered":"<p>Egal wo Sie sind, mit der Outback von ALPS Mountaineering werden Sie sich wie zu Hause in Ihrem eigenen Bett f\u00fchlen. Diese 10 cm dicke Luxus-Luftmatratze sorgt garantiert f\u00fcr einen bestm\u00f6glichen Schlaf. Wenn Sie die Vorteile einer Luftmatratze ohne den Aufwand von Luftpumpen und Kabeln suchen, sind Sie bei der Outback genau richtig! Sie m\u00fcssen [&#8230;]\n","protected":false},"featured_media":284767,"comment_status":"open","ping_status":"closed","template":"","meta":[],"product_brand":[],"product_cat":[2068],"product_tag":[],"class_list":{"0":"post-279475","1":"product","2":"type-product","3":"status-publish","4":"has-post-thumbnail","6":"product_cat-campingliegen-und-matten","8":"first","9":"instock","10":"sale","11":"taxable","12":"shipping-taxable","13":"purchasable","14":"product-type-simple"},"composite_virtual":false,"composite_layout":"","composite_add_to_cart_form_location":"","composite_editable_in_cart":false,"composite_sold_individually_context":"","composite_shop_price_calc":"","composite_components":[],"composite_scenarios":[],"group_of_quantity":0,"min_quantity":0,"max_quantity":"","exclude_order_quantity_value_rules":"no","exclude_category_quantity_rules":"no","combine_variations":"no","exclude_global_add_ons":[],"addons":[],"_links":{"self":[{"href":"https:\/\/www.huntersfriend.eu\/de\/wp-json\/wp\/v2\/product\/279475","targetHints":{"allow":["GET"]}}],"collection":[{"href":"https:\/\/www.huntersfriend.eu\/de\/wp-json\/wp\/v2\/product"}],"about":[{"href":"https:\/\/www.huntersfriend.eu\/de\/wp-json\/wp\/v2\/types\/product"}],"replies":[{"embeddable":true,"href":"https:\/\/www.huntersfriend.eu\/de\/wp-json\/wp\/v2\/comments?post=279475"}],"wp:featuredmedia":[{"embeddable":true,"href":"https:\/\/www.huntersfriend.eu\/de\/wp-json\/wp\/v2\/media\/284767"}],"wp:attachment":[{"href":"https:\/\/www.huntersfriend.eu\/de\/wp-json\/wp\/v2\/media?parent=279475"}],"wp:term":[{"taxonomy":"product_brand","embeddable":true,"href":"https:\/\/www.huntersfriend.eu\/de\/wp-json\/wp\/v2\/product_brand?post=279475"},{"taxonomy":"product_cat","embeddable":true,"href":"https:\/\/www.huntersfriend.eu\/de\/wp-json\/wp\/v2\/product_cat?post=279475"},{"taxonomy":"product_tag","embeddable":true,"href":"https:\/\/www.huntersfriend.eu\/de\/wp-json\/wp\/v2\/product_tag?post=279475"}],"curies":[{"name":"wp","href":"https:\/\/api.w.org\/{rel}","templated":true}]}}