{"id":279474,"date":"2025-06-18T00:26:19","date_gmt":"2025-06-17T22:26:19","guid":{"rendered":"https:\/\/www.huntersfriend.eu\/product\/alps-mountaineering-trailblazer-isoliert\/"},"modified":"2026-03-18T22:00:25","modified_gmt":"2026-03-18T20:00:25","slug":"alps-mountaineering-trailblazer-isoliert","status":"publish","type":"product","link":"https:\/\/www.huntersfriend.eu\/de\/produkt\/alps-mountaineering-trailblazer-isoliert\/","title":{"rendered":"Alps Mountaineering Trailblazer isolierte Isomatte"},"content":{"rendered":"<p>Mit einem erstaunlichen R-Wert von 8 bietet der Trailblazer eine noch gr\u00f6\u00dfere reflektierende W\u00e4rmegewinnung als die bereits gro\u00dfartige Pioneer Insulated Air Pad. Diese TPU-beschichtete 20D-Nylon-Luftmatratze verwendet mehrere Schichten reflektierender Folie, um die K\u00f6rperw\u00e4rme einzufangen und Ihre Campingsaison um Monate zu verl\u00e4ngern. Der mitgelieferte Packsack dient gleichzeitig als gro\u00dfvolumiger Pumpsack, um das Aufblasen zu erleichtern.  <\/p>\n<ul>\n<li>Recyceltes 20D-Nylon-Ripstop-Gewebe mit TPU, das Abfall vermeidet und die Produktion neuer Materialien reduziert<\/li>\n<li>Schichten interner Folie reflektieren die K\u00f6rperw\u00e4rme und bieten einen Isolationswert von R8<\/li>\n<li>Leicht und klein verpackbar im mitgelieferten Packsack, der gleichzeitig als gro\u00dfer Pumpsack dient<\/li>\n<li>R-Wert von 8<\/li>\n<li>Der mitgelieferte Packsack dient gleichzeitig als gro\u00dfer Pumpsack<\/li>\n<li>Leicht und klein verpackbar<\/li>\n<li>Das flache Ventil erm\u00f6glicht ein einfaches Aufblasen und Entleeren und passt auch gut zur <a href=\"https:\/\/alpsmountaineering.com\/nano-air-pump.html\">Nano-Luftpumpe<\/a><\/li>\n<li>Reparaturset enthalten<\/li>\n<\/ul>\n<table>\n<tbody>\n<tr>\n<th scope=\"row\">Abmessungen<\/th>\n<td>77&#8243; L x 25&#8243; B x 4&#8243; H<\/td>\n<\/tr>\n<tr>\n<th scope=\"row\">Verpackungsgr\u00f6\u00dfe<\/th>\n<td>8&#8243; L x 5,5&#8243; B x 5,5&#8243; H<\/td>\n<\/tr>\n<tr>\n<th scope=\"row\">Gewicht<\/th>\n<td>1 lb. 11 oz. <\/td>\n<\/tr>\n<tr>\n<th scope=\"row\">R-Wert<\/th>\n<td>8.0<\/td>\n<\/tr>\n<\/tbody>\n<\/table>\n","protected":false},"excerpt":{"rendered":"<p>Mit einem erstaunlichen R-Wert von 8 bietet der Trailblazer eine noch gr\u00f6\u00dfere reflektierende W\u00e4rmegewinnung als die bereits gro\u00dfartige Pioneer Insulated Air Pad. Diese TPU-beschichtete 20D-Nylon-Luftmatratze verwendet mehrere Schichten reflektierender Folie, um die K\u00f6rperw\u00e4rme einzufangen und Ihre Campingsaison um Monate zu verl\u00e4ngern. Der mitgelieferte Packsack dient gleichzeitig als gro\u00dfvolumiger Pumpsack, um das Aufblasen zu erleichtern. Recyceltes [&#8230;]\n","protected":false},"featured_media":284531,"comment_status":"open","ping_status":"closed","template":"","meta":[],"product_brand":[],"product_cat":[2068],"product_tag":[],"class_list":{"0":"post-279474","1":"product","2":"type-product","3":"status-publish","4":"has-post-thumbnail","6":"product_cat-campingliegen-und-matten","8":"first","9":"instock","10":"sale","11":"taxable","12":"shipping-taxable","13":"purchasable","14":"product-type-simple"},"composite_virtual":false,"composite_layout":"","composite_add_to_cart_form_location":"","composite_editable_in_cart":false,"composite_sold_individually_context":"","composite_shop_price_calc":"","composite_components":[],"composite_scenarios":[],"group_of_quantity":0,"min_quantity":0,"max_quantity":"","exclude_order_quantity_value_rules":"no","exclude_category_quantity_rules":"no","combine_variations":"no","exclude_global_add_ons":[],"addons":[],"_links":{"self":[{"href":"https:\/\/www.huntersfriend.eu\/de\/wp-json\/wp\/v2\/product\/279474","targetHints":{"allow":["GET"]}}],"collection":[{"href":"https:\/\/www.huntersfriend.eu\/de\/wp-json\/wp\/v2\/product"}],"about":[{"href":"https:\/\/www.huntersfriend.eu\/de\/wp-json\/wp\/v2\/types\/product"}],"replies":[{"embeddable":true,"href":"https:\/\/www.huntersfriend.eu\/de\/wp-json\/wp\/v2\/comments?post=279474"}],"wp:featuredmedia":[{"embeddable":true,"href":"https:\/\/www.huntersfriend.eu\/de\/wp-json\/wp\/v2\/media\/284531"}],"wp:attachment":[{"href":"https:\/\/www.huntersfriend.eu\/de\/wp-json\/wp\/v2\/media?parent=279474"}],"wp:term":[{"taxonomy":"product_brand","embeddable":true,"href":"https:\/\/www.huntersfriend.eu\/de\/wp-json\/wp\/v2\/product_brand?post=279474"},{"taxonomy":"product_cat","embeddable":true,"href":"https:\/\/www.huntersfriend.eu\/de\/wp-json\/wp\/v2\/product_cat?post=279474"},{"taxonomy":"product_tag","embeddable":true,"href":"https:\/\/www.huntersfriend.eu\/de\/wp-json\/wp\/v2\/product_tag?post=279474"}],"curies":[{"name":"wp","href":"https:\/\/api.w.org\/{rel}","templated":true}]}}