{"id":279472,"date":"2025-06-18T00:26:19","date_gmt":"2025-06-17T22:26:19","guid":{"rendered":"https:\/\/www.huntersfriend.eu\/product\/alps-mountaineering-vapor-16-trockensack\/"},"modified":"2025-11-19T10:43:30","modified_gmt":"2025-11-19T08:43:30","slug":"alps-mountaineering-vapor-16-trockensack","status":"publish","type":"product","link":"https:\/\/www.huntersfriend.eu\/de\/produkt\/alps-mountaineering-vapor-16-trockensack\/","title":{"rendered":"Alpen Bergsteigen Vapor 16 Dry Bag"},"content":{"rendered":"<p>Ben\u00f6tigen Sie einen leichten Rucksack, der wasserdichten Schutz bietet? Dann ist der Vapor 16 genau das Richtige f\u00fcr Sie. Er besteht aus 70D-Nylon-Ripstop-Material mit einem Rollverschluss, der dicht abschlie\u00dft, um das Wasser drau\u00dfen zu halten. Mit dem praktischen Tragegriff und den verstellbaren Schultergurten k\u00f6nnen Sie ihn auf Ihrer t\u00e4glichen Route oder bei einer kurzen Wanderung in die Wildnis mitnehmen.   <\/p>\n<ul>\n<li>Ultraleichter, wasserdichter Rucksack<\/li>\n<li>Sicherer Rollverschluss h\u00e4lt Wasser ab<\/li>\n<li>70D-Nylon-Ripstop mit wasserdichter Beschichtung<\/li>\n<li>Wasserdicht versiegelte N\u00e4hte<\/li>\n<li>Verstellbare Schultergurte<\/li>\n<li>Tragegriff<\/li>\n<\/ul>\n<table>\n<tbody>\n<tr>\n<th scope=\"row\">Fassungsverm\u00f6gen<\/th>\n<td>16 l \/ 976 in\u00b3<\/td>\n<\/tr>\n<tr>\n<th scope=\"row\">Abmessungen (nach 3 Rollen)<\/th>\n<td>48 cm H x 28 cm B x 13 cm T<\/td>\n<\/tr>\n<tr>\n<th scope=\"row\">Gewicht<\/th>\n<td>113 g<\/td>\n<\/tr>\n<\/tbody>\n<\/table>\n","protected":false},"excerpt":{"rendered":"<p>Ben\u00f6tigen Sie einen leichten Rucksack, der wasserdichten Schutz bietet? Dann ist der Vapor 16 genau das Richtige f\u00fcr Sie. Er besteht aus 70D-Nylon-Ripstop-Material mit einem Rollverschluss, der dicht abschlie\u00dft, um das Wasser drau\u00dfen zu halten. Mit dem praktischen Tragegriff und den verstellbaren Schultergurten k\u00f6nnen Sie ihn auf Ihrer t\u00e4glichen Route oder bei einer kurzen Wanderung [&#8230;]\n","protected":false},"featured_media":284490,"comment_status":"open","ping_status":"closed","template":"","meta":[],"product_brand":[],"product_cat":[2050],"product_tag":[],"class_list":{"0":"post-279472","1":"product","2":"type-product","3":"status-publish","4":"has-post-thumbnail","6":"product_cat-campingzubehor","8":"first","9":"instock","10":"sale","11":"taxable","12":"shipping-taxable","13":"purchasable","14":"product-type-simple"},"composite_virtual":false,"composite_layout":"","composite_add_to_cart_form_location":"","composite_editable_in_cart":false,"composite_sold_individually_context":"","composite_shop_price_calc":"","composite_components":[],"composite_scenarios":[],"group_of_quantity":0,"min_quantity":0,"max_quantity":"","exclude_order_quantity_value_rules":"no","exclude_category_quantity_rules":"no","combine_variations":"no","exclude_global_add_ons":[],"addons":[],"_links":{"self":[{"href":"https:\/\/www.huntersfriend.eu\/de\/wp-json\/wp\/v2\/product\/279472","targetHints":{"allow":["GET"]}}],"collection":[{"href":"https:\/\/www.huntersfriend.eu\/de\/wp-json\/wp\/v2\/product"}],"about":[{"href":"https:\/\/www.huntersfriend.eu\/de\/wp-json\/wp\/v2\/types\/product"}],"replies":[{"embeddable":true,"href":"https:\/\/www.huntersfriend.eu\/de\/wp-json\/wp\/v2\/comments?post=279472"}],"wp:featuredmedia":[{"embeddable":true,"href":"https:\/\/www.huntersfriend.eu\/de\/wp-json\/wp\/v2\/media\/284490"}],"wp:attachment":[{"href":"https:\/\/www.huntersfriend.eu\/de\/wp-json\/wp\/v2\/media?parent=279472"}],"wp:term":[{"taxonomy":"product_brand","embeddable":true,"href":"https:\/\/www.huntersfriend.eu\/de\/wp-json\/wp\/v2\/product_brand?post=279472"},{"taxonomy":"product_cat","embeddable":true,"href":"https:\/\/www.huntersfriend.eu\/de\/wp-json\/wp\/v2\/product_cat?post=279472"},{"taxonomy":"product_tag","embeddable":true,"href":"https:\/\/www.huntersfriend.eu\/de\/wp-json\/wp\/v2\/product_tag?post=279472"}],"curies":[{"name":"wp","href":"https:\/\/api.w.org\/{rel}","templated":true}]}}