{"id":279469,"date":"2025-06-18T00:26:19","date_gmt":"2025-06-17T22:26:19","guid":{"rendered":"https:\/\/www.huntersfriend.eu\/product\/alps-mountaineering-torrent-35-trockenrucksack\/"},"modified":"2025-08-07T13:32:10","modified_gmt":"2025-08-07T11:32:10","slug":"alps-mountaineering-torrent-35-trockenrucksack","status":"publish","type":"product","link":"https:\/\/www.huntersfriend.eu\/de\/produkt\/alps-mountaineering-torrent-35-trockenrucksack\/","title":{"rendered":"Alpen Bergsteigen Torrent 35 Dry Pack"},"content":{"rendered":"<p>Bezwingen Sie Ihr n\u00e4chstes, anspruchsvolles Outdoor-Abenteuer mit dem Torrent-Rucksack. Der Torrent wurde aus einem extra strapazierf\u00e4higen, wasserdichten, PVC-beschichteten 500D-Polyestermaterial gefertigt und bietet hervorragenden Schutz bei allen Arten von nassen Bedingungen. Ein sicherer Rollverschluss und starke, vollst\u00e4ndig verschwei\u00dfte N\u00e4hte sorgen daf\u00fcr, dass Ihre Ausr\u00fcstung vor Feuchtigkeit gesch\u00fctzt ist. Sie k\u00f6nnen sicher sein, dass Sie mit trockener Ausr\u00fcstung an Ihrem Ziel ankommen. Verstellbare Schultergurte erleichtern den Transport und Rollverschluss-Schnallen bieten einfache Befestigungspunkte f\u00fcr zus\u00e4tzliche Ausr\u00fcstung oder eine bequeme Methode zur Befestigung an Ihrem Wasserfahrzeug. Der Torrent-Rucksack ist mit einem ovalen, flachen Boden f\u00fcr selbstst\u00e4ndiges Stehen und einfachen Zugriff ausgestattet. Mit der Torrent-Serie in Ihrer wichtigsten Ausr\u00fcstungssammlung erwartet Sie Ihre n\u00e4chste Heldentat.      <\/p>\n<ul>\n<li>Rucksackgurte f\u00fcr einfachen Transport<\/li>\n<li>Praktischer Haltegriff<\/li>\n<li>Robustes, wasserdichtes 500D-Polyester-PVC-Material<\/li>\n<li>Die ovale, flache Unterseite verhindert das Wegrollen<\/li>\n<li>Sicherer Rollverschluss mit oberem Kompressionsriemen<\/li>\n<li>Starke, vollst\u00e4ndig verschwei\u00dfte N\u00e4hte<\/li>\n<li>Das wasserdichte Ventil l\u00e4sst eingeschlossene Luft entweichen, was die Komprimierung erleichtert und die Packgr\u00f6\u00dfe verringert<\/li>\n<li>Reparaturset enthalten<\/li>\n<\/ul>\n<table>\n<tbody>\n<tr>\n<th scope=\"row\">Fassungsverm\u00f6gen<\/th>\n<td>35 l \/ 2135 in\u00b3<\/td>\n<\/tr>\n<tr>\n<th scope=\"row\">Abmessungen (nach 3 Rollen)<\/th>\n<td>53 cm H x 33 cm B x 20 cm T<\/td>\n<\/tr>\n<tr>\n<th scope=\"row\">Gewicht<\/th>\n<td>595 g <\/td>\n<\/tr>\n<\/tbody>\n<\/table>\n","protected":false},"excerpt":{"rendered":"<p>Bezwingen Sie Ihr n\u00e4chstes, anspruchsvolles Outdoor-Abenteuer mit dem Torrent-Rucksack. Der Torrent wurde aus einem extra strapazierf\u00e4higen, wasserdichten, PVC-beschichteten 500D-Polyestermaterial gefertigt und bietet hervorragenden Schutz bei allen Arten von nassen Bedingungen. Ein sicherer Rollverschluss und starke, vollst\u00e4ndig verschwei\u00dfte N\u00e4hte sorgen daf\u00fcr, dass Ihre Ausr\u00fcstung vor Feuchtigkeit gesch\u00fctzt ist. Sie k\u00f6nnen sicher sein, dass Sie mit trockener [&#8230;]\n","protected":false},"featured_media":284563,"comment_status":"open","ping_status":"closed","template":"","meta":[],"product_brand":[],"product_cat":[2043],"product_tag":[],"class_list":{"0":"post-279469","1":"product","2":"type-product","3":"status-publish","4":"has-post-thumbnail","6":"product_cat-rucksacke","8":"first","9":"instock","10":"sale","11":"taxable","12":"shipping-taxable","13":"purchasable","14":"product-type-simple"},"composite_virtual":false,"composite_layout":"","composite_add_to_cart_form_location":"","composite_editable_in_cart":false,"composite_sold_individually_context":"","composite_shop_price_calc":"","composite_components":[],"composite_scenarios":[],"group_of_quantity":0,"min_quantity":0,"max_quantity":"","exclude_order_quantity_value_rules":"no","exclude_category_quantity_rules":"no","combine_variations":"no","exclude_global_add_ons":[],"addons":[],"_links":{"self":[{"href":"https:\/\/www.huntersfriend.eu\/de\/wp-json\/wp\/v2\/product\/279469","targetHints":{"allow":["GET"]}}],"collection":[{"href":"https:\/\/www.huntersfriend.eu\/de\/wp-json\/wp\/v2\/product"}],"about":[{"href":"https:\/\/www.huntersfriend.eu\/de\/wp-json\/wp\/v2\/types\/product"}],"replies":[{"embeddable":true,"href":"https:\/\/www.huntersfriend.eu\/de\/wp-json\/wp\/v2\/comments?post=279469"}],"wp:featuredmedia":[{"embeddable":true,"href":"https:\/\/www.huntersfriend.eu\/de\/wp-json\/wp\/v2\/media\/284563"}],"wp:attachment":[{"href":"https:\/\/www.huntersfriend.eu\/de\/wp-json\/wp\/v2\/media?parent=279469"}],"wp:term":[{"taxonomy":"product_brand","embeddable":true,"href":"https:\/\/www.huntersfriend.eu\/de\/wp-json\/wp\/v2\/product_brand?post=279469"},{"taxonomy":"product_cat","embeddable":true,"href":"https:\/\/www.huntersfriend.eu\/de\/wp-json\/wp\/v2\/product_cat?post=279469"},{"taxonomy":"product_tag","embeddable":true,"href":"https:\/\/www.huntersfriend.eu\/de\/wp-json\/wp\/v2\/product_tag?post=279469"}],"curies":[{"name":"wp","href":"https:\/\/api.w.org\/{rel}","templated":true}]}}