{"id":279467,"date":"2025-06-18T00:26:21","date_gmt":"2025-06-17T22:26:21","guid":{"rendered":"https:\/\/www.huntersfriend.eu\/product\/alps-mountaineering-dayventure-decke\/"},"modified":"2025-08-14T12:37:33","modified_gmt":"2025-08-14T10:37:33","slug":"alps-mountaineering-dayventure-decke","status":"publish","type":"product","link":"https:\/\/www.huntersfriend.eu\/de\/produkt\/alps-mountaineering-dayventure-decke\/","title":{"rendered":"Alps Mountaineering Dayventure Decke"},"content":{"rendered":"<p>Die wasserdichte Dayventure-Decke ist ein unverzichtbares Teil f\u00fcr jede Familie \u2013 Sie werden nicht mehr ohne sie aus dem Haus gehen wollen! Die vielseitige Decke bietet Komfort und Schutz unterwegs. Eine superweiche, wasserabweisende Fleece-Oberseite bietet eine kuschelige Oberfl\u00e4che zum Sitzen oder eine warme H\u00fclle an einem k\u00fchlen oder regnerischen Tag. Der strapazierf\u00e4hige Nylonboden mit wasserdichter Innenmembran sch\u00fctzt vor Feuchtigkeit. Ob Sie ein Familienpicknick machen oder ein Konzert im Park besuchen, die wasserdichte Membran bildet eine Barriere zwischen Ihnen und dem feuchten Untergrund. Wenn Sie sich bei einer Sportveranstaltung befinden und das Wetter sich verschlechtert, wickeln Sie die Dayventure um sich, um sich warm und trocken zu halten. Die praktischen Anwendungsm\u00f6glichkeiten sind endlos. An jeder Ecke befinden sich praktische Abspannschlaufen und ein Packsack f\u00fcr einfachen Transport und Lagerung. F\u00fcr den Innen- und Au\u00dfenbereich. Maschinenw\u00e4sche. Auf der Leine trocknen.          <\/p>\n<ul>\n<li>Superweiche, wasserabweisende Fleece-Oberseite bietet Komfort und Schutz unterwegs<\/li>\n<li>Strapazierf\u00e4higer Nylonboden mit wasserdichter Innenmembran sch\u00fctzt vor Feuchtigkeit<\/li>\n<li>F\u00fcr den Innen- und Au\u00dfenbereich<\/li>\n<li>Praktische Abspannschlaufen an jeder Ecke<\/li>\n<li>Packsack f\u00fcr einfache Lagerung und Transport im Lieferumfang enthalten<\/li>\n<\/ul>\n<table>\n<tbody>\n<tr>\n<th scope=\"row\">Abmessungen<\/th>\n<td>80 \u201eL x 58\u201c B<\/td>\n<\/tr>\n<tr>\n<th scope=\"row\">Verpackungsgr\u00f6\u00dfe<\/th>\n<td>12 \u201eL x 6\u201c T<\/td>\n<\/tr>\n<tr>\n<th scope=\"row\">Gewicht<\/th>\n<td>2 lbs. 3 oz. <\/td>\n<\/tr>\n<\/tbody>\n<\/table>\n","protected":false},"excerpt":{"rendered":"<p>Die wasserdichte Dayventure-Decke ist ein unverzichtbares Teil f\u00fcr jede Familie \u2013 Sie werden nicht mehr ohne sie aus dem Haus gehen wollen! Die vielseitige Decke bietet Komfort und Schutz unterwegs. Eine superweiche, wasserabweisende Fleece-Oberseite bietet eine kuschelige Oberfl\u00e4che zum Sitzen oder eine warme H\u00fclle an einem k\u00fchlen oder regnerischen Tag. Der strapazierf\u00e4hige Nylonboden mit wasserdichter [&#8230;]\n","protected":false},"featured_media":284813,"comment_status":"open","ping_status":"closed","template":"","meta":[],"product_brand":[],"product_cat":[2050,2115,2049],"product_tag":[],"class_list":{"0":"post-279467","1":"product","2":"type-product","3":"status-publish","4":"has-post-thumbnail","6":"product_cat-campingzubehor","7":"product_cat-planen","8":"product_cat-schlafsacke","10":"first","11":"instock","12":"sale","13":"taxable","14":"shipping-taxable","15":"purchasable","16":"product-type-simple"},"composite_virtual":false,"composite_layout":"","composite_add_to_cart_form_location":"","composite_editable_in_cart":false,"composite_sold_individually_context":"","composite_shop_price_calc":"","composite_components":[],"composite_scenarios":[],"group_of_quantity":0,"min_quantity":0,"max_quantity":"","exclude_order_quantity_value_rules":"no","exclude_category_quantity_rules":"no","combine_variations":"no","exclude_global_add_ons":[],"addons":[],"_links":{"self":[{"href":"https:\/\/www.huntersfriend.eu\/de\/wp-json\/wp\/v2\/product\/279467","targetHints":{"allow":["GET"]}}],"collection":[{"href":"https:\/\/www.huntersfriend.eu\/de\/wp-json\/wp\/v2\/product"}],"about":[{"href":"https:\/\/www.huntersfriend.eu\/de\/wp-json\/wp\/v2\/types\/product"}],"replies":[{"embeddable":true,"href":"https:\/\/www.huntersfriend.eu\/de\/wp-json\/wp\/v2\/comments?post=279467"}],"wp:featuredmedia":[{"embeddable":true,"href":"https:\/\/www.huntersfriend.eu\/de\/wp-json\/wp\/v2\/media\/284813"}],"wp:attachment":[{"href":"https:\/\/www.huntersfriend.eu\/de\/wp-json\/wp\/v2\/media?parent=279467"}],"wp:term":[{"taxonomy":"product_brand","embeddable":true,"href":"https:\/\/www.huntersfriend.eu\/de\/wp-json\/wp\/v2\/product_brand?post=279467"},{"taxonomy":"product_cat","embeddable":true,"href":"https:\/\/www.huntersfriend.eu\/de\/wp-json\/wp\/v2\/product_cat?post=279467"},{"taxonomy":"product_tag","embeddable":true,"href":"https:\/\/www.huntersfriend.eu\/de\/wp-json\/wp\/v2\/product_tag?post=279467"}],"curies":[{"name":"wp","href":"https:\/\/api.w.org\/{rel}","templated":true}]}}