{"id":279464,"date":"2025-06-18T00:36:10","date_gmt":"2025-06-17T22:36:10","guid":{"rendered":"https:\/\/www.huntersfriend.eu\/product\/alps-mountaineering-inlett-fuer-schlafsaecke\/"},"modified":"2026-05-01T22:44:14","modified_gmt":"2026-05-01T20:44:14","slug":"alps-mountaineering-inlett-fuer-schlafsaecke","status":"publish","type":"product","link":"https:\/\/www.huntersfriend.eu\/de\/produkt\/alps-mountaineering-inlett-fuer-schlafsaecke\/","title":{"rendered":"Rechteckiger Schlafsack-Innenschlafsack f\u00fcr das Bergsteigen in den Alpen"},"content":{"rendered":"<p>Das Hinzuf\u00fcgen eines Innenschlafsacks zu Ihrem Schlafsack erh\u00f6ht die W\u00e4rme, den Komfort und die Sauberkeit bei Ihren Campingausfl\u00fcgen. Innenschlafs\u00e4cke bilden eine weiche, gem\u00fctliche Barriere zwischen Ihnen und Ihrem Schlafsack, helfen bei der Regulierung der Temperatur und halten das Innere sauber, indem sie den direkten Kontakt mit Schwei\u00df und Schmutz reduzieren. Sie sind leicht zu waschen, was bedeutet, dass Ihr Schlafsack seltener gereinigt werden muss, was letztendlich seine Lebensdauer verl\u00e4ngert. Au\u00dferdem k\u00f6nnen sie bei w\u00e4rmerem Wetter auch alleine f\u00fcr leichte Vielseitigkeit verwendet werden.   <\/p>\n<ul>\n<li>Optionen aus geb\u00fcrstetem Polyester oder Poly-Baumwolle<\/li>\n<li>#5 Trennrei\u00dfverschl\u00fcsse<\/li>\n<li>Standard-Packsack<\/li>\n<\/ul>\n<table>\n<tbody>\n<tr>\n<th scope=\"row\">Abmessungen<\/th>\n<td>80 \u201eL x 33\u201c B<\/td>\n<\/tr>\n<tr>\n<th scope=\"row\">Gewicht<\/th>\n<td>595 g <\/td>\n<\/tr>\n<tr>\n<th scope=\"row\">Packma\u00df<\/th>\n<td>8 \u201eL x 3.5\u201c T<\/td>\n<\/tr>\n<\/tbody>\n<\/table>\n","protected":false},"excerpt":{"rendered":"<p>Das Hinzuf\u00fcgen eines Innenschlafsacks zu Ihrem Schlafsack erh\u00f6ht die W\u00e4rme, den Komfort und die Sauberkeit bei Ihren Campingausfl\u00fcgen. Innenschlafs\u00e4cke bilden eine weiche, gem\u00fctliche Barriere zwischen Ihnen und Ihrem Schlafsack, helfen bei der Regulierung der Temperatur und halten das Innere sauber, indem sie den direkten Kontakt mit Schwei\u00df und Schmutz reduzieren. Sie sind leicht zu waschen, [&#8230;]\n","protected":false},"featured_media":284803,"comment_status":"open","ping_status":"closed","template":"","meta":[],"product_brand":[],"product_cat":[2049],"product_tag":[],"class_list":{"0":"post-279464","1":"product","2":"type-product","3":"status-publish","4":"has-post-thumbnail","6":"product_cat-schlafsacke","8":"first","9":"instock","10":"taxable","11":"shipping-taxable","12":"purchasable","13":"product-type-simple"},"composite_virtual":false,"composite_layout":"","composite_add_to_cart_form_location":"","composite_editable_in_cart":false,"composite_sold_individually_context":"","composite_shop_price_calc":"","composite_components":[],"composite_scenarios":[],"group_of_quantity":0,"min_quantity":0,"max_quantity":"","exclude_order_quantity_value_rules":"no","exclude_category_quantity_rules":"no","combine_variations":"no","exclude_global_add_ons":[],"addons":[],"_links":{"self":[{"href":"https:\/\/www.huntersfriend.eu\/de\/wp-json\/wp\/v2\/product\/279464","targetHints":{"allow":["GET"]}}],"collection":[{"href":"https:\/\/www.huntersfriend.eu\/de\/wp-json\/wp\/v2\/product"}],"about":[{"href":"https:\/\/www.huntersfriend.eu\/de\/wp-json\/wp\/v2\/types\/product"}],"replies":[{"embeddable":true,"href":"https:\/\/www.huntersfriend.eu\/de\/wp-json\/wp\/v2\/comments?post=279464"}],"wp:featuredmedia":[{"embeddable":true,"href":"https:\/\/www.huntersfriend.eu\/de\/wp-json\/wp\/v2\/media\/284803"}],"wp:attachment":[{"href":"https:\/\/www.huntersfriend.eu\/de\/wp-json\/wp\/v2\/media?parent=279464"}],"wp:term":[{"taxonomy":"product_brand","embeddable":true,"href":"https:\/\/www.huntersfriend.eu\/de\/wp-json\/wp\/v2\/product_brand?post=279464"},{"taxonomy":"product_cat","embeddable":true,"href":"https:\/\/www.huntersfriend.eu\/de\/wp-json\/wp\/v2\/product_cat?post=279464"},{"taxonomy":"product_tag","embeddable":true,"href":"https:\/\/www.huntersfriend.eu\/de\/wp-json\/wp\/v2\/product_tag?post=279464"}],"curies":[{"name":"wp","href":"https:\/\/api.w.org\/{rel}","templated":true}]}}